{"id":15683,"date":"2024-07-13T17:41:35","date_gmt":"2024-07-13T17:41:35","guid":{"rendered":"http:\/\/compunegocios.com.pe\/index.php\/product\/gamepad-logitech-f310-usb-pn-940-000110\/"},"modified":"2025-08-27T16:32:37","modified_gmt":"2025-08-27T16:32:37","slug":"gamepad-logitech-f310-usb-pn-940-000110","status":"publish","type":"product","link":"https:\/\/tmp.compunegocios.com.pe\/index.php\/product\/gamepad-logitech-f310-usb-pn-940-000110\/","title":{"rendered":"GAMEPAD LOGITECH F310 USB (PN: 940-000110)"},"content":{"rendered":"<p>GAMEPAD LOGITECH F310 USB (PN: 940-000110)<\/p>\n<p>Mando de direcci\u00f3n con cuatro interruptores para disponer de un control preciso y la t\u00edpica distribuci\u00f3n de consola. Plug and Play en PC.<br \/>\nCable: 1,8 metros<br \/>\nDistribuci\u00f3n: Tipo consola<br \/>\nMando de direcci\u00f3n: 4 conmutadores<\/p>\n","protected":false},"excerpt":{"rendered":"<p>&#8211;<\/p>\n","protected":false},"featured_media":15881,"template":"","meta":[],"pwb-brand":[],"product_brand":[],"product_cat":[243],"product_tag":[],"class_list":{"0":"post-15683","1":"product","2":"type-product","3":"status-publish","4":"has-post-thumbnail","6":"product_cat-243","8":"first","9":"instock","10":"taxable","11":"shipping-taxable","12":"purchasable","13":"product-type-simple"},"brands":[],"_links":{"self":[{"href":"https:\/\/tmp.compunegocios.com.pe\/index.php\/wp-json\/wp\/v2\/product\/15683","targetHints":{"allow":["GET"]}}],"collection":[{"href":"https:\/\/tmp.compunegocios.com.pe\/index.php\/wp-json\/wp\/v2\/product"}],"about":[{"href":"https:\/\/tmp.compunegocios.com.pe\/index.php\/wp-json\/wp\/v2\/types\/product"}],"wp:featuredmedia":[{"embeddable":true,"href":"https:\/\/tmp.compunegocios.com.pe\/index.php\/wp-json\/wp\/v2\/media\/15881"}],"wp:attachment":[{"href":"https:\/\/tmp.compunegocios.com.pe\/index.php\/wp-json\/wp\/v2\/media?parent=15683"}],"wp:term":[{"taxonomy":"pwb-brand","embeddable":true,"href":"https:\/\/tmp.compunegocios.com.pe\/index.php\/wp-json\/wp\/v2\/pwb-brand?post=15683"},{"taxonomy":"product_brand","embeddable":true,"href":"https:\/\/tmp.compunegocios.com.pe\/index.php\/wp-json\/wp\/v2\/product_brand?post=15683"},{"taxonomy":"product_cat","embeddable":true,"href":"https:\/\/tmp.compunegocios.com.pe\/index.php\/wp-json\/wp\/v2\/product_cat?post=15683"},{"taxonomy":"product_tag","embeddable":true,"href":"https:\/\/tmp.compunegocios.com.pe\/index.php\/wp-json\/wp\/v2\/product_tag?post=15683"}],"curies":[{"name":"wp","href":"https:\/\/api.w.org\/{rel}","templated":true}]}}