{"id":15914,"date":"2024-07-16T17:38:13","date_gmt":"2024-07-16T17:38:13","guid":{"rendered":"http:\/\/compunegocios.com.pe\/index.php\/product\/laptop-asus-tuf-gaming-fx507vu-lp180-i7-13620h-geforce-rtx-4050-ram-16gb-ssd-1tb-15-6-fhd\/"},"modified":"2025-08-19T16:19:47","modified_gmt":"2025-08-19T16:19:47","slug":"laptop-asus-tuf-gaming-fx507vu-lp180-i7-13620h-geforce-rtx-4050-ram-16gb-ssd-1tb-15-6-fhd","status":"publish","type":"product","link":"https:\/\/tmp.compunegocios.com.pe\/index.php\/product\/laptop-asus-tuf-gaming-fx507vu-lp180-i7-13620h-geforce-rtx-4050-ram-16gb-ssd-1tb-15-6-fhd\/","title":{"rendered":"LAPTOP ASUS TUF GAMING FX507VU-LP180 I7-13620H GeForce RTX\u2122 4050 RAM 16GB SSD 1TB 15.6 FHD"},"content":{"rendered":"<p>LAPTOP ASUS TUF GAMING FX507VU-LP180 I7-13620H GeForce RTX\u2122 4050 RAM 16GB SSD 1TB 15.6 FHD<\/p>\n<p>Procesador: Core i7-13620H<br \/>\nMemoria: 16 GB DDR5-4800<br \/>\nAlmacenamiento: SSD 1 TB<br \/>\nPantalla: 15,6 pulgadas FHD<br \/>\nTarjeta de v\u00eddeo: GeForce RTX\u2122 4050 6GB<br \/>\nSistema operativo: sin sistema operativo<\/p>\n<p>Gr\u00e1ficos: GPU para computadora port\u00e1til NVIDIA\u00ae GeForce RTX\u2122 4050, 2420 MHz* a 140 W (reloj de impulso de 2370 MHz + OC de 50 MHz, impulso din\u00e1mico de 115 W + 25 W), GDDR6 de 6 GB<br \/>\nPantalla: 15,6 pulgadas, FHD (1920 x 1080) 16:9, valor de panel IPS (conmutaci\u00f3n en plano), pantalla mate, &#8211; sRGB: 100%, &#8211; Adobe: 75,35%, frecuencia de actualizaci\u00f3n: 144 Hz, G-Sync, MUX Switch + Optimus avanzado NVIDIA\u00ae<br \/>\nMemoria: 16 GB DDR5-4800 SO-DIMM, Capacidad m\u00e1xima: 32 GB, Admite memoria de doble canal<br \/>\nalmacenamiento\tSSD PCIe\u00ae 4.0 NVMe\u2122 M.2 de 1 TB<br \/>\nPuertos de E\/S\t1 conector de audio combinado de 3,5 mm<br \/>\n&#8211; 1 HDMI 2.1 FRL<br \/>\n&#8211; 2 USB 3.2 de 1.\u00aa generaci\u00f3n tipo A<br \/>\n&#8211; 1 puerto USB 3.2 de 2.\u00aa generaci\u00f3n tipo C compatible con conector DisplayPort\/cable de carga Power Delivery\/conector G-SYNC<br \/>\n&#8211; 1 puerto LAN RJ45<br \/>\n&#8211; 1 Thunderbolt\u2122 4 compatible con DisplayPort \u2122<br \/>\nTeclado y panel t\u00e1ctil: Teclado estilo isla con panel t\u00e1ctil retroiluminado RGB<br \/>\nC\u00e1mara HD de 720 p\u00edxeles<br \/>\nAudio<br \/>\n&#8211; Sistema de sonido Dolby Atmos<br \/>\n&#8211; Tecnolog\u00eda de cancelaci\u00f3n de ruido AI para micr\u00f3fono<br \/>\n&#8211; Certificaci\u00f3n de alta resoluci\u00f3n<br \/>\n&#8211; Compatible con Microsoft Cortana de campo cercano\/campo lejano<br \/>\n&#8211; Micr\u00f3fono de matriz incorporado<br \/>\n&#8211; Altavoz de 2 x 2 W<br \/>\nRed y conectividad\tWi-Fi 6(802.11ax) + Bluetooth 5.1 (doble banda) 2*2; (*La versi\u00f3n de BT puede cambiar despu\u00e9s de las actualizaciones del sistema)<br \/>\n &#8211; Wi-Fi 6(802.11ax) (banda dual) 2*2 + Tarjeta inal\u00e1mbrica Bluetooth\u00ae 5.1 (*La versi\u00f3n de Bluetooth\u00ae puede cambiar seg\u00fan la versi\u00f3n del sistema operativo.)<br \/>\nBater\u00eda\t90 vatios-hora, 4S1P, 4 celdas de iones de litio<br \/>\nAdaptador de CA \u00f86.0, 240W, Entrada: 100~240C CA 50\/60Hz universal, Salida: 20V CC, 12A, 240W<br \/>\nSINCRONIZACI\u00d3N DEL AURA: S\u00ed<br \/>\nSeguridad\tContrase\u00f1a de administrador del BIOS y contrase\u00f1a de usuario del m\u00f3dulo de plataforma segura<br \/>\n&#8211; Kensington Security Slot\u2122<br \/>\n&#8211; (firmware TPM)<br \/>\nSistema operativo: Sin sistema operativo<\/p>\n","protected":false},"excerpt":{"rendered":"<p>&#8211;<\/p>\n","protected":false},"featured_media":16214,"template":"","meta":[],"pwb-brand":[339,338,342],"product_brand":[],"product_cat":[23],"product_tag":[],"class_list":{"0":"post-15914","1":"product","2":"type-product","3":"status-publish","4":"has-post-thumbnail","6":"pwb-brand-asus","7":"pwb-brand-intel","8":"pwb-brand-nvidia-rtx","9":"product_cat-23","11":"first","12":"outofstock","13":"taxable","14":"shipping-taxable","15":"purchasable","16":"product-type-simple"},"brands":[{"id":339,"name":"Asus","slug":"asus"},{"id":338,"name":"Intel","slug":"intel"},{"id":342,"name":"Nvidia RTX","slug":"nvidia-rtx"}],"_links":{"self":[{"href":"https:\/\/tmp.compunegocios.com.pe\/index.php\/wp-json\/wp\/v2\/product\/15914","targetHints":{"allow":["GET"]}}],"collection":[{"href":"https:\/\/tmp.compunegocios.com.pe\/index.php\/wp-json\/wp\/v2\/product"}],"about":[{"href":"https:\/\/tmp.compunegocios.com.pe\/index.php\/wp-json\/wp\/v2\/types\/product"}],"wp:featuredmedia":[{"embeddable":true,"href":"https:\/\/tmp.compunegocios.com.pe\/index.php\/wp-json\/wp\/v2\/media\/16214"}],"wp:attachment":[{"href":"https:\/\/tmp.compunegocios.com.pe\/index.php\/wp-json\/wp\/v2\/media?parent=15914"}],"wp:term":[{"taxonomy":"pwb-brand","embeddable":true,"href":"https:\/\/tmp.compunegocios.com.pe\/index.php\/wp-json\/wp\/v2\/pwb-brand?post=15914"},{"taxonomy":"product_brand","embeddable":true,"href":"https:\/\/tmp.compunegocios.com.pe\/index.php\/wp-json\/wp\/v2\/product_brand?post=15914"},{"taxonomy":"product_cat","embeddable":true,"href":"https:\/\/tmp.compunegocios.com.pe\/index.php\/wp-json\/wp\/v2\/product_cat?post=15914"},{"taxonomy":"product_tag","embeddable":true,"href":"https:\/\/tmp.compunegocios.com.pe\/index.php\/wp-json\/wp\/v2\/product_tag?post=15914"}],"curies":[{"name":"wp","href":"https:\/\/api.w.org\/{rel}","templated":true}]}}