{"id":16,"date":"2023-11-11T12:14:26","date_gmt":"2023-11-11T12:14:26","guid":{"rendered":"http:\/\/compunegocios.com.pe\/index.php\/product\/impresora-epson-multifuncional-l4260\/"},"modified":"2025-09-26T00:08:21","modified_gmt":"2025-09-26T00:08:21","slug":"impresora-epson-multifuncional-l4260","status":"publish","type":"product","link":"https:\/\/tmp.compunegocios.com.pe\/index.php\/product\/impresora-epson-multifuncional-l4260\/","title":{"rendered":"IMPRESORA EPSON MULTIFUNCIONAL L4260"},"content":{"rendered":"<p>Multifuncional de tinta Epson L4260, USB de alta velocidad (compatible con USB 2.0)<br \/>\nTecnolog\u00eda de impresi\u00f3n: Inyecci\u00f3n de tinta Heat-Free Micro Piezo de 4 colores (CMYK) \/ Resoluci\u00f3n m\u00e1xima de impresi\u00f3n: Hasta 5760 x 1440 dpi de resoluci\u00f3n optimizada en varios tipos de papel\/ Velocidad de impresi\u00f3n m\u00e1xima: Negro 33 ppm y color 15 ppm (borrador, A4\/carta) \/ Tipo de esc\u00e1ner: Cama plana con sensor de l\u00edneas CIS de color \/ Resoluci\u00f3n \u00f3ptica\/maximo: 1.200 x 2.400 dpi \/ Resoluci\u00f3n m\u00e1xima de copiado: 300 x 600 dpi \/ Capacidad de carga: Alimentaci\u00f3n trasera: hasta 100 hojas (A4\/LTR\/Carta) \/ Conectividad est\u00e1ndar: USB de alta velocidad (compatible con USB 2.0), Wi-Fi 4 (IEEE 802.11 b\/g\/n) \/ Tensi\u00f3n y frecuencia nominal: AC 100-240V \/ 50-60Hz \/ Dimensiones: 37.5 x 56.7 x 25.9 cm.<\/p>\n","protected":false},"excerpt":{"rendered":"<p>&#8211;<\/p>\n","protected":false},"featured_media":1346,"template":"","meta":[],"pwb-brand":[333],"product_brand":[],"product_cat":[205],"product_tag":[],"class_list":{"0":"post-16","1":"product","2":"type-product","3":"status-publish","4":"has-post-thumbnail","6":"pwb-brand-epson","7":"product_cat-205","9":"first","10":"instock","11":"taxable","12":"shipping-taxable","13":"purchasable","14":"product-type-simple"},"brands":[{"id":333,"name":"Epson","slug":"epson"}],"_links":{"self":[{"href":"https:\/\/tmp.compunegocios.com.pe\/index.php\/wp-json\/wp\/v2\/product\/16","targetHints":{"allow":["GET"]}}],"collection":[{"href":"https:\/\/tmp.compunegocios.com.pe\/index.php\/wp-json\/wp\/v2\/product"}],"about":[{"href":"https:\/\/tmp.compunegocios.com.pe\/index.php\/wp-json\/wp\/v2\/types\/product"}],"wp:featuredmedia":[{"embeddable":true,"href":"https:\/\/tmp.compunegocios.com.pe\/index.php\/wp-json\/wp\/v2\/media\/1346"}],"wp:attachment":[{"href":"https:\/\/tmp.compunegocios.com.pe\/index.php\/wp-json\/wp\/v2\/media?parent=16"}],"wp:term":[{"taxonomy":"pwb-brand","embeddable":true,"href":"https:\/\/tmp.compunegocios.com.pe\/index.php\/wp-json\/wp\/v2\/pwb-brand?post=16"},{"taxonomy":"product_brand","embeddable":true,"href":"https:\/\/tmp.compunegocios.com.pe\/index.php\/wp-json\/wp\/v2\/product_brand?post=16"},{"taxonomy":"product_cat","embeddable":true,"href":"https:\/\/tmp.compunegocios.com.pe\/index.php\/wp-json\/wp\/v2\/product_cat?post=16"},{"taxonomy":"product_tag","embeddable":true,"href":"https:\/\/tmp.compunegocios.com.pe\/index.php\/wp-json\/wp\/v2\/product_tag?post=16"}],"curies":[{"name":"wp","href":"https:\/\/api.w.org\/{rel}","templated":true}]}}