{"id":16070,"date":"2024-07-19T00:51:55","date_gmt":"2024-07-19T00:51:55","guid":{"rendered":"http:\/\/compunegocios.com.pe\/index.php\/product\/mouse-logitech-signature-m650-black-inalambrico-bluetooth-pn-910-006250\/"},"modified":"2025-08-19T16:20:33","modified_gmt":"2025-08-19T16:20:33","slug":"mouse-logitech-signature-m650-black-inalambrico-bluetooth-pn-910-006250","status":"publish","type":"product","link":"https:\/\/tmp.compunegocios.com.pe\/index.php\/product\/mouse-logitech-signature-m650-black-inalambrico-bluetooth-pn-910-006250\/","title":{"rendered":"MOUSE LOGITECH SIGNATURE M650 BLACK INALAMBRICO BLUETOOTH (PN: 910-006250)"},"content":{"rendered":"<p>MOUSE LOGITECH SIGNATURE M650 BLACK INALAMBRICO BLUETOOTH (PN: 910-006250)<\/p>\n<p>Tecnolog\u00eda de sensor: Seguimiento \u00f3ptico avanzado de Logitech<br \/>\nValor nominal: 400 dpi<br \/>\nValor m\u00e1ximo: Hasta 4000<br \/>\nN\u00famero de botones: 5 (click izquierdo\/derecho, retroceso\/avance, bot\u00f3n rueda con click de bot\u00f3n central)<br \/>\nCompatibilidad con Logi Options+ para Windows y macOS 1Disponible para Windows y macOS en logitech.com\/optionsplus<br \/>\nTipo de bater\u00eda: 1 bater\u00eda AA (incluida)<br \/>\nDuraci\u00f3n de bater\u00edas con receptor USB Logi Bolt: hasta 24 meses 2Depende del uso y del equipo.<br \/>\nDuraci\u00f3n de bater\u00edas con Bluetooth\u00ae: hasta 20 meses 3Depende del uso y del equipo.<br \/>\nTipo de conexi\u00f3n: Receptor USB Logi Bolt<br \/>\nTecnolog\u00eda Bluetooth de bajo consumo<br \/>\nRadio de acci\u00f3n inal\u00e1mbrico: Radio de acci\u00f3n inal\u00e1mbrico de 10 m 4El radio de acci\u00f3n inal\u00e1mbrico depende del entorno operativo y de la configuraci\u00f3n de dispositivos<\/p>\n","protected":false},"excerpt":{"rendered":"<p>&#8211;<\/p>\n","protected":false},"featured_media":16379,"template":"","meta":[],"pwb-brand":[],"product_brand":[],"product_cat":[193],"product_tag":[],"class_list":{"0":"post-16070","1":"product","2":"type-product","3":"status-publish","4":"has-post-thumbnail","6":"product_cat-193","8":"first","9":"instock","10":"taxable","11":"shipping-taxable","12":"purchasable","13":"product-type-simple"},"brands":[],"_links":{"self":[{"href":"https:\/\/tmp.compunegocios.com.pe\/index.php\/wp-json\/wp\/v2\/product\/16070","targetHints":{"allow":["GET"]}}],"collection":[{"href":"https:\/\/tmp.compunegocios.com.pe\/index.php\/wp-json\/wp\/v2\/product"}],"about":[{"href":"https:\/\/tmp.compunegocios.com.pe\/index.php\/wp-json\/wp\/v2\/types\/product"}],"wp:featuredmedia":[{"embeddable":true,"href":"https:\/\/tmp.compunegocios.com.pe\/index.php\/wp-json\/wp\/v2\/media\/16379"}],"wp:attachment":[{"href":"https:\/\/tmp.compunegocios.com.pe\/index.php\/wp-json\/wp\/v2\/media?parent=16070"}],"wp:term":[{"taxonomy":"pwb-brand","embeddable":true,"href":"https:\/\/tmp.compunegocios.com.pe\/index.php\/wp-json\/wp\/v2\/pwb-brand?post=16070"},{"taxonomy":"product_brand","embeddable":true,"href":"https:\/\/tmp.compunegocios.com.pe\/index.php\/wp-json\/wp\/v2\/product_brand?post=16070"},{"taxonomy":"product_cat","embeddable":true,"href":"https:\/\/tmp.compunegocios.com.pe\/index.php\/wp-json\/wp\/v2\/product_cat?post=16070"},{"taxonomy":"product_tag","embeddable":true,"href":"https:\/\/tmp.compunegocios.com.pe\/index.php\/wp-json\/wp\/v2\/product_tag?post=16070"}],"curies":[{"name":"wp","href":"https:\/\/api.w.org\/{rel}","templated":true}]}}