{"id":16088,"date":"2024-07-19T16:19:56","date_gmt":"2024-07-19T16:19:56","guid":{"rendered":"http:\/\/compunegocios.com.pe\/index.php\/product\/tinta-epson-t574620-al-574-magenta-claro-70ml\/"},"modified":"2025-08-19T16:20:47","modified_gmt":"2025-08-19T16:20:47","slug":"tinta-epson-t574620-al-574-magenta-claro-70ml","status":"publish","type":"product","link":"https:\/\/tmp.compunegocios.com.pe\/index.php\/product\/tinta-epson-t574620-al-574-magenta-claro-70ml\/","title":{"rendered":"TINTA EPSON T574620-AL (574) MAGENTA CLARO 70ML"},"content":{"rendered":"<p>TINTA EPSON T574620-AL (574) MAGENTA CLARO 70ML<\/p>\n<p>Marca: Epson<br \/>\nModelo: 574<br \/>\nCodigo: T574620-AL<br \/>\nColor: Magenta Claro<br \/>\nTecnolog\u00eda de impresi\u00f3n: Inyecci\u00f3n de tinta<br \/>\nContenido: 70ml<br \/>\nRendimiento: 7,300 P\u00e1ginas aprox<br \/>\nCompatibilidad: Impresora Fotografica Epson EcoTank L8050 \/ L18050<\/p>\n","protected":false},"excerpt":{"rendered":"<p>&#8211;<\/p>\n","protected":false},"featured_media":16428,"template":"","meta":[],"pwb-brand":[],"product_brand":[],"product_cat":[255],"product_tag":[],"class_list":{"0":"post-16088","1":"product","2":"type-product","3":"status-publish","4":"has-post-thumbnail","6":"product_cat-255","8":"first","9":"instock","10":"taxable","11":"shipping-taxable","12":"purchasable","13":"product-type-simple"},"brands":[],"_links":{"self":[{"href":"https:\/\/tmp.compunegocios.com.pe\/index.php\/wp-json\/wp\/v2\/product\/16088","targetHints":{"allow":["GET"]}}],"collection":[{"href":"https:\/\/tmp.compunegocios.com.pe\/index.php\/wp-json\/wp\/v2\/product"}],"about":[{"href":"https:\/\/tmp.compunegocios.com.pe\/index.php\/wp-json\/wp\/v2\/types\/product"}],"wp:featuredmedia":[{"embeddable":true,"href":"https:\/\/tmp.compunegocios.com.pe\/index.php\/wp-json\/wp\/v2\/media\/16428"}],"wp:attachment":[{"href":"https:\/\/tmp.compunegocios.com.pe\/index.php\/wp-json\/wp\/v2\/media?parent=16088"}],"wp:term":[{"taxonomy":"pwb-brand","embeddable":true,"href":"https:\/\/tmp.compunegocios.com.pe\/index.php\/wp-json\/wp\/v2\/pwb-brand?post=16088"},{"taxonomy":"product_brand","embeddable":true,"href":"https:\/\/tmp.compunegocios.com.pe\/index.php\/wp-json\/wp\/v2\/product_brand?post=16088"},{"taxonomy":"product_cat","embeddable":true,"href":"https:\/\/tmp.compunegocios.com.pe\/index.php\/wp-json\/wp\/v2\/product_cat?post=16088"},{"taxonomy":"product_tag","embeddable":true,"href":"https:\/\/tmp.compunegocios.com.pe\/index.php\/wp-json\/wp\/v2\/product_tag?post=16088"}],"curies":[{"name":"wp","href":"https:\/\/api.w.org\/{rel}","templated":true}]}}