{"id":161,"date":"2023-11-11T12:19:09","date_gmt":"2023-11-11T12:19:09","guid":{"rendered":"http:\/\/compunegocios.com.pe\/index.php\/product\/impresora-laser-monocromatica-brother-hl-1202\/"},"modified":"2025-08-19T17:01:53","modified_gmt":"2025-08-19T17:01:53","slug":"impresora-laser-monocromatica-brother-hl-1202","status":"publish","type":"product","link":"https:\/\/tmp.compunegocios.com.pe\/index.php\/product\/impresora-laser-monocromatica-brother-hl-1202\/","title":{"rendered":"IMPRESORA LASER MONOCROMATICA BROTHER HL-1202"},"content":{"rendered":"<p>IMPRESORA LASER MONOCROMATICA BROTHER HL-1202<br \/>\nVelocidad de impresi\u00f3n. Ayuda a incrementar su productividad con una velocidad de impresi\u00f3n en negro de hasta 21 p\u00e1ginas por minuto<br \/>\nModerno y compacto. Dise\u00f1o compacto que ahorra espacio<br \/>\nResultados de alta calidad. Imprima documentos de alta calidad con resoluci\u00f3n de hasta 2.400 x 600 dpi<br \/>\nManejo pr\u00e1ctico del papel. Capacidad para 150 hojas de papel tama\u00f1o A5 hasta legal.<br \/>\nModo Ahorro de t\u00f3ner. Ahorre dinero utilizando el modo de Ahorro de t\u00f3ner para imprimir documentos menos importantes.<\/p>\n","protected":false},"excerpt":{"rendered":"<p>&#8211;<\/p>\n","protected":false},"featured_media":959,"template":"","meta":[],"pwb-brand":[],"product_brand":[],"product_cat":[204],"product_tag":[],"class_list":{"0":"post-161","1":"product","2":"type-product","3":"status-publish","4":"has-post-thumbnail","6":"product_cat-204","8":"first","9":"instock","10":"taxable","11":"shipping-taxable","12":"purchasable","13":"product-type-simple"},"brands":[],"_links":{"self":[{"href":"https:\/\/tmp.compunegocios.com.pe\/index.php\/wp-json\/wp\/v2\/product\/161","targetHints":{"allow":["GET"]}}],"collection":[{"href":"https:\/\/tmp.compunegocios.com.pe\/index.php\/wp-json\/wp\/v2\/product"}],"about":[{"href":"https:\/\/tmp.compunegocios.com.pe\/index.php\/wp-json\/wp\/v2\/types\/product"}],"wp:featuredmedia":[{"embeddable":true,"href":"https:\/\/tmp.compunegocios.com.pe\/index.php\/wp-json\/wp\/v2\/media\/959"}],"wp:attachment":[{"href":"https:\/\/tmp.compunegocios.com.pe\/index.php\/wp-json\/wp\/v2\/media?parent=161"}],"wp:term":[{"taxonomy":"pwb-brand","embeddable":true,"href":"https:\/\/tmp.compunegocios.com.pe\/index.php\/wp-json\/wp\/v2\/pwb-brand?post=161"},{"taxonomy":"product_brand","embeddable":true,"href":"https:\/\/tmp.compunegocios.com.pe\/index.php\/wp-json\/wp\/v2\/product_brand?post=161"},{"taxonomy":"product_cat","embeddable":true,"href":"https:\/\/tmp.compunegocios.com.pe\/index.php\/wp-json\/wp\/v2\/product_cat?post=161"},{"taxonomy":"product_tag","embeddable":true,"href":"https:\/\/tmp.compunegocios.com.pe\/index.php\/wp-json\/wp\/v2\/product_tag?post=161"}],"curies":[{"name":"wp","href":"https:\/\/api.w.org\/{rel}","templated":true}]}}