{"id":16137,"date":"2024-07-20T00:19:07","date_gmt":"2024-07-20T00:19:07","guid":{"rendered":"http:\/\/compunegocios.com.pe\/index.php\/product\/teclado-logitech-k270-inalambrico-usb-black\/"},"modified":"2025-08-19T16:21:25","modified_gmt":"2025-08-19T16:21:25","slug":"teclado-logitech-k270-inalambrico-usb-black","status":"publish","type":"product","link":"https:\/\/tmp.compunegocios.com.pe\/index.php\/product\/teclado-logitech-k270-inalambrico-usb-black\/","title":{"rendered":"TECLADO LOGITECH K270 INAL\u00c1MBRICO USB BLACK"},"content":{"rendered":"<p>TECLADO LOGITECH K270 INAL\u00c1MBRICO USB BLACK<\/p>\n<p>Tipo de conexi\u00f3n<br \/>\nProtocolo Logitech Unifying (2,4 GHz)<br \/>\nRadio de acci\u00f3n inal\u00e1mbrico: &gt;10 m 1El radio de acci\u00f3n inal\u00e1mbrico depende de las condiciones del entorno y de los dispositivos.<\/p>\n<p>Bater\u00eda<br \/>\nBater\u00eda: 18 meses 2La duraci\u00f3n de las pilas depende del uso y de los dispositivos<br \/>\nBater\u00eda: 2 pilas AAA (incluidas)<\/p>\n<p>Botones\/Teclas especiales<br \/>\nTeclas de acceso r\u00e1pido (p. ej. Internet, correo electr\u00f3nico, teclas multimedia, volumen)<\/p>\n<p>Duraci\u00f3n de las teclas<br \/>\nHasta 5 millones de pulsaciones<\/p>\n","protected":false},"excerpt":{"rendered":"<p>&#8211;<\/p>\n","protected":false},"featured_media":16487,"template":"","meta":[],"pwb-brand":[],"product_brand":[],"product_cat":[189],"product_tag":[],"class_list":{"0":"post-16137","1":"product","2":"type-product","3":"status-publish","4":"has-post-thumbnail","6":"product_cat-189","8":"first","9":"instock","10":"taxable","11":"shipping-taxable","12":"purchasable","13":"product-type-simple"},"brands":[],"_links":{"self":[{"href":"https:\/\/tmp.compunegocios.com.pe\/index.php\/wp-json\/wp\/v2\/product\/16137","targetHints":{"allow":["GET"]}}],"collection":[{"href":"https:\/\/tmp.compunegocios.com.pe\/index.php\/wp-json\/wp\/v2\/product"}],"about":[{"href":"https:\/\/tmp.compunegocios.com.pe\/index.php\/wp-json\/wp\/v2\/types\/product"}],"wp:featuredmedia":[{"embeddable":true,"href":"https:\/\/tmp.compunegocios.com.pe\/index.php\/wp-json\/wp\/v2\/media\/16487"}],"wp:attachment":[{"href":"https:\/\/tmp.compunegocios.com.pe\/index.php\/wp-json\/wp\/v2\/media?parent=16137"}],"wp:term":[{"taxonomy":"pwb-brand","embeddable":true,"href":"https:\/\/tmp.compunegocios.com.pe\/index.php\/wp-json\/wp\/v2\/pwb-brand?post=16137"},{"taxonomy":"product_brand","embeddable":true,"href":"https:\/\/tmp.compunegocios.com.pe\/index.php\/wp-json\/wp\/v2\/product_brand?post=16137"},{"taxonomy":"product_cat","embeddable":true,"href":"https:\/\/tmp.compunegocios.com.pe\/index.php\/wp-json\/wp\/v2\/product_cat?post=16137"},{"taxonomy":"product_tag","embeddable":true,"href":"https:\/\/tmp.compunegocios.com.pe\/index.php\/wp-json\/wp\/v2\/product_tag?post=16137"}],"curies":[{"name":"wp","href":"https:\/\/api.w.org\/{rel}","templated":true}]}}