{"id":16167,"date":"2024-07-25T16:31:38","date_gmt":"2024-07-25T16:31:38","guid":{"rendered":"http:\/\/compunegocios.com.pe\/index.php\/product\/control-de-acceso-facial-y-huella-zkteco-mb10-vl\/"},"modified":"2025-08-19T16:22:17","modified_gmt":"2025-08-19T16:22:17","slug":"control-de-acceso-facial-y-huella-zkteco-mb10-vl","status":"publish","type":"product","link":"https:\/\/tmp.compunegocios.com.pe\/index.php\/product\/control-de-acceso-facial-y-huella-zkteco-mb10-vl\/","title":{"rendered":"CONTROL DE ACCESO FACIAL Y HUELLA ZKTECO (MB10-VL)"},"content":{"rendered":"<p>CONTROL DE ACCESO FACIAL Y HUELLA ZKTECO (MB10-VL)<\/p>\n<p>Reconocimiento facial de luz visible.<br \/>\nAlgoritmo anti-spoofing contra ataque de impresi\u00f3n (fotos l\u00e1ser, color y B \/ N), ataque de videos y ataque de m\u00e1scara 3D.<br \/>\nM\u00faltiples m\u00e9todos de verificaci\u00f3n: Rostro \/ Huella digital \/ Contrase\u00f1a.<br \/>\nRed TCP \/ IP y host USB.<br \/>\nEst\u00e1ndar con software SSR Excel integrado.<br \/>\nControl de acceso simple.<\/p>\n","protected":false},"excerpt":{"rendered":"<p>&#8211;<\/p>\n","protected":false},"featured_media":16564,"template":"","meta":[],"pwb-brand":[],"product_brand":[],"product_cat":[243],"product_tag":[],"class_list":{"0":"post-16167","1":"product","2":"type-product","3":"status-publish","4":"has-post-thumbnail","6":"product_cat-243","8":"first","9":"instock","10":"taxable","11":"shipping-taxable","12":"purchasable","13":"product-type-simple"},"brands":[],"_links":{"self":[{"href":"https:\/\/tmp.compunegocios.com.pe\/index.php\/wp-json\/wp\/v2\/product\/16167","targetHints":{"allow":["GET"]}}],"collection":[{"href":"https:\/\/tmp.compunegocios.com.pe\/index.php\/wp-json\/wp\/v2\/product"}],"about":[{"href":"https:\/\/tmp.compunegocios.com.pe\/index.php\/wp-json\/wp\/v2\/types\/product"}],"wp:featuredmedia":[{"embeddable":true,"href":"https:\/\/tmp.compunegocios.com.pe\/index.php\/wp-json\/wp\/v2\/media\/16564"}],"wp:attachment":[{"href":"https:\/\/tmp.compunegocios.com.pe\/index.php\/wp-json\/wp\/v2\/media?parent=16167"}],"wp:term":[{"taxonomy":"pwb-brand","embeddable":true,"href":"https:\/\/tmp.compunegocios.com.pe\/index.php\/wp-json\/wp\/v2\/pwb-brand?post=16167"},{"taxonomy":"product_brand","embeddable":true,"href":"https:\/\/tmp.compunegocios.com.pe\/index.php\/wp-json\/wp\/v2\/product_brand?post=16167"},{"taxonomy":"product_cat","embeddable":true,"href":"https:\/\/tmp.compunegocios.com.pe\/index.php\/wp-json\/wp\/v2\/product_cat?post=16167"},{"taxonomy":"product_tag","embeddable":true,"href":"https:\/\/tmp.compunegocios.com.pe\/index.php\/wp-json\/wp\/v2\/product_tag?post=16167"}],"curies":[{"name":"wp","href":"https:\/\/api.w.org\/{rel}","templated":true}]}}