{"id":16168,"date":"2024-07-25T16:35:48","date_gmt":"2024-07-25T16:35:48","guid":{"rendered":"http:\/\/compunegocios.com.pe\/index.php\/product\/control-de-asistencia-ip-zkteco-k14-pro-mediante-huella-digital-y-tarjeta-id-pantalla-de-tft-de-28\/"},"modified":"2025-08-19T16:22:18","modified_gmt":"2025-08-19T16:22:18","slug":"control-de-asistencia-ip-zkteco-k14-pro-mediante-huella-digital-y-tarjeta-id-pantalla-de-tft-de-28","status":"publish","type":"product","link":"https:\/\/tmp.compunegocios.com.pe\/index.php\/product\/control-de-asistencia-ip-zkteco-k14-pro-mediante-huella-digital-y-tarjeta-id-pantalla-de-tft-de-28\/","title":{"rendered":"CONTROL DE ASISTENCIA IP ZKTECO (K14 PRO) MEDIANTE HUELLA DIGITAL Y TARJETA ID PANTALLA DE TFT DE 28"},"content":{"rendered":"<p>CONTROL DE ASISTENCIA IP ZKTECO (K14 PRO) MEDIANTE HUELLA DIGITAL Y TARJETA ID PANTALLA DE TFT DE 28<\/p>\n<p>Pantalla: Pantalla TFT de 2,8 pulgadas<br \/>\nCapacidad de Huellas dactilares: 3,000<br \/>\nCapacidad de Tarjetas: 3,000 (opcional SSR:1,000)<br \/>\nCapacidad de transacci\u00f3n: 100,000<br \/>\nComunicaci\u00f3n: TCP\/IP, servidor USB<br \/>\nFunciones Est\u00e1ndar: Tarjeta de identificaci\u00f3n, c\u00f3digo de trabajo, SMS, horario de verano, consulta de registro, cambio de estado autom\u00e1tico, timbre temporizado, entrada T9, ID de usuario de 9 d\u00edgitos<br \/>\nFunciones opcionales: Tarjeta IC, SSR<br \/>\nFuente de alimentaci\u00f3n: DC 5V\/800mA<br \/>\nTemperatura de funcionamiento: 0\u00b0C a 45 \u00b0C<br \/>\nHumedad de funcionamiento: 20% a 80%<br \/>\nDimensiones (mm): 183.8*136*47.76 (L*W*T)<\/p>\n","protected":false},"excerpt":{"rendered":"<p>&#8211;<\/p>\n","protected":false},"featured_media":16565,"template":"","meta":[],"pwb-brand":[],"product_brand":[],"product_cat":[243],"product_tag":[],"class_list":{"0":"post-16168","1":"product","2":"type-product","3":"status-publish","4":"has-post-thumbnail","6":"product_cat-243","8":"first","9":"outofstock","10":"taxable","11":"shipping-taxable","12":"purchasable","13":"product-type-simple"},"brands":[],"_links":{"self":[{"href":"https:\/\/tmp.compunegocios.com.pe\/index.php\/wp-json\/wp\/v2\/product\/16168","targetHints":{"allow":["GET"]}}],"collection":[{"href":"https:\/\/tmp.compunegocios.com.pe\/index.php\/wp-json\/wp\/v2\/product"}],"about":[{"href":"https:\/\/tmp.compunegocios.com.pe\/index.php\/wp-json\/wp\/v2\/types\/product"}],"wp:featuredmedia":[{"embeddable":true,"href":"https:\/\/tmp.compunegocios.com.pe\/index.php\/wp-json\/wp\/v2\/media\/16565"}],"wp:attachment":[{"href":"https:\/\/tmp.compunegocios.com.pe\/index.php\/wp-json\/wp\/v2\/media?parent=16168"}],"wp:term":[{"taxonomy":"pwb-brand","embeddable":true,"href":"https:\/\/tmp.compunegocios.com.pe\/index.php\/wp-json\/wp\/v2\/pwb-brand?post=16168"},{"taxonomy":"product_brand","embeddable":true,"href":"https:\/\/tmp.compunegocios.com.pe\/index.php\/wp-json\/wp\/v2\/product_brand?post=16168"},{"taxonomy":"product_cat","embeddable":true,"href":"https:\/\/tmp.compunegocios.com.pe\/index.php\/wp-json\/wp\/v2\/product_cat?post=16168"},{"taxonomy":"product_tag","embeddable":true,"href":"https:\/\/tmp.compunegocios.com.pe\/index.php\/wp-json\/wp\/v2\/product_tag?post=16168"}],"curies":[{"name":"wp","href":"https:\/\/api.w.org\/{rel}","templated":true}]}}