{"id":16170,"date":"2024-07-25T16:55:46","date_gmt":"2024-07-25T16:55:46","guid":{"rendered":"http:\/\/compunegocios.com.pe\/index.php\/product\/hub-inteligente-con-alarma-tp-link-tapo-h100\/"},"modified":"2025-08-19T16:22:20","modified_gmt":"2025-08-19T16:22:20","slug":"hub-inteligente-con-alarma-tp-link-tapo-h100","status":"publish","type":"product","link":"https:\/\/tmp.compunegocios.com.pe\/index.php\/product\/hub-inteligente-con-alarma-tp-link-tapo-h100\/","title":{"rendered":"HUB INTELIGENTE CON ALARMA TP-LINK TAPO H100"},"content":{"rendered":"<p>El TP-Link Tapo H100 es un hub inteligente que permite conectar hasta 64 dispositivos inteligentes de la marca TP-Link. El hub se conecta a la red Wi-Fi dom\u00e9stica y proporciona un punto de acceso central para los dispositivos inteligentes. Esto facilita el control de los dispositivos inteligentes desde una sola ubicaci\u00f3n, utilizando la aplicaci\u00f3n m\u00f3vil Tapo o el control por voz.<\/p>\n<p>Conectividad Inteligente de Bajo Consumo<br \/>\nEl Hub Tapo H100 es el cerebro del hogar inteligente Tapo. Con el protocolo inal\u00e1mbrico de bajo consumo puedes conectar todos los dispositivos de manera eficiente para que consuman menos energ\u00eda, reduciendo la factura el\u00e9ctrica y alargando la v\u00edda de las bater\u00edas hasta 10 veces m\u00e1s.<br \/>\nConexiones seguras de largo alcance<br \/>\nTapo Hub H100 se comunica a trav\u00e9s de una banda de frecuencia m\u00e1s baja y menos saturada con los dispositivos inteligentes, para llegar m\u00e1s lejos y sin interferencias.<br \/>\nAcciones inteligentes con sensores, interruptores y botones<br \/>\nCon Tapo Smart Hub H100, puedes activar distintas acciones o controlar dispositivos Tapo como enchufes inteligentes, luces inteligentes e interruptores inteligentes seg\u00fan la detecci\u00f3n del sensor.<br \/>\nProtege tu hogar d\u00eda y noche<br \/>\nCombinado con sensores de movimiento o sensores de puertas y ventanas, el Hub H100 de Tapo puede hacer sonar una alarma hasta 90 dB para advertir del peligro y disuadir a los intrusos.<br \/>\nHogar Inteligente y C\u00f3modo<br \/>\nAl ser compatible con sensores Tapo, ayuda a controlar los niveles de comodidad de su hogar, recibiendo una notificaci\u00f3n al m\u00f3vil ante una fuga de agua y altos niveles de temperatura o humedad.<br \/>\n19 tonos de llamada<br \/>\nElegir entre toda la variedad de tonos y personalizalos para distintos momentos.<br \/>\nSonido ajustable<br \/>\nAjuste el volumen a 3 niveles diferentes. Alto, Normal o Bajo.<br \/>\nTodos los dispositivos en un solo Hub<br \/>\nCada Hub H100 puede conectar hasta 64 dispositivos Tapo en toda la casa. Crea y administra el ecosistema Tapo de hogar inteligente con facilidad.<\/p>\n<p>RED:<br \/>\nProtocolo: 868 \/ 922 MHz<br \/>\nTipo de Wi-Fi: 2.4GHz Wi-Fi<\/p>\n<p>GENERAL:<br \/>\nTemperatura de funcionamiento: 0~40\u00b0C<br \/>\nDimensiones: 72 x 62.5 x 51 mm<br \/>\nMaterial: Retardante de llama UL94-V0<br \/>\nBotones: Bot\u00f3n SINCRONIZAR\/Silencio<br \/>\nRequerimientos de energ\u00eda: AC, 100~240V, 50\/60Hz<\/p>\n<p>ESPECIFICACIONES T\u00c9CNICAS:<br \/>\nConexiones seguras de largo alcance. Mantiene los dispositivos conectados en todo momento a trav\u00e9s de la s\u00f3lida red inal\u00e1mbrica.<br \/>\nProtocolo inal\u00e1mbrico de baja potencia. Los dispositivos conectados funcionen con eficiencia energ\u00e9tica, prometiendo un tiempo de espera m\u00e1s prolongado.<br \/>\nAlarma inteligente. Se coordina con los sensores inteligentes Tapo para advertir sobre el peligro o disuadir a los intrusos.<br \/>\nTimbre inteligente. Comb\u00ednalo con Tapo Smart Button para construir su sistema de timbre inteligente, adem\u00e1s de 19 tonos de llamada para elegir.<br \/>\nHasta 64 dispositivos conectados. Cada Hub H100 puede conectar hasta 64 dispositivos Tapo en toda la casa.<br \/>\nDimensiones: 72 x 62.5 x 51 mm<\/p>\n","protected":false},"excerpt":{"rendered":"<p>&#8211;<\/p>\n","protected":false},"featured_media":16569,"template":"","meta":[],"pwb-brand":[],"product_brand":[],"product_cat":[243],"product_tag":[],"class_list":{"0":"post-16170","1":"product","2":"type-product","3":"status-publish","4":"has-post-thumbnail","6":"product_cat-243","8":"first","9":"outofstock","10":"taxable","11":"shipping-taxable","12":"purchasable","13":"product-type-simple"},"brands":[],"_links":{"self":[{"href":"https:\/\/tmp.compunegocios.com.pe\/index.php\/wp-json\/wp\/v2\/product\/16170","targetHints":{"allow":["GET"]}}],"collection":[{"href":"https:\/\/tmp.compunegocios.com.pe\/index.php\/wp-json\/wp\/v2\/product"}],"about":[{"href":"https:\/\/tmp.compunegocios.com.pe\/index.php\/wp-json\/wp\/v2\/types\/product"}],"wp:featuredmedia":[{"embeddable":true,"href":"https:\/\/tmp.compunegocios.com.pe\/index.php\/wp-json\/wp\/v2\/media\/16569"}],"wp:attachment":[{"href":"https:\/\/tmp.compunegocios.com.pe\/index.php\/wp-json\/wp\/v2\/media?parent=16170"}],"wp:term":[{"taxonomy":"pwb-brand","embeddable":true,"href":"https:\/\/tmp.compunegocios.com.pe\/index.php\/wp-json\/wp\/v2\/pwb-brand?post=16170"},{"taxonomy":"product_brand","embeddable":true,"href":"https:\/\/tmp.compunegocios.com.pe\/index.php\/wp-json\/wp\/v2\/product_brand?post=16170"},{"taxonomy":"product_cat","embeddable":true,"href":"https:\/\/tmp.compunegocios.com.pe\/index.php\/wp-json\/wp\/v2\/product_cat?post=16170"},{"taxonomy":"product_tag","embeddable":true,"href":"https:\/\/tmp.compunegocios.com.pe\/index.php\/wp-json\/wp\/v2\/product_tag?post=16170"}],"curies":[{"name":"wp","href":"https:\/\/api.w.org\/{rel}","templated":true}]}}