{"id":16171,"date":"2024-07-25T17:04:05","date_gmt":"2024-07-25T17:04:05","guid":{"rendered":"http:\/\/compunegocios.com.pe\/index.php\/product\/camara-wifi-de-vigilancia-tp-link-tapo-c210-rotatoria-1080p-vision-nocturna\/"},"modified":"2025-09-09T16:47:50","modified_gmt":"2025-09-09T16:47:50","slug":"camara-wifi-de-vigilancia-tp-link-tapo-c210-rotatoria-1080p-vision-nocturna","status":"publish","type":"product","link":"https:\/\/tmp.compunegocios.com.pe\/index.php\/product\/camara-wifi-de-vigilancia-tp-link-tapo-c210-rotatoria-1080p-vision-nocturna\/","title":{"rendered":"C\u00c1MARA WIFI DE VIGILANCIA TP-LINK TAPO C210 ROTATORIA 1080P VISI\u00d3N NOCTURNA"},"content":{"rendered":"<p>C\u00c1MARA WIFI DE VIGILANCIA TP-LINK TAPO C210 ROTATORIA 1080P VISI\u00d3N NOCTURNA<\/p>\n<p>\u2705 Grabaci\u00f3n de V\u00eddeo 2K. Videos n\u00edtidos en calidad 2K con resoluci\u00f3n 3MP<br \/>\n\u2705 Visi\u00f3n Panor\u00e1mica 360\u00ba. La c\u00e1mara se mueve vertical y horizontalmente para grabar todos los detalles<br \/>\n\u2705 Visi\u00f3n nocturna. Calidad de imagen n\u00edtido hasta 9 metros de distancia<br \/>\n\u2705 Detecci\u00f3n de movimiento y notificaciones. Si la c\u00e1mara detecta movimiento env\u00eda notificaci\u00f3n para estar alerta<br \/>\n\u2705 Alarma con luz y sonido. SI la c\u00e1mara detecta un comportamiento sospechoso se activa alarma de luz y sonido<br \/>\n\u2705 Audio bidireccional. Permite la comunicaci\u00f3n a trav\u00e9s del micr\u00f3fono y altavoz integrados en la c\u00e1mara<br \/>\n\u2705 Almacenamiento seguro. Guarda hasta 512 GB en tarjeta microSD<br \/>\n\u2705 Control por voz. F\u00e1cil y sencillo control con Asistente de Google y Amazon Alexa.<\/p>\n","protected":false},"excerpt":{"rendered":"<p>&#8211;<\/p>\n","protected":false},"featured_media":16574,"template":"","meta":[],"pwb-brand":[],"product_brand":[],"product_cat":[235],"product_tag":[],"class_list":{"0":"post-16171","1":"product","2":"type-product","3":"status-publish","4":"has-post-thumbnail","6":"product_cat-235","8":"first","9":"instock","10":"taxable","11":"shipping-taxable","12":"purchasable","13":"product-type-simple"},"brands":[],"_links":{"self":[{"href":"https:\/\/tmp.compunegocios.com.pe\/index.php\/wp-json\/wp\/v2\/product\/16171","targetHints":{"allow":["GET"]}}],"collection":[{"href":"https:\/\/tmp.compunegocios.com.pe\/index.php\/wp-json\/wp\/v2\/product"}],"about":[{"href":"https:\/\/tmp.compunegocios.com.pe\/index.php\/wp-json\/wp\/v2\/types\/product"}],"wp:featuredmedia":[{"embeddable":true,"href":"https:\/\/tmp.compunegocios.com.pe\/index.php\/wp-json\/wp\/v2\/media\/16574"}],"wp:attachment":[{"href":"https:\/\/tmp.compunegocios.com.pe\/index.php\/wp-json\/wp\/v2\/media?parent=16171"}],"wp:term":[{"taxonomy":"pwb-brand","embeddable":true,"href":"https:\/\/tmp.compunegocios.com.pe\/index.php\/wp-json\/wp\/v2\/pwb-brand?post=16171"},{"taxonomy":"product_brand","embeddable":true,"href":"https:\/\/tmp.compunegocios.com.pe\/index.php\/wp-json\/wp\/v2\/product_brand?post=16171"},{"taxonomy":"product_cat","embeddable":true,"href":"https:\/\/tmp.compunegocios.com.pe\/index.php\/wp-json\/wp\/v2\/product_cat?post=16171"},{"taxonomy":"product_tag","embeddable":true,"href":"https:\/\/tmp.compunegocios.com.pe\/index.php\/wp-json\/wp\/v2\/product_tag?post=16171"}],"curies":[{"name":"wp","href":"https:\/\/api.w.org\/{rel}","templated":true}]}}