{"id":16172,"date":"2024-07-25T17:12:40","date_gmt":"2024-07-25T17:12:40","guid":{"rendered":"http:\/\/compunegocios.com.pe\/index.php\/product\/camara-de-seguridad-tp-link-c500-para-exterior-con-rotacion-360\/"},"modified":"2025-08-19T16:22:21","modified_gmt":"2025-08-19T16:22:21","slug":"camara-de-seguridad-tp-link-c500-para-exterior-con-rotacion-360","status":"publish","type":"product","link":"https:\/\/tmp.compunegocios.com.pe\/index.php\/product\/camara-de-seguridad-tp-link-c500-para-exterior-con-rotacion-360\/","title":{"rendered":"CAMARA DE SEGURIDAD TP-LINK TAPO C500 PARA EXTERIOR CON ROTACION 360\u00b0"},"content":{"rendered":"<p>CAMARA DE SEGURIDAD TP-LINK TAPO C500 PARA EXTERIOR CON ROTACION 360\u00b0<\/p>\n<p>\u2705 Vista en vivo Full HD de 1080p: Revela im\u00e1genes claras y n\u00edtidas con m\u00e1s detalles.<br \/>\n\u2705 Detecci\u00f3n de personas y seguimiento de movimiento: La IA inteligente identifica a una persona mientras sigue el movimiento con rotaci\u00f3n de alta velocidad, notificando a los usuarios seg\u00fan sea necesario.<br \/>\n\u2705 Cobertura visual de 360\u00b0: Proporciona un alcance horizontal de 360\u00b0 y vertical de 130\u00b0 para cubrir todos los rincones.<br \/>\n\u2705 Visi\u00f3n nocturna : Garantiza su seguridad al proporcionar una distancia visual clara de hasta 30 metros, incluso en la oscuridad total.<br \/>\n\u2705 Protecci\u00f3n IP65: Ofrece un excelente rendimiento a prueba de agua y polvo para escenarios al aire libre.<br \/>\n\u2705 Multiples opciones de instalaci\u00f3n: Use los tornillos de montaje, la plantilla y los bucles\u2021 para instalar en cualquier pared, techo o poste para obtener la vista perfecta, donde quiera.<br \/>\n\u2705 Flexibles opciones de almacenamiento: Guarde los videos grabados en una tarjeta microSD instalada (hasta 512 GB)\u2020, o use el servicio de almacenamiento en la nube Tapo Care**.<br \/>\n\u2705 Alarma de sonido personalizable: Grabe su audio personalizado como una alarma para ampliar sus usos.<br \/>\n\u2705 Modo de privacidad f\u00edsica: Mantiene su privacidad con la lente bloqueada f\u00edsicamente por la carcasa.<br \/>\n\u2705 Audio bidireccional: Permite la comunicaci\u00f3n a trav\u00e9s de un micr\u00f3fono y un altavoz integrados.<\/p>\n","protected":false},"excerpt":{"rendered":"<p>&#8211;<\/p>\n","protected":false},"featured_media":16579,"template":"","meta":[],"pwb-brand":[],"product_brand":[],"product_cat":[235],"product_tag":[],"class_list":{"0":"post-16172","1":"product","2":"type-product","3":"status-publish","4":"has-post-thumbnail","6":"product_cat-235","8":"first","9":"instock","10":"taxable","11":"shipping-taxable","12":"purchasable","13":"product-type-simple"},"brands":[],"_links":{"self":[{"href":"https:\/\/tmp.compunegocios.com.pe\/index.php\/wp-json\/wp\/v2\/product\/16172","targetHints":{"allow":["GET"]}}],"collection":[{"href":"https:\/\/tmp.compunegocios.com.pe\/index.php\/wp-json\/wp\/v2\/product"}],"about":[{"href":"https:\/\/tmp.compunegocios.com.pe\/index.php\/wp-json\/wp\/v2\/types\/product"}],"wp:featuredmedia":[{"embeddable":true,"href":"https:\/\/tmp.compunegocios.com.pe\/index.php\/wp-json\/wp\/v2\/media\/16579"}],"wp:attachment":[{"href":"https:\/\/tmp.compunegocios.com.pe\/index.php\/wp-json\/wp\/v2\/media?parent=16172"}],"wp:term":[{"taxonomy":"pwb-brand","embeddable":true,"href":"https:\/\/tmp.compunegocios.com.pe\/index.php\/wp-json\/wp\/v2\/pwb-brand?post=16172"},{"taxonomy":"product_brand","embeddable":true,"href":"https:\/\/tmp.compunegocios.com.pe\/index.php\/wp-json\/wp\/v2\/product_brand?post=16172"},{"taxonomy":"product_cat","embeddable":true,"href":"https:\/\/tmp.compunegocios.com.pe\/index.php\/wp-json\/wp\/v2\/product_cat?post=16172"},{"taxonomy":"product_tag","embeddable":true,"href":"https:\/\/tmp.compunegocios.com.pe\/index.php\/wp-json\/wp\/v2\/product_tag?post=16172"}],"curies":[{"name":"wp","href":"https:\/\/api.w.org\/{rel}","templated":true}]}}