{"id":16173,"date":"2024-07-25T17:22:55","date_gmt":"2024-07-25T17:22:55","guid":{"rendered":"http:\/\/compunegocios.com.pe\/index.php\/product\/router-wifi-mercusys-mr60x-ax1500-wifi6-2-puertos\/"},"modified":"2025-08-19T16:22:22","modified_gmt":"2025-08-19T16:22:22","slug":"router-wifi-mercusys-mr60x-ax1500-wifi6-2-puertos","status":"publish","type":"product","link":"https:\/\/tmp.compunegocios.com.pe\/index.php\/product\/router-wifi-mercusys-mr60x-ax1500-wifi6-2-puertos\/","title":{"rendered":"ROUTER WIFI MERCUSYS MR60X AX1500 WIFI6 2 PUERTOS"},"content":{"rendered":"<p>ROUTER WIFI MERCUSYS MR60X AX1500 WIFI6 2 PUERTOS <\/p>\n<p>Enrutador WiFi 6 AX1500<br \/>\nActualice su red con Wi-Fi 6: el MR60X viene equipado con el \u00faltimo est\u00e1ndar Wi-Fi 6, que ofrece m\u00e1s conexiones simult\u00e1neas, ampl\u00eda el alcance de WiFi y mantiene transmisiones de datos r\u00e1pidas y confiables.<br \/>\nVelocidades m\u00e1s r\u00e1pidas de 1,5 Gbps : velocidades \u00f3ptimas de WiFi 6 que alcanzan hasta 1,5 Gbps (1201 Mbps en la banda de 5 GHz y 300 Mbps en la banda de 2,4 GHz)<br \/>\nCapacidad de red mejorada : OFDMA y MU-MIMO permiten la transmisi\u00f3n simult\u00e1nea de datos hacia y desde varios dispositivos, lo que mejora la eficiencia general de la red.<br \/>\nCobertura m\u00e1s amplia y potente : 4 antenas multidireccionales de alta ganancia con Beamforming aumentan las conexiones estables en toda su casa para obtener se\u00f1ales WiFi potentes en cada rinc\u00f3n.<br \/>\nConexiones por cable Gigabit : aproveche al m\u00e1ximo su acceso a Internet y transfiera datos a velocidades vertiginosas para obtener el m\u00e1ximo rendimiento<br \/>\nProtecci\u00f3n de seguridad general : el \u00faltimo WPA3 proporciona seguridad WiFi mejorada<br \/>\nMenos interferencia WiFi : minimiza la interferencia de se\u00f1ales vecinas para mejorar la eficiencia de transmisi\u00f3n con color BSS<br \/>\nSmart Connect : elige de forma inteligente la mejor banda disponible para cada dispositivo<\/p>\n<p>Est\u00e1ndares inal\u00e1mbricos<br \/>\nCompatible con los est\u00e1ndares Wi-Fi 802.11ax\/ac\/a\/b\/g\/n<br \/>\nVelocidades WiFi<br \/>\n1201 Mbps (5 GHz) + 300 Mbps (2,4 GHz)<br \/>\nSensibilidad de recepci\u00f3n<br \/>\n11g 6Mbps: -97dBm<br \/>\n11g 54Mbps: -79dBm<br \/>\n11n HT40 MCS7:-74dBm 11n HT20<br \/>\nMCS7:-78dBm<br \/>\n11a 6Mbps:-94dBm 11a 54Mbps:<br \/>\n-78dBm 11ac VHT20 MCS8:-74dBm 11ac VHT40 MCS 8:-70dBm 11ac VHT80 MCS8:-65dBm<\/p>\n<p>Seguridad inal\u00e1mbrica<br \/>\nWPA \/ WPA2-Personal<br \/>\nWPA2 \/ WPA3-Personal<\/p>\n<p>Funciones inal\u00e1mbricas<br \/>\nActivar\/desactivar radio inal\u00e1mbrica, WMM<\/p>\n","protected":false},"excerpt":{"rendered":"<p>&#8211;<\/p>\n","protected":false},"featured_media":16584,"template":"","meta":[],"pwb-brand":[],"product_brand":[],"product_cat":[227],"product_tag":[],"class_list":{"0":"post-16173","1":"product","2":"type-product","3":"status-publish","4":"has-post-thumbnail","6":"product_cat-227","8":"first","9":"instock","10":"taxable","11":"shipping-taxable","12":"purchasable","13":"product-type-simple"},"brands":[],"_links":{"self":[{"href":"https:\/\/tmp.compunegocios.com.pe\/index.php\/wp-json\/wp\/v2\/product\/16173","targetHints":{"allow":["GET"]}}],"collection":[{"href":"https:\/\/tmp.compunegocios.com.pe\/index.php\/wp-json\/wp\/v2\/product"}],"about":[{"href":"https:\/\/tmp.compunegocios.com.pe\/index.php\/wp-json\/wp\/v2\/types\/product"}],"wp:featuredmedia":[{"embeddable":true,"href":"https:\/\/tmp.compunegocios.com.pe\/index.php\/wp-json\/wp\/v2\/media\/16584"}],"wp:attachment":[{"href":"https:\/\/tmp.compunegocios.com.pe\/index.php\/wp-json\/wp\/v2\/media?parent=16173"}],"wp:term":[{"taxonomy":"pwb-brand","embeddable":true,"href":"https:\/\/tmp.compunegocios.com.pe\/index.php\/wp-json\/wp\/v2\/pwb-brand?post=16173"},{"taxonomy":"product_brand","embeddable":true,"href":"https:\/\/tmp.compunegocios.com.pe\/index.php\/wp-json\/wp\/v2\/product_brand?post=16173"},{"taxonomy":"product_cat","embeddable":true,"href":"https:\/\/tmp.compunegocios.com.pe\/index.php\/wp-json\/wp\/v2\/product_cat?post=16173"},{"taxonomy":"product_tag","embeddable":true,"href":"https:\/\/tmp.compunegocios.com.pe\/index.php\/wp-json\/wp\/v2\/product_tag?post=16173"}],"curies":[{"name":"wp","href":"https:\/\/api.w.org\/{rel}","templated":true}]}}