{"id":16174,"date":"2024-07-25T17:26:25","date_gmt":"2024-07-25T17:26:25","guid":{"rendered":"http:\/\/compunegocios.com.pe\/index.php\/product\/router-tp-link-tl-wr840n-wireless-n-300-mbps\/"},"modified":"2025-09-01T20:55:42","modified_gmt":"2025-09-01T20:55:42","slug":"router-tp-link-tl-wr840n-wireless-n-300-mbps","status":"publish","type":"product","link":"https:\/\/tmp.compunegocios.com.pe\/index.php\/product\/router-tp-link-tl-wr840n-wireless-n-300-mbps\/","title":{"rendered":"ROUTER TP-LINK TL-WR840N WIRELESS N 300 MBPS"},"content":{"rendered":"<p>ROUTER TP-LINK TL-WR840N WIRELESS N 300 MBPS<\/p>\n<p>\u2705Velocidad de transmisi\u00f3n Inal\u00e1mbrica de 300Mbps<br \/>\n\u2705Modo de enrutador, modo de punto de acceso, modo de extensor de rango, modo WISP<br \/>\n\u2705Puertos Ethernet: 1 puerto WAN de 10\/100 Mbps \/ 4 puertos LAN de 10\/100 Mbps<br \/>\n\u2705F\u00e1cil encriptaci\u00f3n de seguridad con s\u00f3lo presionar el bot\u00f3n WPS<br \/>\n\u2705El Control de Banda ancha basada en IP permite que los administradores determinen cu\u00e1nta banda ancha est\u00e1 distribuida a cada PC<br \/>\n\u2705El puente inal\u00e1mbrico WDS proporciona una conexi\u00f3n de enlace sin interrupci\u00f3n<br \/>\n\u2705Dimensiones (W\u00d7D\u00d7H): 182 \u00d7 128 \u00d7 35 mm<\/p>\n","protected":false},"excerpt":{"rendered":"<p>&#8211;<\/p>\n","protected":false},"featured_media":16587,"template":"","meta":[],"pwb-brand":[],"product_brand":[],"product_cat":[227],"product_tag":[],"class_list":{"0":"post-16174","1":"product","2":"type-product","3":"status-publish","4":"has-post-thumbnail","6":"product_cat-227","8":"first","9":"instock","10":"taxable","11":"shipping-taxable","12":"purchasable","13":"product-type-simple"},"brands":[],"_links":{"self":[{"href":"https:\/\/tmp.compunegocios.com.pe\/index.php\/wp-json\/wp\/v2\/product\/16174","targetHints":{"allow":["GET"]}}],"collection":[{"href":"https:\/\/tmp.compunegocios.com.pe\/index.php\/wp-json\/wp\/v2\/product"}],"about":[{"href":"https:\/\/tmp.compunegocios.com.pe\/index.php\/wp-json\/wp\/v2\/types\/product"}],"wp:featuredmedia":[{"embeddable":true,"href":"https:\/\/tmp.compunegocios.com.pe\/index.php\/wp-json\/wp\/v2\/media\/16587"}],"wp:attachment":[{"href":"https:\/\/tmp.compunegocios.com.pe\/index.php\/wp-json\/wp\/v2\/media?parent=16174"}],"wp:term":[{"taxonomy":"pwb-brand","embeddable":true,"href":"https:\/\/tmp.compunegocios.com.pe\/index.php\/wp-json\/wp\/v2\/pwb-brand?post=16174"},{"taxonomy":"product_brand","embeddable":true,"href":"https:\/\/tmp.compunegocios.com.pe\/index.php\/wp-json\/wp\/v2\/product_brand?post=16174"},{"taxonomy":"product_cat","embeddable":true,"href":"https:\/\/tmp.compunegocios.com.pe\/index.php\/wp-json\/wp\/v2\/product_cat?post=16174"},{"taxonomy":"product_tag","embeddable":true,"href":"https:\/\/tmp.compunegocios.com.pe\/index.php\/wp-json\/wp\/v2\/product_tag?post=16174"}],"curies":[{"name":"wp","href":"https:\/\/api.w.org\/{rel}","templated":true}]}}