{"id":16175,"date":"2024-07-25T17:30:03","date_gmt":"2024-07-25T17:30:03","guid":{"rendered":"http:\/\/compunegocios.com.pe\/index.php\/product\/router-tp-link-archer-c64-ac1200-doble-banda-wifi-4-antenas\/"},"modified":"2025-09-08T21:43:11","modified_gmt":"2025-09-08T21:43:11","slug":"router-tp-link-archer-c64-ac1200-doble-banda-wifi-4-antenas","status":"publish","type":"product","link":"https:\/\/tmp.compunegocios.com.pe\/index.php\/product\/router-tp-link-archer-c64-ac1200-doble-banda-wifi-4-antenas\/","title":{"rendered":"ROUTER TP-LINK ARCHER C64 AC1200 DOBLE BANDA WIFI 4 ANTENAS"},"content":{"rendered":"<p>ROUTER TP-LINK ARCHER C64 AC1200 DOBLE BANDA WIFI 4 ANTENAS<\/p>\n<p>\u2705 Tipo: Routers<br \/>\n\u2705 Frecuencia inal\u00e1mbrica: 2.4 y 5 GHz<br \/>\n\u2705 Velocidad de transmisi\u00f3n: 867 Mbps en 5 GHz | 400 Mpbs en 2.4 GHz<br \/>\n\u2705 Caracter\u00edsticas de antena: 4 antenas externas brindan conexiones inal\u00e1mbricas estables y una cobertura \u00f3ptima<br \/>\n\u2705 Procesador: CPU de 1,2 GHz<br \/>\n\u2705 Seguridad Inal\u00e1mbrica: cifrados WPA \/ WPA2, WPA-PSK \/ WPA2-PSK \/ WPA3-SAE<\/p>\n","protected":false},"excerpt":{"rendered":"<p>&#8211;<\/p>\n","protected":false},"featured_media":16591,"template":"","meta":[],"pwb-brand":[],"product_brand":[],"product_cat":[227],"product_tag":[],"class_list":{"0":"post-16175","1":"product","2":"type-product","3":"status-publish","4":"has-post-thumbnail","6":"product_cat-227","8":"first","9":"outofstock","10":"taxable","11":"shipping-taxable","12":"purchasable","13":"product-type-simple"},"brands":[],"_links":{"self":[{"href":"https:\/\/tmp.compunegocios.com.pe\/index.php\/wp-json\/wp\/v2\/product\/16175","targetHints":{"allow":["GET"]}}],"collection":[{"href":"https:\/\/tmp.compunegocios.com.pe\/index.php\/wp-json\/wp\/v2\/product"}],"about":[{"href":"https:\/\/tmp.compunegocios.com.pe\/index.php\/wp-json\/wp\/v2\/types\/product"}],"wp:featuredmedia":[{"embeddable":true,"href":"https:\/\/tmp.compunegocios.com.pe\/index.php\/wp-json\/wp\/v2\/media\/16591"}],"wp:attachment":[{"href":"https:\/\/tmp.compunegocios.com.pe\/index.php\/wp-json\/wp\/v2\/media?parent=16175"}],"wp:term":[{"taxonomy":"pwb-brand","embeddable":true,"href":"https:\/\/tmp.compunegocios.com.pe\/index.php\/wp-json\/wp\/v2\/pwb-brand?post=16175"},{"taxonomy":"product_brand","embeddable":true,"href":"https:\/\/tmp.compunegocios.com.pe\/index.php\/wp-json\/wp\/v2\/product_brand?post=16175"},{"taxonomy":"product_cat","embeddable":true,"href":"https:\/\/tmp.compunegocios.com.pe\/index.php\/wp-json\/wp\/v2\/product_cat?post=16175"},{"taxonomy":"product_tag","embeddable":true,"href":"https:\/\/tmp.compunegocios.com.pe\/index.php\/wp-json\/wp\/v2\/product_tag?post=16175"}],"curies":[{"name":"wp","href":"https:\/\/api.w.org\/{rel}","templated":true}]}}