{"id":16176,"date":"2024-07-25T17:32:53","date_gmt":"2024-07-25T17:32:53","guid":{"rendered":"http:\/\/compunegocios.com.pe\/index.php\/product\/router-tp-link-archer-ax12-ax1500-wi-fi-6-doble-banda\/"},"modified":"2025-08-27T17:01:23","modified_gmt":"2025-08-27T17:01:23","slug":"router-tp-link-archer-ax12-ax1500-wi-fi-6-doble-banda","status":"publish","type":"product","link":"https:\/\/tmp.compunegocios.com.pe\/index.php\/product\/router-tp-link-archer-ax12-ax1500-wi-fi-6-doble-banda\/","title":{"rendered":"ROUTER TP-LINK ARCHER AX12 AX1500 WI-FI 6 DOBLE BANDA"},"content":{"rendered":"<p>ROUTER TP-LINK ARCHER AX12 AX1500 WI-FI 6 DOBLE BANDA<\/p>\n<p>\u2705 Marca: TP-LINK | ARCHER AX12 AX1500 \u2013 895252500875<br \/>\n\u2705 Tecnolog\u00eda Wi-Fi 6: Archer AX12 viene equipado con la \u00faltima tecnolog\u00eda inal\u00e1mbrica, Wi-Fi 6, para velocidades m\u00e1s r\u00e1pidas, mayor capacidad y reducci\u00f3n de congesti\u00f3n en la red.<br \/>\n\u2705 Velocidades de pr\u00f3xima generaci\u00f3n de 1.5 Gbps: El router de doble banda Archer AX12 alcanza velocidades a\u00fan m\u00e1s r\u00e1pidas de hasta 1.5 Gbps (1201 Mbps en la banda de 5 GHz y 300 Mbps en la banda de 2.4 GHz)<br \/>\n\u2705 Conexi\u00f3n de m\u00e1s dispositivos: La tecnolog\u00eda Wi-Fi 6 comunica m\u00e1s datos a m\u00e1s dispositivos utilizando la revolucionaria tecnolog\u00eda OFDMA y MU-MIMO, al mismo tiempo que reduce la latencia.<br \/>\n\u2705 Cobertura m\u00e1s confiable: Logra la cobertura de Wi-Fi m\u00e1s fuerte y confiable con Archer AX12, ya que enfoca la intensidad de la se\u00f1al en tus dispositivos mediante la tecnolog\u00eda Beamforming y cuatro antenas.<br \/>\n\u2705 Aumento de la vida \u00fatil de la bater\u00eda: La tecnolog\u00eda Target Wake Time reduce el consumo de energ\u00eda de tus dispositivos para extender su vida \u00fatil de la bater\u00eda.3<br \/>\n\u2705 Configuraci\u00f3n f\u00e1cil: Configura tu router en minutos con la potente aplicaci\u00f3n TP-Link Tether.<br \/>\n\u2705 Compatible con versiones anteriores: Archer AX12 admite todos los est\u00e1ndares anteriores de 802.11 y todos los dispositivos Wi-Fi.<\/p>\n","protected":false},"excerpt":{"rendered":"<p>&#8211;<\/p>\n","protected":false},"featured_media":16595,"template":"","meta":[],"pwb-brand":[],"product_brand":[],"product_cat":[227],"product_tag":[],"class_list":{"0":"post-16176","1":"product","2":"type-product","3":"status-publish","4":"has-post-thumbnail","6":"product_cat-227","8":"first","9":"instock","10":"taxable","11":"shipping-taxable","12":"purchasable","13":"product-type-simple"},"brands":[],"_links":{"self":[{"href":"https:\/\/tmp.compunegocios.com.pe\/index.php\/wp-json\/wp\/v2\/product\/16176","targetHints":{"allow":["GET"]}}],"collection":[{"href":"https:\/\/tmp.compunegocios.com.pe\/index.php\/wp-json\/wp\/v2\/product"}],"about":[{"href":"https:\/\/tmp.compunegocios.com.pe\/index.php\/wp-json\/wp\/v2\/types\/product"}],"wp:featuredmedia":[{"embeddable":true,"href":"https:\/\/tmp.compunegocios.com.pe\/index.php\/wp-json\/wp\/v2\/media\/16595"}],"wp:attachment":[{"href":"https:\/\/tmp.compunegocios.com.pe\/index.php\/wp-json\/wp\/v2\/media?parent=16176"}],"wp:term":[{"taxonomy":"pwb-brand","embeddable":true,"href":"https:\/\/tmp.compunegocios.com.pe\/index.php\/wp-json\/wp\/v2\/pwb-brand?post=16176"},{"taxonomy":"product_brand","embeddable":true,"href":"https:\/\/tmp.compunegocios.com.pe\/index.php\/wp-json\/wp\/v2\/product_brand?post=16176"},{"taxonomy":"product_cat","embeddable":true,"href":"https:\/\/tmp.compunegocios.com.pe\/index.php\/wp-json\/wp\/v2\/product_cat?post=16176"},{"taxonomy":"product_tag","embeddable":true,"href":"https:\/\/tmp.compunegocios.com.pe\/index.php\/wp-json\/wp\/v2\/product_tag?post=16176"}],"curies":[{"name":"wp","href":"https:\/\/api.w.org\/{rel}","templated":true}]}}