{"id":16178,"date":"2024-07-25T17:52:35","date_gmt":"2024-07-25T17:52:35","guid":{"rendered":"http:\/\/compunegocios.com.pe\/index.php\/product\/sensor-tp-link-tapo-t110-contacto-inteligente-wi-fi\/"},"modified":"2025-08-19T16:22:26","modified_gmt":"2025-08-19T16:22:26","slug":"sensor-tp-link-tapo-t110-contacto-inteligente-wi-fi","status":"publish","type":"product","link":"https:\/\/tmp.compunegocios.com.pe\/index.php\/product\/sensor-tp-link-tapo-t110-contacto-inteligente-wi-fi\/","title":{"rendered":"SENSOR TP-LINK TAPO T110 CONTACTO INTELIGENTE WI-FI"},"content":{"rendered":"<p>SENSOR TP-LINK TAPO T110 CONTACTO INTELIGENTE WI-FI<\/p>\n<p>\u2705 Protecci\u00f3n contra robos. Detecta si se abren y cierran tanto puertas como ventanas y hace saltar la alarma de sonido.<br \/>\n\u2705 Notificaciones instant\u00e1neas. Recibe en el m\u00f3vil un mensaje cuando el sensor se active para saber que ocurre en casa.<br \/>\n\u2705 Compatibilidad con dispositivos inteligentes. Crea tus propias acciones inteligentes con otros dispositivos conectados compatibles.<br \/>\n\u2705 F\u00e1cil Instalaci\u00f3n. Col\u00f3calo en en casi cualquier superficie con el adhesivo 3M incluido.<br \/>\n\u2705 Amplia compatibilidad. Totalmente compatible con el ecosistema inteligente Tapo.<br \/>\n\u2705 Dimensiones: 61.4 x 37.5 x 12.3 mm<\/p>\n","protected":false},"excerpt":{"rendered":"<p>&#8211;<\/p>\n","protected":false},"featured_media":16602,"template":"","meta":[],"pwb-brand":[],"product_brand":[],"product_cat":[243],"product_tag":[],"class_list":{"0":"post-16178","1":"product","2":"type-product","3":"status-publish","4":"has-post-thumbnail","6":"product_cat-243","8":"first","9":"outofstock","10":"taxable","11":"shipping-taxable","12":"purchasable","13":"product-type-simple"},"brands":[],"_links":{"self":[{"href":"https:\/\/tmp.compunegocios.com.pe\/index.php\/wp-json\/wp\/v2\/product\/16178","targetHints":{"allow":["GET"]}}],"collection":[{"href":"https:\/\/tmp.compunegocios.com.pe\/index.php\/wp-json\/wp\/v2\/product"}],"about":[{"href":"https:\/\/tmp.compunegocios.com.pe\/index.php\/wp-json\/wp\/v2\/types\/product"}],"wp:featuredmedia":[{"embeddable":true,"href":"https:\/\/tmp.compunegocios.com.pe\/index.php\/wp-json\/wp\/v2\/media\/16602"}],"wp:attachment":[{"href":"https:\/\/tmp.compunegocios.com.pe\/index.php\/wp-json\/wp\/v2\/media?parent=16178"}],"wp:term":[{"taxonomy":"pwb-brand","embeddable":true,"href":"https:\/\/tmp.compunegocios.com.pe\/index.php\/wp-json\/wp\/v2\/pwb-brand?post=16178"},{"taxonomy":"product_brand","embeddable":true,"href":"https:\/\/tmp.compunegocios.com.pe\/index.php\/wp-json\/wp\/v2\/product_brand?post=16178"},{"taxonomy":"product_cat","embeddable":true,"href":"https:\/\/tmp.compunegocios.com.pe\/index.php\/wp-json\/wp\/v2\/product_cat?post=16178"},{"taxonomy":"product_tag","embeddable":true,"href":"https:\/\/tmp.compunegocios.com.pe\/index.php\/wp-json\/wp\/v2\/product_tag?post=16178"}],"curies":[{"name":"wp","href":"https:\/\/api.w.org\/{rel}","templated":true}]}}