{"id":16179,"date":"2024-07-25T17:59:36","date_gmt":"2024-07-25T17:59:36","guid":{"rendered":"http:\/\/compunegocios.com.pe\/index.php\/product\/sensor-de-movimiento-smart-tp-link-tapo-t100-wi-fi\/"},"modified":"2025-08-19T16:22:26","modified_gmt":"2025-08-19T16:22:26","slug":"sensor-de-movimiento-smart-tp-link-tapo-t100-wi-fi","status":"publish","type":"product","link":"https:\/\/tmp.compunegocios.com.pe\/index.php\/product\/sensor-de-movimiento-smart-tp-link-tapo-t100-wi-fi\/","title":{"rendered":"SENSOR DE MOVIMIENTO SMART TP-LINK TAPO T100 WI-FI"},"content":{"rendered":"<p>SENSOR DE MOVIMIENTO SMART TP-LINK TAPO T100 WI-FI<\/p>\n<p>\u2705 Detecci\u00f3n de amplio rango: captura movimiento hasta 7 metros de distancia y a trav\u00e9s de una vista de 120\u00b0.<br \/>\n\u2705 Luz activada por movimiento: controle las luces inteligentes seg\u00fan su movimiento y horario.<br \/>\n\u2705 Ahorro de energ\u00eda: enciende autom\u00e1ticamente los dispositivos inteligentes conectados cuando entras y sales.<br \/>\n\u2705 Alertas instant\u00e1neas y notificaciones de aplicaciones: te avisa en el modo Ausente sobre cualquier cosa que quieras saber.<br \/>\n\u2705 Funciona con bater\u00edas: el dise\u00f1o compacto que funciona con bater\u00edas admite m\u00e1s de un a\u00f1o de uso.<br \/>\n\u2705 F\u00e1cil instalaci\u00f3n: m\u00f3ntelo con el adhesivo 3M adjunto o con los imanes incorporados.<br \/>\n\u2705 Dimensiones (alto x ancho x profundidad): 42.3 x 42.3 x 34 mm<\/p>\n","protected":false},"excerpt":{"rendered":"<p>&#8211;<\/p>\n","protected":false},"featured_media":16605,"template":"","meta":[],"pwb-brand":[],"product_brand":[],"product_cat":[243],"product_tag":[],"class_list":{"0":"post-16179","1":"product","2":"type-product","3":"status-publish","4":"has-post-thumbnail","6":"product_cat-243","8":"first","9":"outofstock","10":"taxable","11":"shipping-taxable","12":"purchasable","13":"product-type-simple"},"brands":[],"_links":{"self":[{"href":"https:\/\/tmp.compunegocios.com.pe\/index.php\/wp-json\/wp\/v2\/product\/16179","targetHints":{"allow":["GET"]}}],"collection":[{"href":"https:\/\/tmp.compunegocios.com.pe\/index.php\/wp-json\/wp\/v2\/product"}],"about":[{"href":"https:\/\/tmp.compunegocios.com.pe\/index.php\/wp-json\/wp\/v2\/types\/product"}],"wp:featuredmedia":[{"embeddable":true,"href":"https:\/\/tmp.compunegocios.com.pe\/index.php\/wp-json\/wp\/v2\/media\/16605"}],"wp:attachment":[{"href":"https:\/\/tmp.compunegocios.com.pe\/index.php\/wp-json\/wp\/v2\/media?parent=16179"}],"wp:term":[{"taxonomy":"pwb-brand","embeddable":true,"href":"https:\/\/tmp.compunegocios.com.pe\/index.php\/wp-json\/wp\/v2\/pwb-brand?post=16179"},{"taxonomy":"product_brand","embeddable":true,"href":"https:\/\/tmp.compunegocios.com.pe\/index.php\/wp-json\/wp\/v2\/product_brand?post=16179"},{"taxonomy":"product_cat","embeddable":true,"href":"https:\/\/tmp.compunegocios.com.pe\/index.php\/wp-json\/wp\/v2\/product_cat?post=16179"},{"taxonomy":"product_tag","embeddable":true,"href":"https:\/\/tmp.compunegocios.com.pe\/index.php\/wp-json\/wp\/v2\/product_tag?post=16179"}],"curies":[{"name":"wp","href":"https:\/\/api.w.org\/{rel}","templated":true}]}}