{"id":16180,"date":"2024-07-25T18:03:18","date_gmt":"2024-07-25T18:03:18","guid":{"rendered":"http:\/\/compunegocios.com.pe\/index.php\/product\/router-mercusys-mw302r-300mbps-n-multimodo-2-antenas\/"},"modified":"2025-08-19T16:22:27","modified_gmt":"2025-08-19T16:22:27","slug":"router-mercusys-mw302r-300mbps-n-multimodo-2-antenas","status":"publish","type":"product","link":"https:\/\/tmp.compunegocios.com.pe\/index.php\/product\/router-mercusys-mw302r-300mbps-n-multimodo-2-antenas\/","title":{"rendered":"ROUTER MERCUSYS MW302R 300MBPS N MULTIMODO 2 ANTENAS"},"content":{"rendered":"<p>ROUTER MERCUSYS MW302R 300MBPS N MULTIMODO 2 ANTENAS<\/p>\n<p>\u2705 Router inal\u00e1mbrico N multimodo a 300Mbps<br \/>\n\u2705 Wi-Fi r\u00e1pido para la vida diaria \u2014 MW302R proporciona conexiones r\u00e1pidas y estables para satisfacer todas sus necesidades de red con velocidades de hasta 300 Mbps<br \/>\n\u2705 Cobertura m\u00e1s amplia \u2014 equipado con antenas externas de alta ganancia para entregar se\u00f1ales fuertes de Wi-Fi a cada rinc\u00f3n de tu hogar<br \/>\n\u2705 Multimodo \u2014 cuatro modos en un dispositivo para satisfacer todos los escenarios de aplicaci\u00f3n<br \/>\n\u2705 Instalaci\u00f3n sencilla \u2014 la p\u00e1gina web intuitiva te gu\u00eda a trav\u00e9s del proceso de configuraci\u00f3n en minutos<br \/>\n\u2705 Control parental activo \u2014 establece pol\u00edticas de acceso adecuadas para proteger a los ni\u00f1os con un acceso a Internet seguro y responsable<br \/>\n\u2705 Compatible con IPv6 (Protocolo de Internet versi\u00f3n 6)<\/p>\n","protected":false},"excerpt":{"rendered":"<p>&#8211;<\/p>\n","protected":false},"featured_media":16609,"template":"","meta":[],"pwb-brand":[],"product_brand":[],"product_cat":[227],"product_tag":[],"class_list":{"0":"post-16180","1":"product","2":"type-product","3":"status-publish","4":"has-post-thumbnail","6":"product_cat-227","8":"first","9":"outofstock","10":"taxable","11":"shipping-taxable","12":"purchasable","13":"product-type-simple"},"brands":[],"_links":{"self":[{"href":"https:\/\/tmp.compunegocios.com.pe\/index.php\/wp-json\/wp\/v2\/product\/16180","targetHints":{"allow":["GET"]}}],"collection":[{"href":"https:\/\/tmp.compunegocios.com.pe\/index.php\/wp-json\/wp\/v2\/product"}],"about":[{"href":"https:\/\/tmp.compunegocios.com.pe\/index.php\/wp-json\/wp\/v2\/types\/product"}],"wp:featuredmedia":[{"embeddable":true,"href":"https:\/\/tmp.compunegocios.com.pe\/index.php\/wp-json\/wp\/v2\/media\/16609"}],"wp:attachment":[{"href":"https:\/\/tmp.compunegocios.com.pe\/index.php\/wp-json\/wp\/v2\/media?parent=16180"}],"wp:term":[{"taxonomy":"pwb-brand","embeddable":true,"href":"https:\/\/tmp.compunegocios.com.pe\/index.php\/wp-json\/wp\/v2\/pwb-brand?post=16180"},{"taxonomy":"product_brand","embeddable":true,"href":"https:\/\/tmp.compunegocios.com.pe\/index.php\/wp-json\/wp\/v2\/product_brand?post=16180"},{"taxonomy":"product_cat","embeddable":true,"href":"https:\/\/tmp.compunegocios.com.pe\/index.php\/wp-json\/wp\/v2\/product_cat?post=16180"},{"taxonomy":"product_tag","embeddable":true,"href":"https:\/\/tmp.compunegocios.com.pe\/index.php\/wp-json\/wp\/v2\/product_tag?post=16180"}],"curies":[{"name":"wp","href":"https:\/\/api.w.org\/{rel}","templated":true}]}}