{"id":162,"date":"2023-11-11T12:19:11","date_gmt":"2023-11-11T12:19:11","guid":{"rendered":"http:\/\/compunegocios.com.pe\/index.php\/product\/impresora-laser-monocromatica-brother-hl-1212\/"},"modified":"2025-08-19T17:01:54","modified_gmt":"2025-08-19T17:01:54","slug":"impresora-laser-monocromatica-brother-hl-1212","status":"publish","type":"product","link":"https:\/\/tmp.compunegocios.com.pe\/index.php\/product\/impresora-laser-monocromatica-brother-hl-1212\/","title":{"rendered":"IMPRESORA LASER MONOCROMATICA BROTHER HL-1212W"},"content":{"rendered":"<p>IMPRESORA LASER MONOCROMATICA BROTHER HL-1212W<\/p>\n<p>Ayuda a incrementar su productividad con una velocidad de impresi\u00f3n en negro de hasta 21 p\u00e1ginas por minuto \u2021<br \/>\nImpresi\u00f3n inal\u00e1mbrica desde su dispositivo m\u00f3vil v\u00eda Brother iPrint&amp;Scan.<br \/>\nAhorra dinero utilizando el modo de Ahorro de t\u00f3ner.<br \/>\nModerno y compacto. Dise\u00f1o compacto que ahorra espacio<br \/>\nGran capacidad de entrada de papel &#8211; 150 hojas<br \/>\nResultados de alta calidad. Imprima documentos de alta calidad con resoluci\u00f3n de hasta 2.400 x 600 dpi.<br \/>\nF\u00e1cil de usar y de sencillo mantenimiento<br \/>\nF\u00e1cil de instalar para uso en red inal\u00e1mbrica o local mediante la interfaz USB 2.0 de alta velocidad.<\/p>\n","protected":false},"excerpt":{"rendered":"<p>&#8211;<\/p>\n","protected":false},"featured_media":956,"template":"","meta":[],"pwb-brand":[],"product_brand":[],"product_cat":[204],"product_tag":[],"class_list":{"0":"post-162","1":"product","2":"type-product","3":"status-publish","4":"has-post-thumbnail","6":"product_cat-204","8":"first","9":"instock","10":"taxable","11":"shipping-taxable","12":"purchasable","13":"product-type-simple"},"brands":[],"_links":{"self":[{"href":"https:\/\/tmp.compunegocios.com.pe\/index.php\/wp-json\/wp\/v2\/product\/162","targetHints":{"allow":["GET"]}}],"collection":[{"href":"https:\/\/tmp.compunegocios.com.pe\/index.php\/wp-json\/wp\/v2\/product"}],"about":[{"href":"https:\/\/tmp.compunegocios.com.pe\/index.php\/wp-json\/wp\/v2\/types\/product"}],"wp:featuredmedia":[{"embeddable":true,"href":"https:\/\/tmp.compunegocios.com.pe\/index.php\/wp-json\/wp\/v2\/media\/956"}],"wp:attachment":[{"href":"https:\/\/tmp.compunegocios.com.pe\/index.php\/wp-json\/wp\/v2\/media?parent=162"}],"wp:term":[{"taxonomy":"pwb-brand","embeddable":true,"href":"https:\/\/tmp.compunegocios.com.pe\/index.php\/wp-json\/wp\/v2\/pwb-brand?post=162"},{"taxonomy":"product_brand","embeddable":true,"href":"https:\/\/tmp.compunegocios.com.pe\/index.php\/wp-json\/wp\/v2\/product_brand?post=162"},{"taxonomy":"product_cat","embeddable":true,"href":"https:\/\/tmp.compunegocios.com.pe\/index.php\/wp-json\/wp\/v2\/product_cat?post=162"},{"taxonomy":"product_tag","embeddable":true,"href":"https:\/\/tmp.compunegocios.com.pe\/index.php\/wp-json\/wp\/v2\/product_tag?post=162"}],"curies":[{"name":"wp","href":"https:\/\/api.w.org\/{rel}","templated":true}]}}