{"id":163,"date":"2023-11-11T12:19:12","date_gmt":"2023-11-11T12:19:12","guid":{"rendered":"http:\/\/compunegocios.com.pe\/index.php\/product\/laptop-gamer-hp-victus-16-d0523la\/"},"modified":"2025-08-19T17:01:55","modified_gmt":"2025-08-19T17:01:55","slug":"laptop-gamer-hp-victus-16-d0523la","status":"publish","type":"product","link":"https:\/\/tmp.compunegocios.com.pe\/index.php\/product\/laptop-gamer-hp-victus-16-d0523la\/","title":{"rendered":"LAPTOP GAMER HP VICTUS 16-d0523la"},"content":{"rendered":"<p>LAPTOP GAMER HP VICTUS 16-d0523la<br \/>\nEspecificaciones T\u00e9cnicas<br \/>\nRendimiento<br \/>\nProcesador\tIntel\u00ae Core\u2122 i7-11600H (hasta 4,6 GHz con tecnolog\u00eda Intel\u00ae Turbo Boost, 18 MB de cach\u00e9 L3, 6 n\u00facleos y 12 subprocesos)<br \/>\nMemoria\t16 GB de RAM DDR4-3200 MHz (2 x 8 GB)<br \/>\nAlmacenamiento\tUnidad de estado s\u00f3lido PCIe\u00ae NVMe\u2122 TLC M.2 de 512 GB<br \/>\nTarjeta Gr\u00e1fica\tGPU NVIDIA\u00ae GeForce RTX\u2122 3050 para laptop (GDDR6 de 4 GB dedicada)<br \/>\nDuraci\u00f3n de la Bater\u00eda\tHasta 9 horas y 45 minutos<br \/>\nSistema Operativo\tWindows 11 Home Single Language<br \/>\nPantalla<br \/>\nTipo de Pantalla\tPantalla FHD (1920 x 1080) de 16,1&#8243; (40,9 cm) en diagonal, IPS, con microbordes, antirreflejante, 250 nits y 45 % de NTSC<br \/>\nPantalla Touch\tNo<br \/>\nDise\u00f1o<br \/>\nColor\tAzul metalizado brillante<br \/>\nPeso\t2,46 kg<br \/>\nDimensiones\t37 x 26 x 2,35 cm<br \/>\nUnidad \u00d3ptica\tUnidad \u00f3ptica no incluida<br \/>\nSistema de Audio\tAudio by B&amp;O; Altavoces dobles; HP Audio Boost<br \/>\nC\u00e1mara Web\tC\u00e1mara HD HP Wide Vision de 720p con micr\u00f3fonos digitales integrados de doble matriz<br \/>\nOtros<br \/>\nConectividad\tCombo Realtek Wi-Fi 6 (1&#215;2) y Bluetooth\u00ae 5.2 (admite velocidad de datos Gigabit)<br \/>\nLector de huellas digitales\tLector de huellas dactilares no disponible<br \/>\nGarant\u00eda\t1 a\u00f1o de garant\u00eda limitada de hardware con soporte t\u00e9cnico telef\u00f3nico gratuito; 90 d\u00edas de soporte t\u00e9cnico limitado para software (a partir de la fecha de compra)<br \/>\nTeclado\tTeclado de tama\u00f1o completo, con retroiluminaci\u00f3n, de color azul intenso y teclado num\u00e9rico. Teclado en Espa\u00f1ol.<\/p>\n","protected":false},"excerpt":{"rendered":"<p>&#8211;<\/p>\n","protected":false},"featured_media":953,"template":"","meta":[],"pwb-brand":[340,338],"product_brand":[],"product_cat":[23],"product_tag":[],"class_list":{"0":"post-163","1":"product","2":"type-product","3":"status-publish","4":"has-post-thumbnail","6":"pwb-brand-hp","7":"pwb-brand-intel","8":"product_cat-23","10":"first","11":"outofstock","12":"taxable","13":"shipping-taxable","14":"purchasable","15":"product-type-simple"},"brands":[{"id":340,"name":"HP","slug":"hp"},{"id":338,"name":"Intel","slug":"intel"}],"_links":{"self":[{"href":"https:\/\/tmp.compunegocios.com.pe\/index.php\/wp-json\/wp\/v2\/product\/163","targetHints":{"allow":["GET"]}}],"collection":[{"href":"https:\/\/tmp.compunegocios.com.pe\/index.php\/wp-json\/wp\/v2\/product"}],"about":[{"href":"https:\/\/tmp.compunegocios.com.pe\/index.php\/wp-json\/wp\/v2\/types\/product"}],"wp:featuredmedia":[{"embeddable":true,"href":"https:\/\/tmp.compunegocios.com.pe\/index.php\/wp-json\/wp\/v2\/media\/953"}],"wp:attachment":[{"href":"https:\/\/tmp.compunegocios.com.pe\/index.php\/wp-json\/wp\/v2\/media?parent=163"}],"wp:term":[{"taxonomy":"pwb-brand","embeddable":true,"href":"https:\/\/tmp.compunegocios.com.pe\/index.php\/wp-json\/wp\/v2\/pwb-brand?post=163"},{"taxonomy":"product_brand","embeddable":true,"href":"https:\/\/tmp.compunegocios.com.pe\/index.php\/wp-json\/wp\/v2\/product_brand?post=163"},{"taxonomy":"product_cat","embeddable":true,"href":"https:\/\/tmp.compunegocios.com.pe\/index.php\/wp-json\/wp\/v2\/product_cat?post=163"},{"taxonomy":"product_tag","embeddable":true,"href":"https:\/\/tmp.compunegocios.com.pe\/index.php\/wp-json\/wp\/v2\/product_tag?post=163"}],"curies":[{"name":"wp","href":"https:\/\/api.w.org\/{rel}","templated":true}]}}