{"id":16640,"date":"2024-07-30T03:43:48","date_gmt":"2024-07-30T03:43:48","guid":{"rendered":"http:\/\/compunegocios.com.pe\/index.php\/product\/mouse-gaming-inalambrico-cooler-master-mm731-white-matte-rgb-dpi-19000-pn-mm-731-wwoh1\/"},"modified":"2025-08-19T16:21:30","modified_gmt":"2025-08-19T16:21:30","slug":"mouse-gaming-inalambrico-cooler-master-mm731-white-matte-rgb-dpi-19000-pn-mm-731-wwoh1","status":"publish","type":"product","link":"https:\/\/tmp.compunegocios.com.pe\/index.php\/product\/mouse-gaming-inalambrico-cooler-master-mm731-white-matte-rgb-dpi-19000-pn-mm-731-wwoh1\/","title":{"rendered":"MOUSE GAMING INAL\u00c1MBRICO COOLER MASTER MM731 WHITE MATTE RGB DPI 19000 (PN: MM-731-WWOH1)"},"content":{"rendered":"<p>MOUSE GAMING INAL\u00c1MBRICO COOLER MASTER MM731 WHITE MATTE RGB DPI 19000 (PN: MM-731-WWOH1)<\/p>\n<p>Descripci\u00f3n del producto: Cooler Master MasterMouse MM731 &#8211; rat\u00f3n &#8211; USB, Bluetooth, 2,4 GHz &#8211; blanco<br \/>\nTecnolog\u00eda de conectividad: Inal\u00e1mbrico, con cable &#8211; USB, Bluetooth, 2,4 GHz<br \/>\nColor: Blanco<br \/>\nOrientaci\u00f3n: Diestro<br \/>\nDimensiones (Ancho x Fondo x Alto): 6,9 cm x 12,23 cm x 3,91 cm<br \/>\nTecnolog\u00eda de detecci\u00f3n de movimiento: \u00d3ptica<br \/>\nCantidad de botones: 6<br \/>\nResoluci\u00f3n de movimiento: 19000 ppp<br \/>\nRendimiento: 50 G de aceleraci\u00f3n m\u00e1xima, velocidad de seguimiento de 400 ips, 70 millones de clics , cambio de sensibilidad en tiempo real 400\/800\/1200\/1600\/3200\/8000\/19000 ppp<br \/>\nCaracter\u00edsticas: 16,7 millones de iluminaci\u00f3n multicolor, sensor Pixart, agarre en la palma, cable desmontable, agarre en forma de garra<br \/>\nLongitud del cable: 1,8 m<br \/>\nSistema operativo requerido: Apple MacOS, Windows 8 o posterior<\/p>\n","protected":false},"excerpt":{"rendered":"<p>&#8211;<\/p>\n","protected":false},"featured_media":16693,"template":"","meta":[],"pwb-brand":[],"product_brand":[],"product_cat":[193],"product_tag":[],"class_list":{"0":"post-16640","1":"product","2":"type-product","3":"status-publish","4":"has-post-thumbnail","6":"product_cat-193","8":"first","9":"instock","10":"taxable","11":"shipping-taxable","12":"purchasable","13":"product-type-simple"},"brands":[],"_links":{"self":[{"href":"https:\/\/tmp.compunegocios.com.pe\/index.php\/wp-json\/wp\/v2\/product\/16640","targetHints":{"allow":["GET"]}}],"collection":[{"href":"https:\/\/tmp.compunegocios.com.pe\/index.php\/wp-json\/wp\/v2\/product"}],"about":[{"href":"https:\/\/tmp.compunegocios.com.pe\/index.php\/wp-json\/wp\/v2\/types\/product"}],"wp:featuredmedia":[{"embeddable":true,"href":"https:\/\/tmp.compunegocios.com.pe\/index.php\/wp-json\/wp\/v2\/media\/16693"}],"wp:attachment":[{"href":"https:\/\/tmp.compunegocios.com.pe\/index.php\/wp-json\/wp\/v2\/media?parent=16640"}],"wp:term":[{"taxonomy":"pwb-brand","embeddable":true,"href":"https:\/\/tmp.compunegocios.com.pe\/index.php\/wp-json\/wp\/v2\/pwb-brand?post=16640"},{"taxonomy":"product_brand","embeddable":true,"href":"https:\/\/tmp.compunegocios.com.pe\/index.php\/wp-json\/wp\/v2\/product_brand?post=16640"},{"taxonomy":"product_cat","embeddable":true,"href":"https:\/\/tmp.compunegocios.com.pe\/index.php\/wp-json\/wp\/v2\/product_cat?post=16640"},{"taxonomy":"product_tag","embeddable":true,"href":"https:\/\/tmp.compunegocios.com.pe\/index.php\/wp-json\/wp\/v2\/product_tag?post=16640"}],"curies":[{"name":"wp","href":"https:\/\/api.w.org\/{rel}","templated":true}]}}