{"id":16672,"date":"2024-07-30T03:45:03","date_gmt":"2024-07-30T03:45:03","guid":{"rendered":"http:\/\/compunegocios.com.pe\/index.php\/product\/mouse-optico-inalambrico-teros-te5075r-color-rosado-1600-dpi-receptor-usb\/"},"modified":"2025-08-19T16:21:54","modified_gmt":"2025-08-19T16:21:54","slug":"mouse-optico-inalambrico-teros-te5075r-color-rosado-1600-dpi-receptor-usb","status":"publish","type":"product","link":"https:\/\/tmp.compunegocios.com.pe\/index.php\/product\/mouse-optico-inalambrico-teros-te5075r-color-rosado-1600-dpi-receptor-usb\/","title":{"rendered":"MOUSE \u00d3PTICO INAL\u00c1MBRICO TEROS TE5075R COLOR ROSADO 1600 DPI RECEPTOR USB"},"content":{"rendered":"<p>MOUSE \u00d3PTICO INAL\u00c1MBRICO TEROS TE5075R COLOR ROSADO 1600 DPI RECEPTOR USB<\/p>\n<p>MARCA: TEROS<br \/>\nMODELO: TE-5075R<br \/>\n TIPO: OPTICO INAL\u00c1MBRICO<br \/>\nCOLOR: ROSADO<br \/>\nESPACIO DE TRABAJO: 800 \/ 1200 \/ 1600 DPI<br \/>\nINTERFAZ: RECEPTOR USB<br \/>\nCARACTERISTICAS ADICIONALES<br \/>\n&#8211; TECNOLOG\u00cdA INALAMBRICA DE 2.4 GHz<br \/>\n&#8211; 4 BOTONES<br \/>\n&#8211; CON RUEDA<\/p>\n","protected":false},"excerpt":{"rendered":"<p>&#8211;<\/p>\n","protected":false},"featured_media":16773,"template":"","meta":[],"pwb-brand":[],"product_brand":[],"product_cat":[193],"product_tag":[],"class_list":{"0":"post-16672","1":"product","2":"type-product","3":"status-publish","4":"has-post-thumbnail","6":"product_cat-193","8":"first","9":"instock","10":"taxable","11":"shipping-taxable","12":"purchasable","13":"product-type-simple"},"brands":[],"_links":{"self":[{"href":"https:\/\/tmp.compunegocios.com.pe\/index.php\/wp-json\/wp\/v2\/product\/16672","targetHints":{"allow":["GET"]}}],"collection":[{"href":"https:\/\/tmp.compunegocios.com.pe\/index.php\/wp-json\/wp\/v2\/product"}],"about":[{"href":"https:\/\/tmp.compunegocios.com.pe\/index.php\/wp-json\/wp\/v2\/types\/product"}],"wp:featuredmedia":[{"embeddable":true,"href":"https:\/\/tmp.compunegocios.com.pe\/index.php\/wp-json\/wp\/v2\/media\/16773"}],"wp:attachment":[{"href":"https:\/\/tmp.compunegocios.com.pe\/index.php\/wp-json\/wp\/v2\/media?parent=16672"}],"wp:term":[{"taxonomy":"pwb-brand","embeddable":true,"href":"https:\/\/tmp.compunegocios.com.pe\/index.php\/wp-json\/wp\/v2\/pwb-brand?post=16672"},{"taxonomy":"product_brand","embeddable":true,"href":"https:\/\/tmp.compunegocios.com.pe\/index.php\/wp-json\/wp\/v2\/product_brand?post=16672"},{"taxonomy":"product_cat","embeddable":true,"href":"https:\/\/tmp.compunegocios.com.pe\/index.php\/wp-json\/wp\/v2\/product_cat?post=16672"},{"taxonomy":"product_tag","embeddable":true,"href":"https:\/\/tmp.compunegocios.com.pe\/index.php\/wp-json\/wp\/v2\/product_tag?post=16672"}],"curies":[{"name":"wp","href":"https:\/\/api.w.org\/{rel}","templated":true}]}}