{"id":16673,"date":"2024-07-30T03:45:06","date_gmt":"2024-07-30T03:45:06","guid":{"rendered":"http:\/\/compunegocios.com.pe\/index.php\/product\/camara-para-interiores-argomtech-convoy-40-smart-wi-fi-full-motion-indoor-2k-qhd\/"},"modified":"2025-08-19T16:21:55","modified_gmt":"2025-08-19T16:21:55","slug":"camara-para-interiores-argomtech-convoy-40-smart-wi-fi-full-motion-indoor-2k-qhd","status":"publish","type":"product","link":"https:\/\/tmp.compunegocios.com.pe\/index.php\/product\/camara-para-interiores-argomtech-convoy-40-smart-wi-fi-full-motion-indoor-2k-qhd\/","title":{"rendered":"C\u00c1MARA PARA INTERIORES ARGOMTECH SV-8040WT CONVOY 40 SMART WI-FI FULL MOTION INDOOR 2K QHD"},"content":{"rendered":"<p>C\u00c1MARA PARA INTERIORES ARGOMTECH SV-8040WT CONVOY 40 SMART WI-FI FULL MOTION INDOOR 2K QHD<\/p>\n<p>C\u00e1mara de movimiento completo PTZ para interiores<br \/>\nAdmite control por voz a trav\u00e9s de Amazon Alexa y Google Assistant<br \/>\nResoluci\u00f3n: 1296p (3MP) \/ 20fps<br \/>\n\u00c1ngulo de la lente: 355\u00b0<br \/>\nVisi\u00f3n nocturna: S\u00ed, hasta 10 m<br \/>\nConexi\u00f3n inal\u00e1mbrica: 2,4 GHz<br \/>\nDetecci\u00f3n de movimiento: S\u00ed<br \/>\nDetecci\u00f3n de sonido: S\u00ed, a trav\u00e9s de la aplicaci\u00f3n<\/p>\n","protected":false},"excerpt":{"rendered":"<p>&#8211;<\/p>\n","protected":false},"featured_media":16776,"template":"","meta":[],"pwb-brand":[],"product_brand":[],"product_cat":[235],"product_tag":[],"class_list":{"0":"post-16673","1":"product","2":"type-product","3":"status-publish","4":"has-post-thumbnail","6":"product_cat-235","8":"first","9":"instock","10":"taxable","11":"shipping-taxable","12":"purchasable","13":"product-type-simple"},"brands":[],"_links":{"self":[{"href":"https:\/\/tmp.compunegocios.com.pe\/index.php\/wp-json\/wp\/v2\/product\/16673","targetHints":{"allow":["GET"]}}],"collection":[{"href":"https:\/\/tmp.compunegocios.com.pe\/index.php\/wp-json\/wp\/v2\/product"}],"about":[{"href":"https:\/\/tmp.compunegocios.com.pe\/index.php\/wp-json\/wp\/v2\/types\/product"}],"wp:featuredmedia":[{"embeddable":true,"href":"https:\/\/tmp.compunegocios.com.pe\/index.php\/wp-json\/wp\/v2\/media\/16776"}],"wp:attachment":[{"href":"https:\/\/tmp.compunegocios.com.pe\/index.php\/wp-json\/wp\/v2\/media?parent=16673"}],"wp:term":[{"taxonomy":"pwb-brand","embeddable":true,"href":"https:\/\/tmp.compunegocios.com.pe\/index.php\/wp-json\/wp\/v2\/pwb-brand?post=16673"},{"taxonomy":"product_brand","embeddable":true,"href":"https:\/\/tmp.compunegocios.com.pe\/index.php\/wp-json\/wp\/v2\/product_brand?post=16673"},{"taxonomy":"product_cat","embeddable":true,"href":"https:\/\/tmp.compunegocios.com.pe\/index.php\/wp-json\/wp\/v2\/product_cat?post=16673"},{"taxonomy":"product_tag","embeddable":true,"href":"https:\/\/tmp.compunegocios.com.pe\/index.php\/wp-json\/wp\/v2\/product_tag?post=16673"}],"curies":[{"name":"wp","href":"https:\/\/api.w.org\/{rel}","templated":true}]}}