{"id":172,"date":"2023-11-11T12:19:28","date_gmt":"2023-11-11T12:19:28","guid":{"rendered":"http:\/\/compunegocios.com.pe\/index.php\/product\/laptop-gamer-asus-tuf-dash-fx517zc-ws51-core-i5-12450h-8gb-ram-512gb-ssd-rtx-3050-4gb-ingles\/"},"modified":"2025-08-19T17:02:04","modified_gmt":"2025-08-19T17:02:04","slug":"laptop-gamer-asus-tuf-dash-fx517zc-ws51-core-i5-12450h-8gb-ram-512gb-ssd-rtx-3050-4gb-ingles","status":"publish","type":"product","link":"https:\/\/tmp.compunegocios.com.pe\/index.php\/product\/laptop-gamer-asus-tuf-dash-fx517zc-ws51-core-i5-12450h-8gb-ram-512gb-ssd-rtx-3050-4gb-ingles\/","title":{"rendered":"LAPTOP GAMER ASUS TUF DASH FX517ZC-WS51 CORE i5-12450H  8GB RAM  512GB SSD  RTX 3050 4GB INGLES (PN: 90NR09L3-M009Z0)"},"content":{"rendered":"<p>Modelo\tASUS TUF Dash FX517ZC-WS51<br \/>\nProcesador\tIntel\u00ae Core\u2122 i5-12450H 3.3Ghz (Turbo 4.4Ghz) \u2013 8 N\u00facleos<br \/>\nMemoria RAM\t8GB DDR5, (4800 MHZ)<br \/>\nAlmacenamiento\t512GB SSD S\u00f3lido M.2, PCle 3.0<br \/>\nPantalla\t15.6&#8243; FHD (1920\u00d71080), 144Hz<br \/>\nTarjeta de video\tNVIDIA GeForce RTX 3050 \u2013 4GB GDDR6<br \/>\nConectividad<br \/>\nWi-Fi 6<br \/>\nBluetooth 5.1<br \/>\nTeclado Num\u00e9rico: S\u00ed Iluminado: S\u00ed Ingl\u00e9s (Configurable a espa\u00f1ol)<br \/>\nSistema Operativo\tWindows 11 Home<br \/>\nBater\u00eda\t4 celdas<\/p>\n","protected":false},"excerpt":{"rendered":"<p>&#8211;<\/p>\n","protected":false},"featured_media":919,"template":"","meta":[],"pwb-brand":[339,338,342],"product_brand":[],"product_cat":[23],"product_tag":[],"class_list":{"0":"post-172","1":"product","2":"type-product","3":"status-publish","4":"has-post-thumbnail","6":"pwb-brand-asus","7":"pwb-brand-intel","8":"pwb-brand-nvidia-rtx","9":"product_cat-23","11":"first","12":"instock","13":"taxable","14":"shipping-taxable","15":"purchasable","16":"product-type-simple"},"brands":[{"id":339,"name":"Asus","slug":"asus"},{"id":338,"name":"Intel","slug":"intel"},{"id":342,"name":"Nvidia RTX","slug":"nvidia-rtx"}],"_links":{"self":[{"href":"https:\/\/tmp.compunegocios.com.pe\/index.php\/wp-json\/wp\/v2\/product\/172","targetHints":{"allow":["GET"]}}],"collection":[{"href":"https:\/\/tmp.compunegocios.com.pe\/index.php\/wp-json\/wp\/v2\/product"}],"about":[{"href":"https:\/\/tmp.compunegocios.com.pe\/index.php\/wp-json\/wp\/v2\/types\/product"}],"wp:featuredmedia":[{"embeddable":true,"href":"https:\/\/tmp.compunegocios.com.pe\/index.php\/wp-json\/wp\/v2\/media\/919"}],"wp:attachment":[{"href":"https:\/\/tmp.compunegocios.com.pe\/index.php\/wp-json\/wp\/v2\/media?parent=172"}],"wp:term":[{"taxonomy":"pwb-brand","embeddable":true,"href":"https:\/\/tmp.compunegocios.com.pe\/index.php\/wp-json\/wp\/v2\/pwb-brand?post=172"},{"taxonomy":"product_brand","embeddable":true,"href":"https:\/\/tmp.compunegocios.com.pe\/index.php\/wp-json\/wp\/v2\/product_brand?post=172"},{"taxonomy":"product_cat","embeddable":true,"href":"https:\/\/tmp.compunegocios.com.pe\/index.php\/wp-json\/wp\/v2\/product_cat?post=172"},{"taxonomy":"product_tag","embeddable":true,"href":"https:\/\/tmp.compunegocios.com.pe\/index.php\/wp-json\/wp\/v2\/product_tag?post=172"}],"curies":[{"name":"wp","href":"https:\/\/api.w.org\/{rel}","templated":true}]}}