{"id":17234,"date":"2024-08-05T23:40:02","date_gmt":"2024-08-05T23:40:02","guid":{"rendered":"http:\/\/compunegocios.com.pe\/index.php\/product\/kit-de-limpieza-airboom-ab-c5-120ml-plastic-blister\/"},"modified":"2025-09-08T15:26:33","modified_gmt":"2025-09-08T15:26:33","slug":"kit-de-limpieza-airboom-ab-c5-120ml-plastic-blister","status":"publish","type":"product","link":"https:\/\/tmp.compunegocios.com.pe\/index.php\/product\/kit-de-limpieza-airboom-ab-c5-120ml-plastic-blister\/","title":{"rendered":"KIT DE LIMPIEZA AIRBOOM AB C5 120ML PLASTIC BLISTER"},"content":{"rendered":"<p>KIT DE LIMPIEZA AIRBOOM AB C5 120ML PLASTIC BLISTER<\/p>\n<p>No es Corrosivo a la Pantalla.<br \/>\nSecado R\u00e1pido.<br \/>\nNo Da\u00f1a Ni Deja Marcas en las Superficies,<br \/>\nManteniendo su Pantalla en Perfectas Condiciones.<br \/>\nLimpia de una Forma R\u00e1pida y Segura.<br \/>\nContenido del Envase 120 ml.<br \/>\nIdeal para:<br \/>\nMonitores, Pantallas Protectoras,<br \/>\nTelevisores, Laptops, Tablet, Smartphone,<br \/>\nLentes de C\u00e1maras, Esc\u00e1ners y m\u00e1s.<br \/>\nIncluye:<br \/>\nPa\u00f1o de 16 x 18cm.<\/p>\n","protected":false},"excerpt":{"rendered":"<p>&#8211;<\/p>\n","protected":false},"featured_media":17271,"template":"","meta":[],"pwb-brand":[],"product_brand":[],"product_cat":[243],"product_tag":[],"class_list":{"0":"post-17234","1":"product","2":"type-product","3":"status-publish","4":"has-post-thumbnail","6":"product_cat-243","8":"first","9":"instock","10":"taxable","11":"shipping-taxable","12":"purchasable","13":"product-type-simple"},"brands":[],"_links":{"self":[{"href":"https:\/\/tmp.compunegocios.com.pe\/index.php\/wp-json\/wp\/v2\/product\/17234","targetHints":{"allow":["GET"]}}],"collection":[{"href":"https:\/\/tmp.compunegocios.com.pe\/index.php\/wp-json\/wp\/v2\/product"}],"about":[{"href":"https:\/\/tmp.compunegocios.com.pe\/index.php\/wp-json\/wp\/v2\/types\/product"}],"wp:featuredmedia":[{"embeddable":true,"href":"https:\/\/tmp.compunegocios.com.pe\/index.php\/wp-json\/wp\/v2\/media\/17271"}],"wp:attachment":[{"href":"https:\/\/tmp.compunegocios.com.pe\/index.php\/wp-json\/wp\/v2\/media?parent=17234"}],"wp:term":[{"taxonomy":"pwb-brand","embeddable":true,"href":"https:\/\/tmp.compunegocios.com.pe\/index.php\/wp-json\/wp\/v2\/pwb-brand?post=17234"},{"taxonomy":"product_brand","embeddable":true,"href":"https:\/\/tmp.compunegocios.com.pe\/index.php\/wp-json\/wp\/v2\/product_brand?post=17234"},{"taxonomy":"product_cat","embeddable":true,"href":"https:\/\/tmp.compunegocios.com.pe\/index.php\/wp-json\/wp\/v2\/product_cat?post=17234"},{"taxonomy":"product_tag","embeddable":true,"href":"https:\/\/tmp.compunegocios.com.pe\/index.php\/wp-json\/wp\/v2\/product_tag?post=17234"}],"curies":[{"name":"wp","href":"https:\/\/api.w.org\/{rel}","templated":true}]}}