{"id":17305,"date":"2024-08-13T16:42:39","date_gmt":"2024-08-13T16:42:39","guid":{"rendered":"http:\/\/compunegocios.com.pe\/index.php\/product\/router-inalambrico-tp-link-tl-wr841hp-300mbps\/"},"modified":"2025-10-11T00:20:55","modified_gmt":"2025-10-11T00:20:55","slug":"router-inalambrico-tp-link-tl-wr841hp-300mbps","status":"publish","type":"product","link":"https:\/\/tmp.compunegocios.com.pe\/index.php\/product\/router-inalambrico-tp-link-tl-wr841hp-300mbps\/","title":{"rendered":"ROUTER INALAMBRICO TP-LINK (TL-WR841HP) 300MBPS"},"content":{"rendered":"<p>\u2705 Marca: Tp-Link | Router TL-WR841HP<br \/>\n\u2705 El amplificador de alta potencia y las antenas de 9dBi proporcionan 4 veces el rango inal\u00e1mbrico de un router normal<br \/>\n\u2705 La se\u00f1al Wi-Fi mejorada penetra paredes y obst\u00e1culos eliminando zonas sin recepci\u00f3n<br \/>\n\u2705 2 veces la velocidad inal\u00e1mbrica de un router normal a trav\u00e9s de largas distancias permite la transferencia de datos sin problemas y el streaming de multimedia en toda su red<br \/>\n\u2705 La velocidad inal\u00e1mbrica de 300Mbps es ideal para el streaming de video, juegos en l\u00ednea y VoIP<br \/>\n\u2705 Antena: 2 Antenas Desmontables Omnidireccionales de 9dBi (RP-SMA)<br \/>\n\u2705 Fuente de Alimentaci\u00f3n Externa: 12VDC \/ 1A<br \/>\n\u2705 Est\u00e1ndares Inal\u00e1mbricos: IEEE 802.11n, IEEE 802.11g, IEEE 802.11b<\/p>\n","protected":false},"excerpt":{"rendered":"<p>&#8211;<\/p>\n","protected":false},"featured_media":17347,"template":"","meta":[],"pwb-brand":[],"product_brand":[],"product_cat":[227],"product_tag":[],"class_list":{"0":"post-17305","1":"product","2":"type-product","3":"status-publish","4":"has-post-thumbnail","6":"product_cat-227","8":"first","9":"instock","10":"taxable","11":"shipping-taxable","12":"purchasable","13":"product-type-simple"},"brands":[],"_links":{"self":[{"href":"https:\/\/tmp.compunegocios.com.pe\/index.php\/wp-json\/wp\/v2\/product\/17305","targetHints":{"allow":["GET"]}}],"collection":[{"href":"https:\/\/tmp.compunegocios.com.pe\/index.php\/wp-json\/wp\/v2\/product"}],"about":[{"href":"https:\/\/tmp.compunegocios.com.pe\/index.php\/wp-json\/wp\/v2\/types\/product"}],"wp:featuredmedia":[{"embeddable":true,"href":"https:\/\/tmp.compunegocios.com.pe\/index.php\/wp-json\/wp\/v2\/media\/17347"}],"wp:attachment":[{"href":"https:\/\/tmp.compunegocios.com.pe\/index.php\/wp-json\/wp\/v2\/media?parent=17305"}],"wp:term":[{"taxonomy":"pwb-brand","embeddable":true,"href":"https:\/\/tmp.compunegocios.com.pe\/index.php\/wp-json\/wp\/v2\/pwb-brand?post=17305"},{"taxonomy":"product_brand","embeddable":true,"href":"https:\/\/tmp.compunegocios.com.pe\/index.php\/wp-json\/wp\/v2\/product_brand?post=17305"},{"taxonomy":"product_cat","embeddable":true,"href":"https:\/\/tmp.compunegocios.com.pe\/index.php\/wp-json\/wp\/v2\/product_cat?post=17305"},{"taxonomy":"product_tag","embeddable":true,"href":"https:\/\/tmp.compunegocios.com.pe\/index.php\/wp-json\/wp\/v2\/product_tag?post=17305"}],"curies":[{"name":"wp","href":"https:\/\/api.w.org\/{rel}","templated":true}]}}