{"id":17312,"date":"2024-08-19T23:43:54","date_gmt":"2024-08-19T23:43:54","guid":{"rendered":"http:\/\/compunegocios.com.pe\/index.php\/product\/proyector-laser-powerlite-l520w-wxga-hdmi-x-2-vga-x-2-lan-rj-45-x-1-pn-v11ha31020\/"},"modified":"2025-08-19T16:22:56","modified_gmt":"2025-08-19T16:22:56","slug":"proyector-laser-powerlite-l520w-wxga-hdmi-x-2-vga-x-2-lan-rj-45-x-1-pn-v11ha31020","status":"publish","type":"product","link":"https:\/\/tmp.compunegocios.com.pe\/index.php\/product\/proyector-laser-powerlite-l520w-wxga-hdmi-x-2-vga-x-2-lan-rj-45-x-1-pn-v11ha31020\/","title":{"rendered":"PROYECTOR LASER POWERLITE L520W WXGA HDMI X 2 VGA X 2 LAN (RJ-45) X 1 (PN: V11HA31020)"},"content":{"rendered":"<p>MARCA: EPSON<br \/>\nMODELO: POWERLITE L520W<br \/>\nNUMERO DE PARTE: V11HA31020<br \/>\nCARACTERISTICAS:<br \/>\nSISTEMA DE PROYECCI\u00d3N: SISTEMA DE PROYECCI\u00d3N DE CRISTAL L\u00cdQUIDO RGB CON OBTURADOR<br \/>\nM\u00c9TODO DE PROYECCI\u00d3N: MONTAJE FRONTAL \/ TRASERO \/ TECHO<br \/>\nN\u00daMERO DE P\u00cdXELES: 1.024.000 PUNTOS (1280 X 800) X 3<br \/>\nRESOLUCI\u00d3N NATIVA: 1280 X 800 (WXGA)<br \/>\nREDIMENSION: 640 X 480, 800 X 600, 1280 X 1024, 1400 X 1050<br \/>\nRELACI\u00d3N DE ASPECTO: SOPORTA 16:10<br \/>\nBRILLO DE COLOR \/ NEGRO: EMISI\u00d3N DE LUZ: 5200 L\u00daMENES<br \/>\nRELACI\u00d3N DE CONTRASTE: 2.500.000: 1<br \/>\nTAMA\u00d1O (DISTANCIA PROYECTADA) 29&#8243;- 280&#8243; \/ DISTANCIA PROYECTADA PANTALLA DE 60&#8243; 1.79 \u0096 2.92 M<br \/>\nTECNOLOG\u00cdA DE ILUMINACI\u00d3N: DIODO L\u00c1SER<br \/>\nLENTE DE PROYECCI\u00d3N (EST\u00c1NDAR):<br \/>\nTIPO ZOOM \u00d3PTICO (MANUAL) \/ ENFOQUE (MANUAL)<br \/>\nRELACI\u00d3N DE ZOOM \u00d3PTICO 1 &#8211; 1.6X \/ RANGO DE RELACI\u00d3N DE ALCANCE 1.38 \u0096 2.24<br \/>\nPUERTOS:<br \/>\nHDMI X 2 \/ VGA X 2 \/ SALIDA DE MONITOR: MINI D-SUB DE 15 PINES X 1 \/ HDBASET X 1 \/ ENTRADA DE AUDIO: MINI EST\u00c9REO X 2 \/ SALIDA DE AUDIO VARIABLE: MINI EST\u00c9REO X 1 \/ CONECTOR USB TIPO B X 1 \/ CONECTOR USB TIPO A X 1 \/ SERIAL: RS-232C X 1 \/ LAN CON CABLE RJ-45 X 1<br \/>\nCONSUMO DE ENERG\u00cdA: 301 W (MODO NORMAL) \/ 232 W (SILENCIOSO Y EXTENDIDO)<br \/>\nVOLTAJE DE LA FUENTE DE ALIMENTACI\u00d3N 100 &#8211; 240 V \u00b1 10%, 50\/60 HZ CA<\/p>\n","protected":false},"excerpt":{"rendered":"<p>&#8211;<\/p>\n","protected":false},"featured_media":17353,"template":"","meta":[],"pwb-brand":[],"product_brand":[],"product_cat":[199],"product_tag":[],"class_list":{"0":"post-17312","1":"product","2":"type-product","3":"status-publish","4":"has-post-thumbnail","6":"product_cat-199","8":"first","9":"outofstock","10":"taxable","11":"shipping-taxable","12":"purchasable","13":"product-type-simple"},"brands":[],"_links":{"self":[{"href":"https:\/\/tmp.compunegocios.com.pe\/index.php\/wp-json\/wp\/v2\/product\/17312","targetHints":{"allow":["GET"]}}],"collection":[{"href":"https:\/\/tmp.compunegocios.com.pe\/index.php\/wp-json\/wp\/v2\/product"}],"about":[{"href":"https:\/\/tmp.compunegocios.com.pe\/index.php\/wp-json\/wp\/v2\/types\/product"}],"wp:featuredmedia":[{"embeddable":true,"href":"https:\/\/tmp.compunegocios.com.pe\/index.php\/wp-json\/wp\/v2\/media\/17353"}],"wp:attachment":[{"href":"https:\/\/tmp.compunegocios.com.pe\/index.php\/wp-json\/wp\/v2\/media?parent=17312"}],"wp:term":[{"taxonomy":"pwb-brand","embeddable":true,"href":"https:\/\/tmp.compunegocios.com.pe\/index.php\/wp-json\/wp\/v2\/pwb-brand?post=17312"},{"taxonomy":"product_brand","embeddable":true,"href":"https:\/\/tmp.compunegocios.com.pe\/index.php\/wp-json\/wp\/v2\/product_brand?post=17312"},{"taxonomy":"product_cat","embeddable":true,"href":"https:\/\/tmp.compunegocios.com.pe\/index.php\/wp-json\/wp\/v2\/product_cat?post=17312"},{"taxonomy":"product_tag","embeddable":true,"href":"https:\/\/tmp.compunegocios.com.pe\/index.php\/wp-json\/wp\/v2\/product_tag?post=17312"}],"curies":[{"name":"wp","href":"https:\/\/api.w.org\/{rel}","templated":true}]}}