{"id":17317,"date":"2024-08-21T15:22:29","date_gmt":"2024-08-21T15:22:29","guid":{"rendered":"http:\/\/compunegocios.com.pe\/index.php\/product\/router-wifi-tp-link-ac750-archer-c20-doble-banda\/"},"modified":"2025-08-19T16:22:59","modified_gmt":"2025-08-19T16:22:59","slug":"router-wifi-tp-link-ac750-archer-c20-doble-banda","status":"publish","type":"product","link":"https:\/\/tmp.compunegocios.com.pe\/index.php\/product\/router-wifi-tp-link-ac750-archer-c20-doble-banda\/","title":{"rendered":"ROUTER WIFI TP-LINK AC750 ARCHER C20 DOBLE BANDA"},"content":{"rendered":"<p>ROUTER WIFI TP-LINK AC750 ARCHER C20 DOBLE BANDA<\/p>\n<p>MARCA: TP-LINK<br \/>\nMODELO: Archer C20<br \/>\nPUERTOS: 4 Puertos<br \/>\nCONEXION: Inal\u00e1mbrica<br \/>\nANTENAS: 3 Antenas<\/p>\n<p>INALAMBRICOS<br \/>\nEst\u00e1ndares: Wi-Fi 5 IEEE 802.11ac\/n\/a 5 GHz, IEEE 802.11n\/b\/g 2.4 GHz<br \/>\nVelocidades Wi-Fi: AC750 5 GHz: 433 Mbps (802.11ac), 2.4 GHz: 300 Mbps (802.11n)<br \/>\nRango WiFi: Casas de 2 dormitorios, 3 antenas fijas: Varias antenas forman una matriz de refuerzo de se\u00f1al para cubrir m\u00e1s direcciones y \u00e1reas grandes<br \/>\nCapacidad Wi-Fi: Media, Doble banda:Asignar dispositivos a diferentes bandas para un rendimiento \u00f3ptimo<br \/>\nModos de trabajo: Modo de router, Modo de punto de acceso, Modo extensor de rango<\/p>\n<p>HARDWARE<br \/>\nProcesador: CPU de un solo n\u00facleo<br \/>\nPuertos Ethernet: 1 puerto WAN de 10\/100 Mbps, 4 puertos LAN de 10\/100 Mbps<br \/>\nBotones: Bot\u00f3n WPS\/Wi-Fi, Bot\u00f3n de encendido\/apagado, Bot\u00f3n de reinicio<br \/>\nEnerg\u00eda: 9 V &#8211; 0.6 A<\/p>\n<p>SEGURIDAD<br \/>\nCifrado WiFi: WEP, WPA, WPA2, WPA\/WPA2-Enterprise (802.1x)<br \/>\nSeguridad de Red: Cortafuegos SPI, Control de acceso, Enlace IP y MAC, Puerta de enlace de capa de aplicaci\u00f3n<br \/>\nRed de Invitados: Red de invitados de 1 \u00d7 5 GHz, 1 red de invitados de 2,4 GHz<\/p>\n<p>SOFTWARE<br \/>\nProtocolos: IPv4, IPv6<br \/>\nControles parentales: Filtrado de URL, Controles de tiempo<br \/>\nTipos de WAN: IP din\u00e1mica, IP est\u00e1tica, PPPoE, PPTP, L2TP<br \/>\nCalidad de servicio: QoS por dispositivo<br \/>\nReenv\u00edo NAT: Servidor virtual, Reenv\u00edo de puertos, Activaci\u00f3n de puerto, DMZ, UPnP<br \/>\nIPTV: IGMP Proxy, IGMP Snooping<br \/>\nDHCP: Direcci\u00f3n de reservas, Lista de clientes DHCP, Servidor<br \/>\nDDNS: NO-IP, Comex, DynDNS<\/p>\n","protected":false},"excerpt":{"rendered":"<p>&#8211;<\/p>\n","protected":false},"featured_media":17363,"template":"","meta":[],"pwb-brand":[],"product_brand":[],"product_cat":[227],"product_tag":[],"class_list":{"0":"post-17317","1":"product","2":"type-product","3":"status-publish","4":"has-post-thumbnail","6":"product_cat-227","8":"first","9":"outofstock","10":"taxable","11":"shipping-taxable","12":"purchasable","13":"product-type-simple"},"brands":[],"_links":{"self":[{"href":"https:\/\/tmp.compunegocios.com.pe\/index.php\/wp-json\/wp\/v2\/product\/17317","targetHints":{"allow":["GET"]}}],"collection":[{"href":"https:\/\/tmp.compunegocios.com.pe\/index.php\/wp-json\/wp\/v2\/product"}],"about":[{"href":"https:\/\/tmp.compunegocios.com.pe\/index.php\/wp-json\/wp\/v2\/types\/product"}],"wp:featuredmedia":[{"embeddable":true,"href":"https:\/\/tmp.compunegocios.com.pe\/index.php\/wp-json\/wp\/v2\/media\/17363"}],"wp:attachment":[{"href":"https:\/\/tmp.compunegocios.com.pe\/index.php\/wp-json\/wp\/v2\/media?parent=17317"}],"wp:term":[{"taxonomy":"pwb-brand","embeddable":true,"href":"https:\/\/tmp.compunegocios.com.pe\/index.php\/wp-json\/wp\/v2\/pwb-brand?post=17317"},{"taxonomy":"product_brand","embeddable":true,"href":"https:\/\/tmp.compunegocios.com.pe\/index.php\/wp-json\/wp\/v2\/product_brand?post=17317"},{"taxonomy":"product_cat","embeddable":true,"href":"https:\/\/tmp.compunegocios.com.pe\/index.php\/wp-json\/wp\/v2\/product_cat?post=17317"},{"taxonomy":"product_tag","embeddable":true,"href":"https:\/\/tmp.compunegocios.com.pe\/index.php\/wp-json\/wp\/v2\/product_tag?post=17317"}],"curies":[{"name":"wp","href":"https:\/\/api.w.org\/{rel}","templated":true}]}}