{"id":17319,"date":"2024-08-21T16:45:06","date_gmt":"2024-08-21T16:45:06","guid":{"rendered":"http:\/\/compunegocios.com.pe\/index.php\/product\/altavoz-jbl-control-25-1\/"},"modified":"2025-08-19T16:23:01","modified_gmt":"2025-08-19T16:23:01","slug":"altavoz-jbl-control-25-1","status":"publish","type":"product","link":"https:\/\/tmp.compunegocios.com.pe\/index.php\/product\/altavoz-jbl-control-25-1\/","title":{"rendered":"ALTAVOZ JBL CONTROL 25-1"},"content":{"rendered":"<p>ALTAVOZ JBL CONTROL 25-1 <\/p>\n<p>Rango de frecuencia: (-10dB)\t60 Hz a 20 kHz<br \/>\nRespuesta de frecuencia (\u00b13 dB): 85 Hz \u2013 17 kHz<br \/>\nPotencia nominal: Programa continuo de 200 W (2 horas) 100 W (pico de 400 W), ruido rosa continuo (2 horas) 75 W (pico de 300 W), ruido rosa continuo (100 horas)<br \/>\nVoltaje m\u00e1ximo de entrada: 25,3 V RMS (2 horas), pico de 50,6 V<br \/>\nNivel de presi\u00f3n sonora m\u00e1ximo (1 m): Ruido rosa continuo: 110 dB en promedio (pico de 116 dB)<br \/>\nSensibilidad: 90 dB, 1 W\/1 m (promedio 100 Hz \u2013 10 kHz)<br \/>\n\u00c1ngulo de cobertura: 100\u00b0 x 100\u00b0<br \/>\nFactor de directividad (Q): 6,04 (promedio 1 kHz \u2013 16 kHz)<br \/>\n\u00cdndice de directividad (ID): 7,6 dB (promedio 1 kHz \u2013 16 kHz)<br \/>\nImpedancia: 8 ohmios (configuraci\u00f3n THRU)<br \/>\nTipo de cruce: Paso bajo de segundo orden, paso alto de tercer orden<br \/>\nTomas de transformador: 70 V: 30 W, 15 W, 7,5 W, 3,7 W 100 V: 30 W, 15 W, 7,5 W P\u00e9rdida de inserci\u00f3n &lt;0,94 dB en cualquier configuraci\u00f3n de toma Configuraci\u00f3n de paso: 8 \u03a9 nominal<br \/>\nPaso alto protector recomendado: Paso alto de 60 Hz (24 dB\/oct) (para funcionamiento de 8 \u03a9 y para todas las configuraciones de tomas de 70 V\/100 V).<\/p>\n","protected":false},"excerpt":{"rendered":"<p>&#8211;<\/p>\n","protected":false},"featured_media":17370,"template":"","meta":[],"pwb-brand":[],"product_brand":[],"product_cat":[159],"product_tag":[],"class_list":{"0":"post-17319","1":"product","2":"type-product","3":"status-publish","4":"has-post-thumbnail","6":"product_cat-159","8":"first","9":"outofstock","10":"taxable","11":"shipping-taxable","12":"purchasable","13":"product-type-simple"},"brands":[],"_links":{"self":[{"href":"https:\/\/tmp.compunegocios.com.pe\/index.php\/wp-json\/wp\/v2\/product\/17319","targetHints":{"allow":["GET"]}}],"collection":[{"href":"https:\/\/tmp.compunegocios.com.pe\/index.php\/wp-json\/wp\/v2\/product"}],"about":[{"href":"https:\/\/tmp.compunegocios.com.pe\/index.php\/wp-json\/wp\/v2\/types\/product"}],"wp:featuredmedia":[{"embeddable":true,"href":"https:\/\/tmp.compunegocios.com.pe\/index.php\/wp-json\/wp\/v2\/media\/17370"}],"wp:attachment":[{"href":"https:\/\/tmp.compunegocios.com.pe\/index.php\/wp-json\/wp\/v2\/media?parent=17319"}],"wp:term":[{"taxonomy":"pwb-brand","embeddable":true,"href":"https:\/\/tmp.compunegocios.com.pe\/index.php\/wp-json\/wp\/v2\/pwb-brand?post=17319"},{"taxonomy":"product_brand","embeddable":true,"href":"https:\/\/tmp.compunegocios.com.pe\/index.php\/wp-json\/wp\/v2\/product_brand?post=17319"},{"taxonomy":"product_cat","embeddable":true,"href":"https:\/\/tmp.compunegocios.com.pe\/index.php\/wp-json\/wp\/v2\/product_cat?post=17319"},{"taxonomy":"product_tag","embeddable":true,"href":"https:\/\/tmp.compunegocios.com.pe\/index.php\/wp-json\/wp\/v2\/product_tag?post=17319"}],"curies":[{"name":"wp","href":"https:\/\/api.w.org\/{rel}","templated":true}]}}