{"id":17320,"date":"2024-08-21T16:57:50","date_gmt":"2024-08-21T16:57:50","guid":{"rendered":"http:\/\/compunegocios.com.pe\/index.php\/product\/camara-hikvision-ds-2cd2083g2-iu-tubo-ip-8mp-4k\/"},"modified":"2025-08-19T16:23:02","modified_gmt":"2025-08-19T16:23:02","slug":"camara-hikvision-ds-2cd2083g2-iu-tubo-ip-8mp-4k","status":"publish","type":"product","link":"https:\/\/tmp.compunegocios.com.pe\/index.php\/product\/camara-hikvision-ds-2cd2083g2-iu-tubo-ip-8mp-4k\/","title":{"rendered":"CAMARA HIKVISION DS-2CD2083G2-IU TUBO IP 8MP 4K"},"content":{"rendered":"<p>CAMARA HIKVISION DS-2CD2083G2-IU TUBO IP 8MP 4K<\/p>\n<p>Im\u00e1genes de alta calidad con resoluci\u00f3n de 8 MP<br \/>\nTecnolog\u00eda de compresi\u00f3n eficiente H.265+<br \/>\nIm\u00e1genes n\u00edtidas contra una fuerte luz de fondo gracias a la tecnolog\u00eda WDR de 120 dB<br \/>\nCentr\u00e1ndose en la clasificaci\u00f3n de personas y veh\u00edculos basada en el aprendizaje profundo<br \/>\nMicr\u00f3fono incorporado para seguridad de audio en tiempo real<br \/>\nResistente al agua y al polvo (IP67)<\/p>\n","protected":false},"excerpt":{"rendered":"<p>&#8211;<\/p>\n","protected":false},"featured_media":17374,"template":"","meta":[],"pwb-brand":[],"product_brand":[],"product_cat":[233],"product_tag":[],"class_list":{"0":"post-17320","1":"product","2":"type-product","3":"status-publish","4":"has-post-thumbnail","6":"product_cat-233","8":"first","9":"outofstock","10":"taxable","11":"shipping-taxable","12":"purchasable","13":"product-type-simple"},"brands":[],"_links":{"self":[{"href":"https:\/\/tmp.compunegocios.com.pe\/index.php\/wp-json\/wp\/v2\/product\/17320","targetHints":{"allow":["GET"]}}],"collection":[{"href":"https:\/\/tmp.compunegocios.com.pe\/index.php\/wp-json\/wp\/v2\/product"}],"about":[{"href":"https:\/\/tmp.compunegocios.com.pe\/index.php\/wp-json\/wp\/v2\/types\/product"}],"wp:featuredmedia":[{"embeddable":true,"href":"https:\/\/tmp.compunegocios.com.pe\/index.php\/wp-json\/wp\/v2\/media\/17374"}],"wp:attachment":[{"href":"https:\/\/tmp.compunegocios.com.pe\/index.php\/wp-json\/wp\/v2\/media?parent=17320"}],"wp:term":[{"taxonomy":"pwb-brand","embeddable":true,"href":"https:\/\/tmp.compunegocios.com.pe\/index.php\/wp-json\/wp\/v2\/pwb-brand?post=17320"},{"taxonomy":"product_brand","embeddable":true,"href":"https:\/\/tmp.compunegocios.com.pe\/index.php\/wp-json\/wp\/v2\/product_brand?post=17320"},{"taxonomy":"product_cat","embeddable":true,"href":"https:\/\/tmp.compunegocios.com.pe\/index.php\/wp-json\/wp\/v2\/product_cat?post=17320"},{"taxonomy":"product_tag","embeddable":true,"href":"https:\/\/tmp.compunegocios.com.pe\/index.php\/wp-json\/wp\/v2\/product_tag?post=17320"}],"curies":[{"name":"wp","href":"https:\/\/api.w.org\/{rel}","templated":true}]}}