{"id":17321,"date":"2024-08-21T17:12:50","date_gmt":"2024-08-21T17:12:50","guid":{"rendered":"http:\/\/compunegocios.com.pe\/index.php\/product\/telefono-ip-grandstream-grp2601p-2-lineas-poe\/"},"modified":"2025-08-19T16:23:03","modified_gmt":"2025-08-19T16:23:03","slug":"telefono-ip-grandstream-grp2601p-2-lineas-poe","status":"publish","type":"product","link":"https:\/\/tmp.compunegocios.com.pe\/index.php\/product\/telefono-ip-grandstream-grp2601p-2-lineas-poe\/","title":{"rendered":"TELEFONO IP GRANDSTREAM (GRP2601P) 2 L\u00cdNEAS POE"},"content":{"rendered":"<p>TELEFONO IP GRANDSTREAM (GRP2601P) 2 L\u00cdNEAS POE <\/p>\n<p>ESPECIFICACIONES:<br \/>\n2 lineas SIP.<br \/>\nPoE.<br \/>\nCompatibilidad con GDMS.<br \/>\nPantalla LCD de 132 x 48 (2.21&#8243;).<br \/>\nSoporte para G.729A\/B, G.711\u00b5\/a-law, G.726, G.722 (banda ancha), G.723, iLBC, OPUS, DTMF en banda y fuera de banda (in audio, RFC2833, SIP INFO), VAD, AEC, CNG, PLC, AGC<br \/>\nDos puertos Ethernet conmutados de 10\/100 Mbps<br \/>\nConector RJ9 para auriculares (permitiendo EHS con auriculares Plantronics, Jabra y Sennheiser)<br \/>\n1 posici\u00f3n angular disponible (45\u00b0), montaje en pared (*el soporte de pared se vende por separado).<\/p>\n<p>CARACTER\u00cdSTICAS F\u00cdSICAS Y EL\u00c9CTRICAS:<br \/>\nFuente de Alimentaci\u00f3n Universal Entrada: 100-240 VAC 50-60 Hz; Salida: +5 VDC, 600 mA; PoE: IEEE802.3af Clase 1, 3.84W; IEEE802.3az (EEE) (Fuente no incluida) fuente recomendada P5DC1A.<br \/>\nDimensi\u00f3n: 208 mm (Largo) x 180 mm (Ancho) x 63.4 mm (Alto) (con el auricular) Peso de la unidad: 650 g; Peso del paquete: 810 g (860 g para GRP2601).<br \/>\nOperaci\u00f3n: 0 \u00b0C a 40 \u00b0C Almacenamiento: -10 \u00b0C a 60 \u00b0C Humedad: 10% a 90% sin condensaci\u00f3n.<\/p>\n<p>CONTENIDO DEL PAQUETE:<br \/>\nTel\u00e9fono GRP2601P.<br \/>\nAuricular con cord\u00f3n.<br \/>\nBase.<br \/>\nCable de red.<br \/>\nGu\u00eda de Instalaci\u00f3n R\u00e1pid<\/p>\n","protected":false},"excerpt":{"rendered":"<p>&#8211;<\/p>\n","protected":false},"featured_media":17377,"template":"","meta":[],"pwb-brand":[],"product_brand":[],"product_cat":[243],"product_tag":[],"class_list":{"0":"post-17321","1":"product","2":"type-product","3":"status-publish","4":"has-post-thumbnail","6":"product_cat-243","8":"first","9":"outofstock","10":"taxable","11":"shipping-taxable","12":"purchasable","13":"product-type-simple"},"brands":[],"_links":{"self":[{"href":"https:\/\/tmp.compunegocios.com.pe\/index.php\/wp-json\/wp\/v2\/product\/17321","targetHints":{"allow":["GET"]}}],"collection":[{"href":"https:\/\/tmp.compunegocios.com.pe\/index.php\/wp-json\/wp\/v2\/product"}],"about":[{"href":"https:\/\/tmp.compunegocios.com.pe\/index.php\/wp-json\/wp\/v2\/types\/product"}],"wp:featuredmedia":[{"embeddable":true,"href":"https:\/\/tmp.compunegocios.com.pe\/index.php\/wp-json\/wp\/v2\/media\/17377"}],"wp:attachment":[{"href":"https:\/\/tmp.compunegocios.com.pe\/index.php\/wp-json\/wp\/v2\/media?parent=17321"}],"wp:term":[{"taxonomy":"pwb-brand","embeddable":true,"href":"https:\/\/tmp.compunegocios.com.pe\/index.php\/wp-json\/wp\/v2\/pwb-brand?post=17321"},{"taxonomy":"product_brand","embeddable":true,"href":"https:\/\/tmp.compunegocios.com.pe\/index.php\/wp-json\/wp\/v2\/product_brand?post=17321"},{"taxonomy":"product_cat","embeddable":true,"href":"https:\/\/tmp.compunegocios.com.pe\/index.php\/wp-json\/wp\/v2\/product_cat?post=17321"},{"taxonomy":"product_tag","embeddable":true,"href":"https:\/\/tmp.compunegocios.com.pe\/index.php\/wp-json\/wp\/v2\/product_tag?post=17321"}],"curies":[{"name":"wp","href":"https:\/\/api.w.org\/{rel}","templated":true}]}}