{"id":17323,"date":"2024-08-21T21:12:18","date_gmt":"2024-08-21T21:12:18","guid":{"rendered":"http:\/\/compunegocios.com.pe\/index.php\/product\/grabador-nvr-hikvision-ds-7732nxi-k4-32ch-4-hdd-alarma\/"},"modified":"2025-08-19T16:23:04","modified_gmt":"2025-08-19T16:23:04","slug":"grabador-nvr-hikvision-ds-7732nxi-k4-32ch-4-hdd-alarma","status":"publish","type":"product","link":"https:\/\/tmp.compunegocios.com.pe\/index.php\/product\/grabador-nvr-hikvision-ds-7732nxi-k4-32ch-4-hdd-alarma\/","title":{"rendered":"GRABADOR NVR HIKVISION DS-7732NXI-K4 32CH 4 HDD ALARMA"},"content":{"rendered":"<p>GRABADOR NVR HIKVISION DS-7732NXI-K4 32CH 4 HDD ALARMA <\/p>\n<p>Caracter\u00edsticas principales:<\/p>\n<p>Compresi\u00f3n de v\u00eddeo: H.265+ \/ H.265 \/  H.264+ \/ H.264.<br \/>\nSoporta mouse USB para operar (incluido).<br \/>\nSoporta 4 HDD&#8217;s de hasta 10 TB. (no incluido).<br \/>\nSoporta tecnolog\u00eda ANR con c\u00e1mara IP HIKVISION cuando la red esta desconectada.<br \/>\nSoporta DDNS (Hik-Connect, DynDNS, No-IP, etc).<br \/>\nSoporta Hik-Connect (P2P) (https:\/\/appstore.hikvision.com\/).<br \/>\nAcceso remoto v\u00eda tel\u00e9fono: Android, iPhone, iPad (Hik-Connect).<br \/>\nCompatibilidad con navegadores EDGE (ietab), Chrome.<br \/>\nSoftware cliente IVMS-4200 (gratuito).<br \/>\nNo incluye puertos PoE.<\/p>\n<p>Funciones de Grabaci\u00f3n y Visualizaci\u00f3n:<br \/>\nDetecci\u00f3n de movimiento multizona.<br \/>\nZoom digital en visualizaci\u00f3n y grabaci\u00f3n.<br \/>\nDual stream (main stream y sub stream).<br \/>\nSoporta avance r\u00e1pido, lento, cuadro a cuadro, etc.<br \/>\nSoporta tecnolog\u00eda de discos duros S.M.A.R.T.<br \/>\nSoporta m\u00faltiples tipos de grabaci\u00f3n, incluyendo tiempo real, grabaci\u00f3n manual, videosensor, videosensor y alarma, videosensor o alarma.<br \/>\nSoporta grabaci\u00f3n c\u00edclica (sobreescritura) y no c\u00edclica.<\/p>\n","protected":false},"excerpt":{"rendered":"<p>&#8211;<\/p>\n","protected":false},"featured_media":17381,"template":"","meta":[],"pwb-brand":[],"product_brand":[],"product_cat":[243],"product_tag":[],"class_list":{"0":"post-17323","1":"product","2":"type-product","3":"status-publish","4":"has-post-thumbnail","6":"product_cat-243","8":"first","9":"outofstock","10":"taxable","11":"shipping-taxable","12":"purchasable","13":"product-type-simple"},"brands":[],"_links":{"self":[{"href":"https:\/\/tmp.compunegocios.com.pe\/index.php\/wp-json\/wp\/v2\/product\/17323","targetHints":{"allow":["GET"]}}],"collection":[{"href":"https:\/\/tmp.compunegocios.com.pe\/index.php\/wp-json\/wp\/v2\/product"}],"about":[{"href":"https:\/\/tmp.compunegocios.com.pe\/index.php\/wp-json\/wp\/v2\/types\/product"}],"wp:featuredmedia":[{"embeddable":true,"href":"https:\/\/tmp.compunegocios.com.pe\/index.php\/wp-json\/wp\/v2\/media\/17381"}],"wp:attachment":[{"href":"https:\/\/tmp.compunegocios.com.pe\/index.php\/wp-json\/wp\/v2\/media?parent=17323"}],"wp:term":[{"taxonomy":"pwb-brand","embeddable":true,"href":"https:\/\/tmp.compunegocios.com.pe\/index.php\/wp-json\/wp\/v2\/pwb-brand?post=17323"},{"taxonomy":"product_brand","embeddable":true,"href":"https:\/\/tmp.compunegocios.com.pe\/index.php\/wp-json\/wp\/v2\/product_brand?post=17323"},{"taxonomy":"product_cat","embeddable":true,"href":"https:\/\/tmp.compunegocios.com.pe\/index.php\/wp-json\/wp\/v2\/product_cat?post=17323"},{"taxonomy":"product_tag","embeddable":true,"href":"https:\/\/tmp.compunegocios.com.pe\/index.php\/wp-json\/wp\/v2\/product_tag?post=17323"}],"curies":[{"name":"wp","href":"https:\/\/api.w.org\/{rel}","templated":true}]}}