{"id":17324,"date":"2024-08-21T21:22:57","date_gmt":"2024-08-21T21:22:57","guid":{"rendered":"http:\/\/compunegocios.com.pe\/index.php\/product\/unidad-smart-ups-apc-srt2200xli-srt-2200va-230v\/"},"modified":"2025-08-19T16:23:05","modified_gmt":"2025-08-19T16:23:05","slug":"unidad-smart-ups-apc-srt2200xli-srt-2200va-230v","status":"publish","type":"product","link":"https:\/\/tmp.compunegocios.com.pe\/index.php\/product\/unidad-smart-ups-apc-srt2200xli-srt-2200va-230v\/","title":{"rendered":"UNIDAD SMART-UPS APC (SRT2200XLI) SRT 2200VA 230V"},"content":{"rendered":"<p>UNIDAD SMART-UPS APC (SRT2200XLI) SRT 2200VA 230V<\/p>\n<p>MARCA: APC<br \/>\nMODELO: 2200VA\/1980W<br \/>\nCAPACIDAD: SRT2200XLI<\/p>\n<p>ENTRADA<br \/>\nFrecuencia de empleo: 40-70 Hz detecci\u00f3n autom\u00e1tica<br \/>\nBarras de separaci\u00f3n: 100 a 275 V ajustable (media carga)<\/p>\n<p>SALIDA<br \/>\nM\u00e1xima potencia configurable (vatios): 1980 W<br \/>\nDistorsi\u00f3n arm\u00f3nica: Menos que 2%<br \/>\nFrecuencia de salida: 50\/60 Hz +\/- 3 Hz sincronizada a red el\u00e9ctrica principal<br \/>\nFactor de cresta: 3:1<br \/>\nTopolog\u00eda: Doble conversi\u00f3n en l\u00ednea<br \/>\nTipo de forma de onda: Onda senoidal<br \/>\nTipo de derivaci\u00f3n: Desviaci\u00f3n interna (autom\u00e1tica y manual)<br \/>\nM\u00e1xima potencia configurable en VA: 2200 VA<\/p>\n<p>CERTIFICACIONES<br \/>\nCE<br \/>\nEAC<br \/>\nRCM<br \/>\nVDE<\/p>\n<p>AMBIENTAL<br \/>\nTemperatura ambiente de funcionamiento: 0 a 40 \u00b0C<br \/>\nHumedad relativa: 0 a 95 % sin condensaci\u00f3n<br \/>\nAltitud m\u00e1xima de funcionamiento: 0 a 10000 pies<br \/>\nTemperatura ambiente de almacenamiento: -15 a 45 \u00b0C<br \/>\nHumedad relativa de almacenamiento: 0 a 95 % sin condensaci\u00f3n<br \/>\nAltitud de almacenamiento: 0.00 a 15240.00 m<br \/>\nNivel ac\u00fastico: 55 DBA<br \/>\nDisipaci\u00f3n de calor: 703 Btu\/h<br \/>\nGrado de protecci\u00f3n IP: IP20<\/p>\n","protected":false},"excerpt":{"rendered":"<p>&#8211;<\/p>\n","protected":false},"featured_media":17382,"template":"","meta":[],"pwb-brand":[],"product_brand":[],"product_cat":[260],"product_tag":[],"class_list":{"0":"post-17324","1":"product","2":"type-product","3":"status-publish","4":"has-post-thumbnail","6":"product_cat-260","8":"first","9":"outofstock","10":"taxable","11":"shipping-taxable","12":"purchasable","13":"product-type-simple"},"brands":[],"_links":{"self":[{"href":"https:\/\/tmp.compunegocios.com.pe\/index.php\/wp-json\/wp\/v2\/product\/17324","targetHints":{"allow":["GET"]}}],"collection":[{"href":"https:\/\/tmp.compunegocios.com.pe\/index.php\/wp-json\/wp\/v2\/product"}],"about":[{"href":"https:\/\/tmp.compunegocios.com.pe\/index.php\/wp-json\/wp\/v2\/types\/product"}],"wp:featuredmedia":[{"embeddable":true,"href":"https:\/\/tmp.compunegocios.com.pe\/index.php\/wp-json\/wp\/v2\/media\/17382"}],"wp:attachment":[{"href":"https:\/\/tmp.compunegocios.com.pe\/index.php\/wp-json\/wp\/v2\/media?parent=17324"}],"wp:term":[{"taxonomy":"pwb-brand","embeddable":true,"href":"https:\/\/tmp.compunegocios.com.pe\/index.php\/wp-json\/wp\/v2\/pwb-brand?post=17324"},{"taxonomy":"product_brand","embeddable":true,"href":"https:\/\/tmp.compunegocios.com.pe\/index.php\/wp-json\/wp\/v2\/product_brand?post=17324"},{"taxonomy":"product_cat","embeddable":true,"href":"https:\/\/tmp.compunegocios.com.pe\/index.php\/wp-json\/wp\/v2\/product_cat?post=17324"},{"taxonomy":"product_tag","embeddable":true,"href":"https:\/\/tmp.compunegocios.com.pe\/index.php\/wp-json\/wp\/v2\/product_tag?post=17324"}],"curies":[{"name":"wp","href":"https:\/\/api.w.org\/{rel}","templated":true}]}}