{"id":17327,"date":"2024-08-21T21:41:30","date_gmt":"2024-08-21T21:41:30","guid":{"rendered":"http:\/\/compunegocios.com.pe\/index.php\/product\/camara-de-seguridad-hikvision-hk-ds2cd1143g2-i-domo-ip-con-ir-exterior-4mp\/"},"modified":"2025-08-19T16:23:07","modified_gmt":"2025-08-19T16:23:07","slug":"camara-de-seguridad-hikvision-hk-ds2cd1143g2-i-domo-ip-con-ir-exterior-4mp","status":"publish","type":"product","link":"https:\/\/tmp.compunegocios.com.pe\/index.php\/product\/camara-de-seguridad-hikvision-hk-ds2cd1143g2-i-domo-ip-con-ir-exterior-4mp\/","title":{"rendered":"CAMARA DE SEGURIDAD HIKVISION (HK-DS2CD1143G2-I) DOMO IP CON IR EXTERIOR 4MP"},"content":{"rendered":"<p>CAMARA DE SEGURIDAD HIKVISION (HK-DS2CD1143G2-I) DOMO IP CON IR EXTERIOR 4MP<\/p>\n<p>Resoluci\u00f3n de 4 Megap\u00edxeles:<br \/>\nCaptura im\u00e1genes de alta calidad con una resoluci\u00f3n excepcional de 4 megap\u00edxeles, garantizando una vigilancia detallada y precisa en todo momento.<\/p>\n<p>Visi\u00f3n Nocturna por Infrarrojos (IR):<br \/>\nEquipada con potentes LEDs infrarrojos, esta c\u00e1mara ofrece una visi\u00f3n nocturna clara y n\u00edtida, permitiendo una vigilancia efectiva incluso en completa oscuridad, con un alcance de hasta X metros.<\/p>\n<p>Protecci\u00f3n Exterior IP66:<br \/>\nDise\u00f1ada para resistir las condiciones clim\u00e1ticas m\u00e1s adversas, esta c\u00e1mara cuenta con una clasificaci\u00f3n IP66 que la hace resistente al polvo y al agua, garantizando un rendimiento confiable en entornos exteriores.<\/p>\n<p>Lente Varifocal de 2.8mm a 12mm:<br \/>\nLa lente varifocal ajustable te permite adaptar el \u00e1ngulo de visi\u00f3n seg\u00fan tus necesidades de vigilancia, desde un amplio campo de visi\u00f3n hasta un enfoque m\u00e1s estrecho para detalles espec\u00edficos.<\/p>\n<p>Compresi\u00f3n de Video H.265+:<br \/>\nLa tecnolog\u00eda de compresi\u00f3n de video avanzada H.265+ optimiza el almacenamiento y el ancho de banda sin comprometer la calidad de la imagen, permiti\u00e9ndote almacenar m\u00e1s grabaciones de video por m\u00e1s tiempo.<\/p>\n<p>Funci\u00f3n de Detecci\u00f3n de Movimiento:<br \/>\nRecibe notificaciones instant\u00e1neas en tu dispositivo m\u00f3vil o por correo electr\u00f3nico cuando se detecte movimiento en el \u00e1rea vigilada, manteni\u00e9ndote informado en todo momento sobre actividades sospechosas.<\/p>\n<p>Especificaciones<br \/>\nIm\u00e1genes de alta calidad con resoluci\u00f3n de 4 Mpx<br \/>\nApoyar la detecci\u00f3n de personas y veh\u00edculos<br \/>\nResistente al agua y al polvo (IP67) y resistente al vandalismo (IK10)<br \/>\nIm\u00e1genes claras incluso con una fuerte retroiluminaci\u00f3n gracias a los 120 dB<br \/>\nWDR<br \/>\nTecnolog\u00eda de compresi\u00f3n H.265+ eficiente<br \/>\nEXIR 2.0: tecnolog\u00eda infrarroja avanzada con largo alcance IR<br \/>\nSensor de imagen: CMOS de escaneo progresivo de 1\/3\u2033<br \/>\nM\u00e1x. Resoluci\u00f3n: 2560 \u00d7 1440<br \/>\nTiempo de obturaci\u00f3n: 1\/3 sa 1\/100.000 s<br \/>\nM\u00edn. Color de iluminaci\u00f3n: 0,01 Lux @ (F2.0, AGC ON), B\/W: 0 Lux con IR<br \/>\nD\u00eda y noche: filtro de corte IR<br \/>\nAjuste de \u00e1ngulo: Panor\u00e1mica: 0\u00b0 a 355\u00b0, inclinaci\u00f3n: 0\u00b0 a 75\u00b0<br \/>\nTipo de lente: Lente focal fija, 2,8 y 4 mm opcional<br \/>\nDistancia focal y FOV: 2,8 mm, FOV horizontal 99\u00b0, FOV vertical 55\u00b0, FOV diagonal 116\u00b0<br \/>\nMontura de lente: M12<br \/>\nTipo de iris: Fijo<br \/>\nApertura: F2.0<br \/>\nTipo de luz suplementaria: IR<br \/>\nAlcance de la luz suplementaria: hasta 30 m<br \/>\nLuz suplementaria inteligente: S\u00ed<br \/>\nLongitud de onda IR: 850 nm<br \/>\nInterfaz Ethernet: 1 puerto Ethernet autoadaptativo RJ45 10 M\/100 M<br \/>\n12 VCC \u00b1 25%, 0,4 A, m\u00e1x. Conector de alimentaci\u00f3n coaxial de 5 W y \u00d8 5,5 mm.<br \/>\nPoE: 802.3af, Clase 3, 36 V a 57 V, 0,2 A a 0,15 A, m\u00e1x. 6,5 vatios<br \/>\nMaterial: metal y pl\u00e1stico<br \/>\nMarca Hikvision<\/p>\n","protected":false},"excerpt":{"rendered":"<p>&#8211;<\/p>\n","protected":false},"featured_media":17389,"template":"","meta":[],"pwb-brand":[],"product_brand":[],"product_cat":[233],"product_tag":[],"class_list":{"0":"post-17327","1":"product","2":"type-product","3":"status-publish","4":"has-post-thumbnail","6":"product_cat-233","8":"first","9":"outofstock","10":"taxable","11":"shipping-taxable","12":"purchasable","13":"product-type-simple"},"brands":[],"_links":{"self":[{"href":"https:\/\/tmp.compunegocios.com.pe\/index.php\/wp-json\/wp\/v2\/product\/17327","targetHints":{"allow":["GET"]}}],"collection":[{"href":"https:\/\/tmp.compunegocios.com.pe\/index.php\/wp-json\/wp\/v2\/product"}],"about":[{"href":"https:\/\/tmp.compunegocios.com.pe\/index.php\/wp-json\/wp\/v2\/types\/product"}],"wp:featuredmedia":[{"embeddable":true,"href":"https:\/\/tmp.compunegocios.com.pe\/index.php\/wp-json\/wp\/v2\/media\/17389"}],"wp:attachment":[{"href":"https:\/\/tmp.compunegocios.com.pe\/index.php\/wp-json\/wp\/v2\/media?parent=17327"}],"wp:term":[{"taxonomy":"pwb-brand","embeddable":true,"href":"https:\/\/tmp.compunegocios.com.pe\/index.php\/wp-json\/wp\/v2\/pwb-brand?post=17327"},{"taxonomy":"product_brand","embeddable":true,"href":"https:\/\/tmp.compunegocios.com.pe\/index.php\/wp-json\/wp\/v2\/product_brand?post=17327"},{"taxonomy":"product_cat","embeddable":true,"href":"https:\/\/tmp.compunegocios.com.pe\/index.php\/wp-json\/wp\/v2\/product_cat?post=17327"},{"taxonomy":"product_tag","embeddable":true,"href":"https:\/\/tmp.compunegocios.com.pe\/index.php\/wp-json\/wp\/v2\/product_tag?post=17327"}],"curies":[{"name":"wp","href":"https:\/\/api.w.org\/{rel}","templated":true}]}}