{"id":17328,"date":"2024-08-21T22:56:10","date_gmt":"2024-08-21T22:56:10","guid":{"rendered":"http:\/\/compunegocios.com.pe\/index.php\/product\/cloud-core-router-mikrotik-ccr2004-16g-2spc-con-16-puertos-gigabit-ethernet-2-sfp\/"},"modified":"2025-08-19T16:23:08","modified_gmt":"2025-08-19T16:23:08","slug":"cloud-core-router-mikrotik-ccr2004-16g-2spc-con-16-puertos-gigabit-ethernet-2-sfp","status":"publish","type":"product","link":"https:\/\/tmp.compunegocios.com.pe\/index.php\/product\/cloud-core-router-mikrotik-ccr2004-16g-2spc-con-16-puertos-gigabit-ethernet-2-sfp\/","title":{"rendered":"CLOUD CORE ROUTER MIKROTIK CCR2004-16G-2S+PC CON 16 PUERTOS GIGABIT ETHERNET 2 SFP"},"content":{"rendered":"<p>CLOUD CORE ROUTER MIKROTIK CCR2004-16G-2S+PC CON 16 PUERTOS GIGABIT ETHERNET 2 SFP<\/p>\n<p>CARACTER\u00cdSTICAS<br \/>\nEl Cloud Core Router MikroTik CCR2004-16G-2S+PC es el router perfecto para su ISP o centro de datos. Este potente router cuenta con un procesador de 4 n\u00facleos, 4GB de RAM y 16 puertos Gigabit Ethernet. El CCR2004-16G-2S+PC tambi\u00e9n incluye dos puertos SFP+ para ofrecerle la flexibilidad y velocidad que necesita para sacar el m\u00e1ximo partido a su red. Con sus funciones avanzadas y su rendimiento, este router es perfecto para su ISP o negocio conectado. Disfrute de conexiones r\u00e1pidas y fiables con el router Cloud Core MikroTik CCR2004-16G-2S+PC.<\/p>\n<p>INFORMACI\u00d3N ADICIONAL<br \/>\nPUERTOS ETHERNET: 16<br \/>\nESPECIFICACIONES:<br \/>\nCPU AL32400<br \/>\n4 N\u00facleos<br \/>\n4GB RAM<\/p>\n<p>BENEFICIOS<br \/>\n16 puertos gigabit ethernet<br \/>\nRefrigeraci\u00f3n pasivo<\/p>\n","protected":false},"excerpt":{"rendered":"<p>&#8211;<\/p>\n","protected":false},"featured_media":17391,"template":"","meta":[],"pwb-brand":[],"product_brand":[],"product_cat":[219],"product_tag":[],"class_list":{"0":"post-17328","1":"product","2":"type-product","3":"status-publish","4":"has-post-thumbnail","6":"product_cat-219","8":"first","9":"outofstock","10":"taxable","11":"shipping-taxable","12":"purchasable","13":"product-type-simple"},"brands":[],"_links":{"self":[{"href":"https:\/\/tmp.compunegocios.com.pe\/index.php\/wp-json\/wp\/v2\/product\/17328","targetHints":{"allow":["GET"]}}],"collection":[{"href":"https:\/\/tmp.compunegocios.com.pe\/index.php\/wp-json\/wp\/v2\/product"}],"about":[{"href":"https:\/\/tmp.compunegocios.com.pe\/index.php\/wp-json\/wp\/v2\/types\/product"}],"wp:featuredmedia":[{"embeddable":true,"href":"https:\/\/tmp.compunegocios.com.pe\/index.php\/wp-json\/wp\/v2\/media\/17391"}],"wp:attachment":[{"href":"https:\/\/tmp.compunegocios.com.pe\/index.php\/wp-json\/wp\/v2\/media?parent=17328"}],"wp:term":[{"taxonomy":"pwb-brand","embeddable":true,"href":"https:\/\/tmp.compunegocios.com.pe\/index.php\/wp-json\/wp\/v2\/pwb-brand?post=17328"},{"taxonomy":"product_brand","embeddable":true,"href":"https:\/\/tmp.compunegocios.com.pe\/index.php\/wp-json\/wp\/v2\/product_brand?post=17328"},{"taxonomy":"product_cat","embeddable":true,"href":"https:\/\/tmp.compunegocios.com.pe\/index.php\/wp-json\/wp\/v2\/product_cat?post=17328"},{"taxonomy":"product_tag","embeddable":true,"href":"https:\/\/tmp.compunegocios.com.pe\/index.php\/wp-json\/wp\/v2\/product_tag?post=17328"}],"curies":[{"name":"wp","href":"https:\/\/api.w.org\/{rel}","templated":true}]}}