{"id":17329,"date":"2024-08-21T23:08:45","date_gmt":"2024-08-21T23:08:45","guid":{"rendered":"http:\/\/compunegocios.com.pe\/index.php\/product\/switch-inteligente-tp-link-tl-sg2428p-gigabit-24-puertos-poe-250w-4sfp\/"},"modified":"2025-08-19T16:23:09","modified_gmt":"2025-08-19T16:23:09","slug":"switch-inteligente-tp-link-tl-sg2428p-gigabit-24-puertos-poe-250w-4sfp","status":"publish","type":"product","link":"https:\/\/tmp.compunegocios.com.pe\/index.php\/product\/switch-inteligente-tp-link-tl-sg2428p-gigabit-24-puertos-poe-250w-4sfp\/","title":{"rendered":"SWITCH INTELIGENTE TP-LINK TL-SG2428P GIGABIT 24 PUERTOS POE+ 250W 4SFP"},"content":{"rendered":"<p>SWITCH INTELIGENTE TP-LINK TL-SG2428P GIGABIT 24 PUERTOS POE+ 250W 4SFP<\/p>\n<p>Rendimiento PoE+ de hasta 250W: puertos PoE + compatibles con 24 \u00d7 802.3at \/ af con una fuente de alimentaci\u00f3n total de 250 W *.<br \/>\nPuertos Gigabit completos: los puertos PoE+ de 24 \u00d7 gigabit y las ranuras SFP de 4 \u00d7 gigabit proporcionan conexiones de alta velocidad.<br \/>\nIntegrado en Omada SDN: Zero-Touch Provisioning (ZTP) **, Administraci\u00f3n centralizada en la nube y Monitorizaci\u00f3n inteligente.<br \/>\nAdministraci\u00f3n centralizada: acceso a la nube y aplicaci\u00f3n Omada para una comodidad y administraci\u00f3n f\u00e1ciles.<br \/>\nEnrutamiento est\u00e1tico: ayuda a enrutar el tr\u00e1fico interno para un uso m\u00e1s eficiente de los recursos de la red.<br \/>\nEstrategias de seguridad s\u00f3lidas: enlace de puertos IP-MAC, ACL, seguridad de puertos, defensa DoS, control de tormentas, DHCP Snooping, 802.1X, autenticaci\u00f3n de radio y m\u00e1s.<br \/>\nOptimice las aplicaciones de voz y video: L2 \/ L3 \/ L4 QoS e IGMP snooping.<br \/>\nIPv6: soporte IPv6 con doble pila IPv4 \/ IPv6, indagaci\u00f3n MLD, descubrimiento de vecinos IPv6.<\/p>\n","protected":false},"excerpt":{"rendered":"<p>&#8211;<\/p>\n","protected":false},"featured_media":17394,"template":"","meta":[],"pwb-brand":[],"product_brand":[],"product_cat":[218],"product_tag":[],"class_list":{"0":"post-17329","1":"product","2":"type-product","3":"status-publish","4":"has-post-thumbnail","6":"product_cat-218","8":"first","9":"outofstock","10":"taxable","11":"shipping-taxable","12":"purchasable","13":"product-type-simple"},"brands":[],"_links":{"self":[{"href":"https:\/\/tmp.compunegocios.com.pe\/index.php\/wp-json\/wp\/v2\/product\/17329","targetHints":{"allow":["GET"]}}],"collection":[{"href":"https:\/\/tmp.compunegocios.com.pe\/index.php\/wp-json\/wp\/v2\/product"}],"about":[{"href":"https:\/\/tmp.compunegocios.com.pe\/index.php\/wp-json\/wp\/v2\/types\/product"}],"wp:featuredmedia":[{"embeddable":true,"href":"https:\/\/tmp.compunegocios.com.pe\/index.php\/wp-json\/wp\/v2\/media\/17394"}],"wp:attachment":[{"href":"https:\/\/tmp.compunegocios.com.pe\/index.php\/wp-json\/wp\/v2\/media?parent=17329"}],"wp:term":[{"taxonomy":"pwb-brand","embeddable":true,"href":"https:\/\/tmp.compunegocios.com.pe\/index.php\/wp-json\/wp\/v2\/pwb-brand?post=17329"},{"taxonomy":"product_brand","embeddable":true,"href":"https:\/\/tmp.compunegocios.com.pe\/index.php\/wp-json\/wp\/v2\/product_brand?post=17329"},{"taxonomy":"product_cat","embeddable":true,"href":"https:\/\/tmp.compunegocios.com.pe\/index.php\/wp-json\/wp\/v2\/product_cat?post=17329"},{"taxonomy":"product_tag","embeddable":true,"href":"https:\/\/tmp.compunegocios.com.pe\/index.php\/wp-json\/wp\/v2\/product_tag?post=17329"}],"curies":[{"name":"wp","href":"https:\/\/api.w.org\/{rel}","templated":true}]}}