{"id":17333,"date":"2024-08-24T18:39:45","date_gmt":"2024-08-24T18:39:45","guid":{"rendered":"http:\/\/compunegocios.com.pe\/index.php\/product\/notebook-hp-victus-gaming-15-fa0021la-i5-12450h-hasta-4-4ghz-ram-8gb-ddr4-ssd-512gb-geforce-rtx-3050-15-6-fhd-ips\/"},"modified":"2025-08-19T16:23:12","modified_gmt":"2025-08-19T16:23:12","slug":"notebook-hp-victus-gaming-15-fa0021la-i5-12450h-hasta-4-4ghz-ram-8gb-ddr4-ssd-512gb-geforce-rtx-3050-15-6-fhd-ips","status":"publish","type":"product","link":"https:\/\/tmp.compunegocios.com.pe\/index.php\/product\/notebook-hp-victus-gaming-15-fa0021la-i5-12450h-hasta-4-4ghz-ram-8gb-ddr4-ssd-512gb-geforce-rtx-3050-15-6-fhd-ips\/","title":{"rendered":"NOTEBOOK HP VICTUS GAMING 15-FA0021LA  I5-12450H HASTA 4.4GHZ RAM 8GB DDR4 SSD 512GB GEFORCE RTX 3050 15.6 FHD IPS (PN: A14LCLA#ABM)"},"content":{"rendered":"<p>NOTEBOOK HP VICTUS GAMING 15-FA0021LA  I5-12450H HASTA 4.4GHZ RAM 8GB DDR4 SSD 512GB GEFORCE RTX 3050 15.6 FHD IPS (PN: A14LCLA#ABM)<\/p>\n<p>MODELO: VICTUS 15-fa0021la<br \/>\nPANTALLA: 15.6 PULG RESOLUCION MAXIMA 1920 x 1080<br \/>\nCPU:  HASTA 4.40 GHZ<\/p>\n<p>MEMORIA<br \/>\nCAPACIDAD: 8 GB<br \/>\nTIPO: DDR4<br \/>\nCOMENTARIOS: (1 x 8 GB)<\/p>\n<p>ALMACENAMIENTO<br \/>\nCAPACIDAD: 512 GB<br \/>\nTIPO: SSD M.2<br \/>\nINTERFAZ: PCIe NVMe Gen4<\/p>\n<p>LECTOR DE MEMORIAS: LECTOR DE TARJETAS SD MULTIFORMATO<\/p>\n<p>VIDEO<br \/>\nINDEPENDIENTE: SI<br \/>\nMARCA: NVIDIA<br \/>\nCHIPSET: GEFORCE RTX 3050<br \/>\nCAPACIDAD: 4 GB<br \/>\nTIPO: GDDR6<br \/>\nSALIDAS\tHDMI<\/p>\n<p>CONECTIVIDAD<br \/>\nLAN\tVELOCIDAD: 1000 MB\/S<br \/>\nWIRELESS: WIFI 6E AX211 (2&#215;2) AX<br \/>\nBLUETOOTH: 5.3<\/p>\n<p>SONIDO<br \/>\nPARLANTE: AUDIO by B&amp;O; ALTAVOCES DOBLES; HP AUDIO BOOST<br \/>\nPUERTOS: COMBO AUDIO\/MIC: SI<\/p>\n<p>INCORPORA<br \/>\nWEBCAM: SI<br \/>\nTOUCHPAD: SI<br \/>\nC\u00c1MARA HD HP WIDE VISION DE 720P CON REDUCCI\u00d3N DE RUIDO TEMPORAL Y MICR\u00d3FONOS DIGITALES INTEGRADOS DE DOBLE MATRIZ<br \/>\nTECLADO DE TAMA\u00d1O COMPLETO, CON RETROILUMINACI\u00d3N, DE COLOR AZUL INTENSO Y TECLADO NUM\u00c9RICO<\/p>\n<p>PUERTOS<br \/>\nRJ45: 1<br \/>\nALIMENTACION: SI<br \/>\nHDMI: 2.1: 1<br \/>\n1 x USB 3.2 GEN 1 TIPO-C (SOPORTA DISPLAYPORT 1.4, HP SLEEP &amp; CHARGE)<br \/>\n1 x USB 3.2 GEN 1 TIPO-A (HP SLEEP &amp; CHARGE)<br \/>\n1 x USB 3.2 GEN 1 TIPO-A<br \/>\n1 x HEADPHONE \/ MICROPHONE COMBO JACK (3.5mm)<br \/>\n1 x PIN INTELIGENTE DE CA<\/p>\n<p>BATERIA<br \/>\nNRO CELDAS: 4<br \/>\nTIPO BATERIA: LI-ION<br \/>\nCAPACIDAD: 70 WH<\/p>\n<p>SISTEMA OPERATIVO<br \/>\nVERSION: WINDOWS 11 HOME SL 64 BITS<br \/>\nIDIOMA: ESPA\u00d1OL<\/p>\n","protected":false},"excerpt":{"rendered":"<p>&#8211;<\/p>\n","protected":false},"featured_media":17407,"template":"","meta":[],"pwb-brand":[],"product_brand":[],"product_cat":[23],"product_tag":[],"class_list":{"0":"post-17333","1":"product","2":"type-product","3":"status-publish","4":"has-post-thumbnail","6":"product_cat-23","8":"first","9":"instock","10":"taxable","11":"shipping-taxable","12":"purchasable","13":"product-type-simple"},"brands":[],"_links":{"self":[{"href":"https:\/\/tmp.compunegocios.com.pe\/index.php\/wp-json\/wp\/v2\/product\/17333","targetHints":{"allow":["GET"]}}],"collection":[{"href":"https:\/\/tmp.compunegocios.com.pe\/index.php\/wp-json\/wp\/v2\/product"}],"about":[{"href":"https:\/\/tmp.compunegocios.com.pe\/index.php\/wp-json\/wp\/v2\/types\/product"}],"wp:featuredmedia":[{"embeddable":true,"href":"https:\/\/tmp.compunegocios.com.pe\/index.php\/wp-json\/wp\/v2\/media\/17407"}],"wp:attachment":[{"href":"https:\/\/tmp.compunegocios.com.pe\/index.php\/wp-json\/wp\/v2\/media?parent=17333"}],"wp:term":[{"taxonomy":"pwb-brand","embeddable":true,"href":"https:\/\/tmp.compunegocios.com.pe\/index.php\/wp-json\/wp\/v2\/pwb-brand?post=17333"},{"taxonomy":"product_brand","embeddable":true,"href":"https:\/\/tmp.compunegocios.com.pe\/index.php\/wp-json\/wp\/v2\/product_brand?post=17333"},{"taxonomy":"product_cat","embeddable":true,"href":"https:\/\/tmp.compunegocios.com.pe\/index.php\/wp-json\/wp\/v2\/product_cat?post=17333"},{"taxonomy":"product_tag","embeddable":true,"href":"https:\/\/tmp.compunegocios.com.pe\/index.php\/wp-json\/wp\/v2\/product_tag?post=17333"}],"curies":[{"name":"wp","href":"https:\/\/api.w.org\/{rel}","templated":true}]}}