{"id":17470,"date":"2024-09-02T17:58:59","date_gmt":"2024-09-02T17:58:59","guid":{"rendered":"http:\/\/compunegocios.com.pe\/index.php\/product\/monitor-lg-27mp60g-27-1920x1080-fhd-ips-hdmi-vga-dp-headphone-out\/"},"modified":"2025-08-19T16:23:23","modified_gmt":"2025-08-19T16:23:23","slug":"monitor-lg-27mp60g-27-1920x1080-fhd-ips-hdmi-vga-dp-headphone-out","status":"publish","type":"product","link":"https:\/\/tmp.compunegocios.com.pe\/index.php\/product\/monitor-lg-27mp60g-27-1920x1080-fhd-ips-hdmi-vga-dp-headphone-out\/","title":{"rendered":"PLACA MADRE ASUS TUF GAMING B560M-PLUS WIFI LGA 1200 (PN: 90MB1770-M0EAY0)"},"content":{"rendered":"<p>PLACA MADRE ASUS TUF GAMING B560M-PLUS WIFI LGA 1200 (PN: 90MB1770-M0EAY0)<\/p>\n<p>Placa madre Intel\u00ae B560 (LGA 1200) mATX con PCIe 4.0, dos ranuras M.2, 8 + 1 etapas de potencia, Realtek 2.5Gb Ethernet, Intel\u00ae Wi-Fi 6, DisplayPort 1.4, HDMI 2.0, USB 3.2 Gen 2, USB 3.2 Gen 1 Type-C\u00ae, compatibilidad con Thunderbolt \u2122 4, iluminaci\u00f3n Aura Sync RGB, RGB direccionable<\/p>\n<p>Z\u00f3calo Intel\u00ae LGA 1200: listo para procesadores Intel\u00ae Core \u2122 de 11.a generaci\u00f3n<br \/>\nSoluci\u00f3n de potencia mejorada: 8 + 1 etapas de potencia, PCB de 6 capas, toma ProCool y condensadores duraderos para una entrega de energ\u00eda estable<br \/>\nRefrigeraci\u00f3n integral: disipador de calor VRM, disipador de calor M.2 flexible, disipador de calor PCH, cabezales de ventilador h\u00edbridos y Fan Xpert 2+<br \/>\nConectividad de pr\u00f3xima generaci\u00f3n: PCIe 4.0, Realtek 2.5Gb Ethernet, Intel\u00ae Wi-Fi 6, USB 3.2 posterior de 2.a generaci\u00f3n, USB 3.2 frontal de 1.a generaci\u00f3n Type-C\u00ae y compatibilidad con Thunderbolt \u2122 4<br \/>\nHecho para juegos en l\u00ednea: tecnolog\u00eda Intel Wi-Fi 6, Realtek 2.5 Gb Ethernet, TUF LANGuard y Turbo LAN<br \/>\nCancelaci\u00f3n de ruido bidireccional AI: reduzca el ruido de fondo del micr\u00f3fono y la salida de audio para una comunicaci\u00f3n n\u00edtida en juegos o videoconferencias<br \/>\nMyASUS: ofrece una variedad de funciones de soporte, como ayudar a contactar al centro de servicio al cliente, optimizar el rendimiento de la red y colaborar con su tel\u00e9fono m\u00f3vil a trav\u00e9s de Link to MyASUS.<\/p>\n<p>Procesador<br \/>\nFabricante de procesador: Intel<br \/>\nSocket de procesador: LGA 1200<br \/>\nProcesador compatible: Intel\u00ae Celeron\u00ae, Intel Core i5, Intel Core i7, Intel Core i9, Intel\u00ae Pentium\u00ae<br \/>\nM\u00e1x.a n\u00famero de procesador SMP: 1<\/p>\n<p>Memoria<br \/>\ntipos de memoria compatibles: DDR4-SDRAM<br \/>\nN\u00famero de ranuras de memoria: 4<br \/>\nTipo de ranuras de memoria: DIMM<br \/>\nCanales de memoria: Dual-channel<br \/>\nNo ECC: Si<br \/>\nVelocidades de reloj de memoria soportadas: 2133,2400,2666,2800,2933,3200,3466,3600,3733,4000,4266,4400,4600,4800,5000 MHz<br \/>\nMemoria interna m\u00e1xima: 128 GB<\/p>\n<p>Reguladores del almacenaje<br \/>\nTipos de unidades de almacenamiento admitidas: HDD &amp; SSD<br \/>\nInterfaces de disco de almacenamiento soportados: M.2, SATA<br \/>\nN\u00famero de unidades de almacenamiento compatibles: 8<\/p>\n<p>Gr\u00e1ficos<br \/>\nM\u00e1xima resoluci\u00f3n: 4096 x 2304 Pixeles<\/p>\n<p>Interno I\/O<br \/>\nUSB 2.0, conectores: 2<br \/>\nConectores USB 3.2 Gen 1 (3.1 Gen 1): 1<br \/>\nN\u00famero de conectores SATA: 6<br \/>\nConector de audio en panel frontal: Si<br \/>\nConector de potencia ATX (24 pines): Si<br \/>\nN\u00famero de conectores de poder EATX: 1<br \/>\nConector de ventilador CPU: Si<br \/>\nN\u00famero de conectores a ventilador de chasis: 2<br \/>\nConector de instrusi\u00f3n a chasis: Si<br \/>\nConector de energ\u00eda EPS (8-pin): Si<br \/>\nN\u00famero de conectores COM: 1<br \/>\nEncabezados Thunderbolt: 1<br \/>\nConector para tiras LED RGB: Si<\/p>\n<p>Panel trasero Puertos de I\/O (entrada\/salida)<br \/>\nCantidad de puertos USB 2.0: 4<br \/>\nCantidad de puertos tipo A USB 3.2 Gen 1 (3.1 Gen 1): 2<br \/>\nCantidad de puertos tipo C USB 3.2 Gen 1 (3.1 Gen 1): 1<br \/>\nCantidad de puertos tipo A USB 3.2 Gen 2 (3.1 Gen 2): 2<br \/>\nEthernet LAN (RJ-45) cantidad de puertos: 1<br \/>\nN\u00famero de puertos HDMI: 1<br \/>\nVersi\u00f3n HDMI: 2.0<br \/>\nCantidad de DisplayPort<\/p>\n","protected":false},"excerpt":{"rendered":"<p>&#8211;<\/p>\n","protected":false},"featured_media":17504,"template":"","meta":[],"pwb-brand":[],"product_brand":[],"product_cat":[94],"product_tag":[],"class_list":{"0":"post-17470","1":"product","2":"type-product","3":"status-publish","4":"has-post-thumbnail","6":"product_cat-94","8":"first","9":"instock","10":"taxable","11":"shipping-taxable","12":"purchasable","13":"product-type-simple"},"brands":[],"_links":{"self":[{"href":"https:\/\/tmp.compunegocios.com.pe\/index.php\/wp-json\/wp\/v2\/product\/17470","targetHints":{"allow":["GET"]}}],"collection":[{"href":"https:\/\/tmp.compunegocios.com.pe\/index.php\/wp-json\/wp\/v2\/product"}],"about":[{"href":"https:\/\/tmp.compunegocios.com.pe\/index.php\/wp-json\/wp\/v2\/types\/product"}],"wp:featuredmedia":[{"embeddable":true,"href":"https:\/\/tmp.compunegocios.com.pe\/index.php\/wp-json\/wp\/v2\/media\/17504"}],"wp:attachment":[{"href":"https:\/\/tmp.compunegocios.com.pe\/index.php\/wp-json\/wp\/v2\/media?parent=17470"}],"wp:term":[{"taxonomy":"pwb-brand","embeddable":true,"href":"https:\/\/tmp.compunegocios.com.pe\/index.php\/wp-json\/wp\/v2\/pwb-brand?post=17470"},{"taxonomy":"product_brand","embeddable":true,"href":"https:\/\/tmp.compunegocios.com.pe\/index.php\/wp-json\/wp\/v2\/product_brand?post=17470"},{"taxonomy":"product_cat","embeddable":true,"href":"https:\/\/tmp.compunegocios.com.pe\/index.php\/wp-json\/wp\/v2\/product_cat?post=17470"},{"taxonomy":"product_tag","embeddable":true,"href":"https:\/\/tmp.compunegocios.com.pe\/index.php\/wp-json\/wp\/v2\/product_tag?post=17470"}],"curies":[{"name":"wp","href":"https:\/\/api.w.org\/{rel}","templated":true}]}}