{"id":17498,"date":"2024-09-10T21:17:51","date_gmt":"2024-09-10T21:17:51","guid":{"rendered":"http:\/\/compunegocios.com.pe\/index.php\/product\/case-deepcool-matrexx-55-v3-atx-add-rgb-3f-vidrio-templado-white\/"},"modified":"2025-08-19T16:23:37","modified_gmt":"2025-08-19T16:23:37","slug":"case-deepcool-matrexx-55-v3-atx-add-rgb-3f-vidrio-templado-white","status":"publish","type":"product","link":"https:\/\/tmp.compunegocios.com.pe\/index.php\/product\/case-deepcool-matrexx-55-v3-atx-add-rgb-3f-vidrio-templado-white\/","title":{"rendered":"CASE DEEPCOOL MATREXX 55 V3 ATX ADD-RGB 3F VIDRIO TEMPLADO WHITE"},"content":{"rendered":"<p>CASE DEEPCOOL MATREXX 55 V3 ADD-RGB 3F VIDRIO TEMPLADO WHITE <\/p>\n<p>N\u00famero de parte: DP-ATX-MATREXX55V3-AR-WH-3F<br \/>\nPlacas base: E-ATX \/ ATX \/ Micro-ATX \/ Mini-ITX<br \/>\nBah\u00edas de unidad: 3,5 \u00ab(2),2,5 \u00ab(2+2)<br \/>\nPuertos superiores: USB3.0 x 1, USB2.0 x 2, Mic + Audio x 1<br \/>\nPuertos de E \/ S: 1\u00d7USB3.0\/2\u00d7USB2.0\/1\u00d7Audio\/1\u00d7Mic<br \/>\nRanuras de expansi\u00f3n: 7<br \/>\nSoporte de ventiladores: Preinstalado: VENTILADOR ADD-RGB frontal de 3 \u00d7 120 mm; Opcional: Trasera: 1 \u00d7 120 mm; Frente: 3 \u00d7 120 mm \/ 3 \u00d7 140 mm; Parte superior: 2 \u00d7 120\/2 \u00d7 140 mm<br \/>\nTipo de fuente de alimentaci\u00f3n: ATX PS2 (longitud m\u00e1xima: 170 mm)<\/p>\n","protected":false},"excerpt":{"rendered":"<p>&#8211;<\/p>\n","protected":false},"featured_media":17562,"template":"","meta":[],"pwb-brand":[],"product_brand":[],"product_cat":[166],"product_tag":[],"class_list":{"0":"post-17498","1":"product","2":"type-product","3":"status-publish","4":"has-post-thumbnail","6":"product_cat-166","8":"first","9":"outofstock","10":"taxable","11":"shipping-taxable","12":"purchasable","13":"product-type-simple"},"brands":[],"_links":{"self":[{"href":"https:\/\/tmp.compunegocios.com.pe\/index.php\/wp-json\/wp\/v2\/product\/17498","targetHints":{"allow":["GET"]}}],"collection":[{"href":"https:\/\/tmp.compunegocios.com.pe\/index.php\/wp-json\/wp\/v2\/product"}],"about":[{"href":"https:\/\/tmp.compunegocios.com.pe\/index.php\/wp-json\/wp\/v2\/types\/product"}],"wp:featuredmedia":[{"embeddable":true,"href":"https:\/\/tmp.compunegocios.com.pe\/index.php\/wp-json\/wp\/v2\/media\/17562"}],"wp:attachment":[{"href":"https:\/\/tmp.compunegocios.com.pe\/index.php\/wp-json\/wp\/v2\/media?parent=17498"}],"wp:term":[{"taxonomy":"pwb-brand","embeddable":true,"href":"https:\/\/tmp.compunegocios.com.pe\/index.php\/wp-json\/wp\/v2\/pwb-brand?post=17498"},{"taxonomy":"product_brand","embeddable":true,"href":"https:\/\/tmp.compunegocios.com.pe\/index.php\/wp-json\/wp\/v2\/product_brand?post=17498"},{"taxonomy":"product_cat","embeddable":true,"href":"https:\/\/tmp.compunegocios.com.pe\/index.php\/wp-json\/wp\/v2\/product_cat?post=17498"},{"taxonomy":"product_tag","embeddable":true,"href":"https:\/\/tmp.compunegocios.com.pe\/index.php\/wp-json\/wp\/v2\/product_tag?post=17498"}],"curies":[{"name":"wp","href":"https:\/\/api.w.org\/{rel}","templated":true}]}}