{"id":17586,"date":"2024-09-12T17:24:03","date_gmt":"2024-09-12T17:24:03","guid":{"rendered":"http:\/\/compunegocios.com.pe\/index.php\/product\/ups-cdp-r-smart-751i-interactivo-750va-375w-10-salidas\/"},"modified":"2025-08-19T16:23:46","modified_gmt":"2025-08-19T16:23:46","slug":"ups-cdp-r-smart-751i-interactivo-750va-375w-10-salidas","status":"publish","type":"product","link":"https:\/\/tmp.compunegocios.com.pe\/index.php\/product\/ups-cdp-r-smart-751i-interactivo-750va-375w-10-salidas\/","title":{"rendered":"UPS CDP R-SMART 751i INTERACTIVO 750VA\/375W 10 SALIDAS"},"content":{"rendered":"<p>UPS CDP R-SMART 751i INTERACTIVO 750VA\/375W 10 SALIDAS<\/p>\n<p>MARCA: CDP<br \/>\nMODELO: R-Smart 751I<br \/>\nCONEXION: USB<br \/>\nCAPACIDAD: 750VA \/ 375W<\/p>\n<p>CARACTERISTICAS<br \/>\nEntrada: 220 VCA<br \/>\nSalida: 220 VCA +\/-10%<br \/>\n5 tomas con regulaci\u00f3n AVR y respaldo de bater\u00eda + 5 tomas con supresi\u00f3n de picos<br \/>\nVoltaje de bater\u00eda: 12VDC<br \/>\nprotecci\u00f3n de seguridad: sobrecarga y protecci\u00f3n contra descarga.<br \/>\nprotecci\u00f3n coaxial<br \/>\nTiempo de respaldo (CARGA 1 PC): 40 minutos.<br \/>\nProtecci\u00f3n corto circuito: breaker termomagn\u00e9tico AC (modo l\u00ednea) y circuitos electr\u00f3nicos (modo respaldo).<br \/>\nprotecci\u00f3n descarga rel\u00e1mpago: 175 Joules<\/p>\n","protected":false},"excerpt":{"rendered":"<p>&#8211;<\/p>\n","protected":false},"featured_media":17643,"template":"","meta":[],"pwb-brand":[],"product_brand":[],"product_cat":[263],"product_tag":[],"class_list":{"0":"post-17586","1":"product","2":"type-product","3":"status-publish","4":"has-post-thumbnail","6":"product_cat-263","8":"first","9":"instock","10":"taxable","11":"shipping-taxable","12":"purchasable","13":"product-type-simple"},"brands":[],"_links":{"self":[{"href":"https:\/\/tmp.compunegocios.com.pe\/index.php\/wp-json\/wp\/v2\/product\/17586","targetHints":{"allow":["GET"]}}],"collection":[{"href":"https:\/\/tmp.compunegocios.com.pe\/index.php\/wp-json\/wp\/v2\/product"}],"about":[{"href":"https:\/\/tmp.compunegocios.com.pe\/index.php\/wp-json\/wp\/v2\/types\/product"}],"wp:featuredmedia":[{"embeddable":true,"href":"https:\/\/tmp.compunegocios.com.pe\/index.php\/wp-json\/wp\/v2\/media\/17643"}],"wp:attachment":[{"href":"https:\/\/tmp.compunegocios.com.pe\/index.php\/wp-json\/wp\/v2\/media?parent=17586"}],"wp:term":[{"taxonomy":"pwb-brand","embeddable":true,"href":"https:\/\/tmp.compunegocios.com.pe\/index.php\/wp-json\/wp\/v2\/pwb-brand?post=17586"},{"taxonomy":"product_brand","embeddable":true,"href":"https:\/\/tmp.compunegocios.com.pe\/index.php\/wp-json\/wp\/v2\/product_brand?post=17586"},{"taxonomy":"product_cat","embeddable":true,"href":"https:\/\/tmp.compunegocios.com.pe\/index.php\/wp-json\/wp\/v2\/product_cat?post=17586"},{"taxonomy":"product_tag","embeddable":true,"href":"https:\/\/tmp.compunegocios.com.pe\/index.php\/wp-json\/wp\/v2\/product_tag?post=17586"}],"curies":[{"name":"wp","href":"https:\/\/api.w.org\/{rel}","templated":true}]}}