{"id":17601,"date":"2024-09-14T18:20:45","date_gmt":"2024-09-14T18:20:45","guid":{"rendered":"http:\/\/compunegocios.com.pe\/index.php\/product\/teclado-genius-gx-scorpion-k7-rgb-usb-negro\/"},"modified":"2025-08-19T16:23:57","modified_gmt":"2025-08-19T16:23:57","slug":"teclado-genius-gx-scorpion-k7-rgb-usb-negro","status":"publish","type":"product","link":"https:\/\/tmp.compunegocios.com.pe\/index.php\/product\/teclado-genius-gx-scorpion-k7-rgb-usb-negro\/","title":{"rendered":"TECLADO GENIUS GX SCORPION K7 RGB USB NEGRO"},"content":{"rendered":"<p>TECLADO GENIUS GX SCORPION K7 RGB USB NEGRO<\/p>\n<p>Marca: Genius<br \/>\nModelo: Scorpion K7<br \/>\nColor: Negro<br \/>\nInterfaz: Cable USB<br \/>\nGenius Scorpion K7 es un teclado iluminado RGB para juegos, que se siente al escribir como un teclado mec\u00e1nico, pero ahorra gastos.<br \/>\nEl Scorpion K7El dise\u00f1o avanzado anti-fantasma garantiza presionar varias teclas sin conflicto. Al mismo tiempo.<br \/>\nLas teclas iluminadas del Scorpion K7 con retroiluminaci\u00f3n RGB son m\u00e1s n\u00edtidas y brillantes y claro y ayuda a responder r\u00e1pidamente al juego o escribir incluso en la oscuridad.<br \/>\nIluminaci\u00f3n Rgb:<br \/>\nTeclas iluminadas con retroiluminaci\u00f3n RGB.<br \/>\nBrillo ajustable de la luz de fondo.<br \/>\nDiez modos de iluminaci\u00f3n RGB diferentes.<\/p>\n","protected":false},"excerpt":{"rendered":"<p>&#8211;<\/p>\n","protected":false},"featured_media":17690,"template":"","meta":[],"pwb-brand":[],"product_brand":[],"product_cat":[189],"product_tag":[],"class_list":{"0":"post-17601","1":"product","2":"type-product","3":"status-publish","4":"has-post-thumbnail","6":"product_cat-189","8":"first","9":"outofstock","10":"taxable","11":"shipping-taxable","12":"purchasable","13":"product-type-simple"},"brands":[],"_links":{"self":[{"href":"https:\/\/tmp.compunegocios.com.pe\/index.php\/wp-json\/wp\/v2\/product\/17601","targetHints":{"allow":["GET"]}}],"collection":[{"href":"https:\/\/tmp.compunegocios.com.pe\/index.php\/wp-json\/wp\/v2\/product"}],"about":[{"href":"https:\/\/tmp.compunegocios.com.pe\/index.php\/wp-json\/wp\/v2\/types\/product"}],"wp:featuredmedia":[{"embeddable":true,"href":"https:\/\/tmp.compunegocios.com.pe\/index.php\/wp-json\/wp\/v2\/media\/17690"}],"wp:attachment":[{"href":"https:\/\/tmp.compunegocios.com.pe\/index.php\/wp-json\/wp\/v2\/media?parent=17601"}],"wp:term":[{"taxonomy":"pwb-brand","embeddable":true,"href":"https:\/\/tmp.compunegocios.com.pe\/index.php\/wp-json\/wp\/v2\/pwb-brand?post=17601"},{"taxonomy":"product_brand","embeddable":true,"href":"https:\/\/tmp.compunegocios.com.pe\/index.php\/wp-json\/wp\/v2\/product_brand?post=17601"},{"taxonomy":"product_cat","embeddable":true,"href":"https:\/\/tmp.compunegocios.com.pe\/index.php\/wp-json\/wp\/v2\/product_cat?post=17601"},{"taxonomy":"product_tag","embeddable":true,"href":"https:\/\/tmp.compunegocios.com.pe\/index.php\/wp-json\/wp\/v2\/product_tag?post=17601"}],"curies":[{"name":"wp","href":"https:\/\/api.w.org\/{rel}","templated":true}]}}