{"id":17602,"date":"2024-09-14T18:29:09","date_gmt":"2024-09-14T18:29:09","guid":{"rendered":"http:\/\/compunegocios.com.pe\/index.php\/product\/teclado-mecanico-logitech-g413-se\/"},"modified":"2025-09-19T00:44:58","modified_gmt":"2025-09-19T00:44:58","slug":"teclado-mecanico-logitech-g413-se","status":"publish","type":"product","link":"https:\/\/tmp.compunegocios.com.pe\/index.php\/product\/teclado-mecanico-logitech-g413-se\/","title":{"rendered":"TECLADO MEC\u00c1NICO LOGITECH G413 SE"},"content":{"rendered":"<p>Dimensiones<br \/>\nLongitud: 435 mm<br \/>\nAncho: 127 mm<br \/>\nAltura: 36,3 mm<br \/>\nPeso: 780 g<br \/>\nLongitud del cable: 1,8 m<\/p>\n<p>Especificaciones principales<br \/>\nTeclas de PBT<br \/>\nCubierta superior de aluminio<br \/>\nRetroiluminaci\u00f3n blanca<\/p>\n<p>Especificaciones t\u00e9cnicas<br \/>\nInterruptores: T\u00e1ctil<br \/>\nDistancia de actuaci\u00f3n: 1,9 mm<br \/>\nFuerza de actuaci\u00f3n: 50 g<br \/>\nRecorrido total: 4 mm<br \/>\nTipo de conexi\u00f3n: USB 2.0<br \/>\nProtocolo USB: USB 2.0<br \/>\nRetroiluminaci\u00f3n: S\u00ed, iluminaci\u00f3n blanca por tecla<\/p>\n","protected":false},"excerpt":{"rendered":"<p>&#8211;<\/p>\n","protected":false},"featured_media":17691,"template":"","meta":[],"pwb-brand":[],"product_brand":[],"product_cat":[187],"product_tag":[],"class_list":{"0":"post-17602","1":"product","2":"type-product","3":"status-publish","4":"has-post-thumbnail","6":"product_cat-187","8":"first","9":"outofstock","10":"taxable","11":"shipping-taxable","12":"purchasable","13":"product-type-simple"},"brands":[],"_links":{"self":[{"href":"https:\/\/tmp.compunegocios.com.pe\/index.php\/wp-json\/wp\/v2\/product\/17602","targetHints":{"allow":["GET"]}}],"collection":[{"href":"https:\/\/tmp.compunegocios.com.pe\/index.php\/wp-json\/wp\/v2\/product"}],"about":[{"href":"https:\/\/tmp.compunegocios.com.pe\/index.php\/wp-json\/wp\/v2\/types\/product"}],"wp:featuredmedia":[{"embeddable":true,"href":"https:\/\/tmp.compunegocios.com.pe\/index.php\/wp-json\/wp\/v2\/media\/17691"}],"wp:attachment":[{"href":"https:\/\/tmp.compunegocios.com.pe\/index.php\/wp-json\/wp\/v2\/media?parent=17602"}],"wp:term":[{"taxonomy":"pwb-brand","embeddable":true,"href":"https:\/\/tmp.compunegocios.com.pe\/index.php\/wp-json\/wp\/v2\/pwb-brand?post=17602"},{"taxonomy":"product_brand","embeddable":true,"href":"https:\/\/tmp.compunegocios.com.pe\/index.php\/wp-json\/wp\/v2\/product_brand?post=17602"},{"taxonomy":"product_cat","embeddable":true,"href":"https:\/\/tmp.compunegocios.com.pe\/index.php\/wp-json\/wp\/v2\/product_cat?post=17602"},{"taxonomy":"product_tag","embeddable":true,"href":"https:\/\/tmp.compunegocios.com.pe\/index.php\/wp-json\/wp\/v2\/product_tag?post=17602"}],"curies":[{"name":"wp","href":"https:\/\/api.w.org\/{rel}","templated":true}]}}