{"id":17605,"date":"2024-09-14T19:02:39","date_gmt":"2024-09-14T19:02:39","guid":{"rendered":"http:\/\/compunegocios.com.pe\/index.php\/product\/kit-teclado-mouse-halion-ha-k233c-escritorio-usb\/"},"modified":"2025-08-19T16:24:10","modified_gmt":"2025-08-19T16:24:10","slug":"kit-teclado-mouse-halion-ha-k233c-escritorio-usb","status":"publish","type":"product","link":"https:\/\/tmp.compunegocios.com.pe\/index.php\/product\/kit-teclado-mouse-halion-ha-k233c-escritorio-usb\/","title":{"rendered":"KIT TECLADO + MOUSE HALION HA-K233C ESCRITORIO USB"},"content":{"rendered":"<p>KIT TECLADO + MOUSE HALION HA-K233C ESCRITORIO USB<\/p>\n<p>Especificaciones del mouse<br \/>\n-Mouse \u00f3ptico<br \/>\n-Mouse con scroll ultrarr\u00e1pida<br \/>\n-3 botones, dise\u00f1o para diestros y zurdos<br \/>\n&#8211; Resoluci\u00f3n y precisi\u00f3n m\u00e1ximas 800 DPI<br \/>\n-Interfaz USB 2.0<br \/>\n-Soporta Windows y MaC<\/p>\n<p>Especificaciones del teclado<br \/>\n-Teclado est\u00e1ndar<br \/>\n-Teclas 104 teclas<br \/>\n-Ciclo de vida 1,000,0000 de click<br \/>\n-Voltaje de trabajo 5.5<br \/>\n-Teclas silenciosas, sensaci\u00f3n c\u00f3moda<br \/>\n-Teclado USB con teclas num\u00e9ricas<br \/>\n-Ventilador: 1x12cm Frontal<\/p>\n","protected":false},"excerpt":{"rendered":"<p>&#8211;<\/p>\n","protected":false},"featured_media":17698,"template":"","meta":[],"pwb-brand":[],"product_brand":[],"product_cat":[186],"product_tag":[],"class_list":{"0":"post-17605","1":"product","2":"type-product","3":"status-publish","4":"has-post-thumbnail","6":"product_cat-186","8":"first","9":"instock","10":"taxable","11":"shipping-taxable","12":"purchasable","13":"product-type-simple"},"brands":[],"_links":{"self":[{"href":"https:\/\/tmp.compunegocios.com.pe\/index.php\/wp-json\/wp\/v2\/product\/17605","targetHints":{"allow":["GET"]}}],"collection":[{"href":"https:\/\/tmp.compunegocios.com.pe\/index.php\/wp-json\/wp\/v2\/product"}],"about":[{"href":"https:\/\/tmp.compunegocios.com.pe\/index.php\/wp-json\/wp\/v2\/types\/product"}],"wp:featuredmedia":[{"embeddable":true,"href":"https:\/\/tmp.compunegocios.com.pe\/index.php\/wp-json\/wp\/v2\/media\/17698"}],"wp:attachment":[{"href":"https:\/\/tmp.compunegocios.com.pe\/index.php\/wp-json\/wp\/v2\/media?parent=17605"}],"wp:term":[{"taxonomy":"pwb-brand","embeddable":true,"href":"https:\/\/tmp.compunegocios.com.pe\/index.php\/wp-json\/wp\/v2\/pwb-brand?post=17605"},{"taxonomy":"product_brand","embeddable":true,"href":"https:\/\/tmp.compunegocios.com.pe\/index.php\/wp-json\/wp\/v2\/product_brand?post=17605"},{"taxonomy":"product_cat","embeddable":true,"href":"https:\/\/tmp.compunegocios.com.pe\/index.php\/wp-json\/wp\/v2\/product_cat?post=17605"},{"taxonomy":"product_tag","embeddable":true,"href":"https:\/\/tmp.compunegocios.com.pe\/index.php\/wp-json\/wp\/v2\/product_tag?post=17605"}],"curies":[{"name":"wp","href":"https:\/\/api.w.org\/{rel}","templated":true}]}}