{"id":17611,"date":"2024-09-17T01:40:39","date_gmt":"2024-09-17T01:40:39","guid":{"rendered":"http:\/\/compunegocios.com.pe\/index.php\/product\/mouse-inalambrico-bluetooth-genius-nx-9000bt-recargable-negro\/"},"modified":"2025-08-19T16:24:16","modified_gmt":"2025-08-19T16:24:16","slug":"mouse-inalambrico-bluetooth-genius-nx-9000bt-recargable-negro","status":"publish","type":"product","link":"https:\/\/tmp.compunegocios.com.pe\/index.php\/product\/mouse-inalambrico-bluetooth-genius-nx-9000bt-recargable-negro\/","title":{"rendered":"MOUSE INALAMBRICO BLUETOOTH GENIUS NX-9000BT RECARGABLE NEGRO"},"content":{"rendered":"<p>MOUSE INALAMBRICO BLUETOOTH GENIUS NX-9000BT RECARGABLE NEGRO<\/p>\n<p>Frecuencia RF: Bluetooth 5.0.<br \/>\nMotor de sensores: Ojo azul.<br \/>\nResoluci\u00f3n (DPI): 1200 (SmartGenius: 800, 1000, 1200, 1600).<br \/>\nN\u00famero de botones: 3.<br \/>\nTipo de bater\u00eda: Bater\u00eda de pol\u00edmero de litio recargable incorporada de 320 mAh.<br \/>\nRango de operaci\u00f3n de Bluetooth: Aprox. 10 m.<br \/>\nPeso (g): Aprox. 49.5 g.<br \/>\nDimensiones (A x A x P) mm (pulgadas): 54.5 x 81.4 x 34.1 mm (2.15 x 3.2 x 1.34 pulgadas).<br \/>\nManual de usuario: S\u00ed.<br \/>\nSoporte SmartGenius: S\u00ed.<br \/>\nRequisitos del sistema: Windows\u00ae 7, 8, 8.1, 10 \/ macOS 10.8 o posterior.<\/p>\n","protected":false},"excerpt":{"rendered":"<p>&#8211;<\/p>\n","protected":false},"featured_media":17715,"template":"","meta":[],"pwb-brand":[],"product_brand":[],"product_cat":[193],"product_tag":[],"class_list":{"0":"post-17611","1":"product","2":"type-product","3":"status-publish","4":"has-post-thumbnail","6":"product_cat-193","8":"first","9":"outofstock","10":"taxable","11":"shipping-taxable","12":"purchasable","13":"product-type-simple"},"brands":[],"_links":{"self":[{"href":"https:\/\/tmp.compunegocios.com.pe\/index.php\/wp-json\/wp\/v2\/product\/17611","targetHints":{"allow":["GET"]}}],"collection":[{"href":"https:\/\/tmp.compunegocios.com.pe\/index.php\/wp-json\/wp\/v2\/product"}],"about":[{"href":"https:\/\/tmp.compunegocios.com.pe\/index.php\/wp-json\/wp\/v2\/types\/product"}],"wp:featuredmedia":[{"embeddable":true,"href":"https:\/\/tmp.compunegocios.com.pe\/index.php\/wp-json\/wp\/v2\/media\/17715"}],"wp:attachment":[{"href":"https:\/\/tmp.compunegocios.com.pe\/index.php\/wp-json\/wp\/v2\/media?parent=17611"}],"wp:term":[{"taxonomy":"pwb-brand","embeddable":true,"href":"https:\/\/tmp.compunegocios.com.pe\/index.php\/wp-json\/wp\/v2\/pwb-brand?post=17611"},{"taxonomy":"product_brand","embeddable":true,"href":"https:\/\/tmp.compunegocios.com.pe\/index.php\/wp-json\/wp\/v2\/product_brand?post=17611"},{"taxonomy":"product_cat","embeddable":true,"href":"https:\/\/tmp.compunegocios.com.pe\/index.php\/wp-json\/wp\/v2\/product_cat?post=17611"},{"taxonomy":"product_tag","embeddable":true,"href":"https:\/\/tmp.compunegocios.com.pe\/index.php\/wp-json\/wp\/v2\/product_tag?post=17611"}],"curies":[{"name":"wp","href":"https:\/\/api.w.org\/{rel}","templated":true}]}}