{"id":17612,"date":"2024-09-17T16:52:18","date_gmt":"2024-09-17T16:52:18","guid":{"rendered":"http:\/\/compunegocios.com.pe\/index.php\/product\/mouse-genius-nx-8000s-wireless-silencioso-usb-red-blk-pn-31030025401\/"},"modified":"2025-08-19T16:24:16","modified_gmt":"2025-08-19T16:24:16","slug":"mouse-genius-nx-8000s-wireless-silencioso-usb-red-blk-pn-31030025401","status":"publish","type":"product","link":"https:\/\/tmp.compunegocios.com.pe\/index.php\/product\/mouse-genius-nx-8000s-wireless-silencioso-usb-red-blk-pn-31030025401\/","title":{"rendered":"MOUSE GENIUS NX-8000S WIRELESS SILENCIOSO USB RED\/BLK  (PN: 31030025401)"},"content":{"rendered":"<p>MOUSE GENIUS NX-8000S WIRELESS SILENCIOSO  RED\/BLK  (PN: 31030025401)<\/p>\n<p>MARCA: GENIUS<br \/>\nMODELO: NX-8000S<br \/>\nN\u00daMERO DE PARTE: 31030025401<br \/>\nCARACTER\u00cdSTICAS<br \/>\nMouse silencioso e inal\u00e1mbrico.<br \/>\nDISE\u00d1O DE INTERRUPTOR SILENCIOSO: Reduce el ruido del clic. Le permite realizar tareas de manera efectiva sin molestar a nadie, \u00a1disfrute de su trabajo en cualquier momento y en<br \/>\ncualquier lugar!<br \/>\nCONFORT Y PRECISI\u00d3N A SU MANO: El dise\u00f1o de suaves l\u00edneas del es ideal para cualquier mano, y el tama\u00f1o expandido de la unidad brinda una mayor superficie de apoyo para la mano y<br \/>\nreduce el cansancio.<br \/>\nCONEXIONES INAL\u00c1MBRICAS: 2. Conexiones inal\u00e1mbricas de 4 GHz La transmisi\u00f3n de 2,4 GHz garantiza la protecci\u00f3n contra interferencias y simplemente plug &amp; play.<br \/>\nALMACENAMIENTO DEL RECEPTOR: El receptor se puede almacenar en el cuerpo del mouse y hace que sea f\u00e1cil de llevar.<br \/>\nBLUEEYE: NX-8006S con motor BlueEye es f\u00e1cil de usar en cualquier lugar, incluso en una encimera de granito, mesa de madera, alfombra o sof\u00e1.<br \/>\nESPECIFICACIONES<br \/>\nFRECUENCIA RF: 2.4 GHz<br \/>\nRESOLUCI\u00d3N: 1200 DPI<br \/>\nBOTONES: 3  (izquierda, derecha y central con desplazamiento)<\/p>\n","protected":false},"excerpt":{"rendered":"<p>&#8211;<\/p>\n","protected":false},"featured_media":17717,"template":"","meta":[],"pwb-brand":[],"product_brand":[],"product_cat":[193],"product_tag":[],"class_list":{"0":"post-17612","1":"product","2":"type-product","3":"status-publish","4":"has-post-thumbnail","6":"product_cat-193","8":"first","9":"outofstock","10":"taxable","11":"shipping-taxable","12":"purchasable","13":"product-type-simple"},"brands":[],"_links":{"self":[{"href":"https:\/\/tmp.compunegocios.com.pe\/index.php\/wp-json\/wp\/v2\/product\/17612","targetHints":{"allow":["GET"]}}],"collection":[{"href":"https:\/\/tmp.compunegocios.com.pe\/index.php\/wp-json\/wp\/v2\/product"}],"about":[{"href":"https:\/\/tmp.compunegocios.com.pe\/index.php\/wp-json\/wp\/v2\/types\/product"}],"wp:featuredmedia":[{"embeddable":true,"href":"https:\/\/tmp.compunegocios.com.pe\/index.php\/wp-json\/wp\/v2\/media\/17717"}],"wp:attachment":[{"href":"https:\/\/tmp.compunegocios.com.pe\/index.php\/wp-json\/wp\/v2\/media?parent=17612"}],"wp:term":[{"taxonomy":"pwb-brand","embeddable":true,"href":"https:\/\/tmp.compunegocios.com.pe\/index.php\/wp-json\/wp\/v2\/pwb-brand?post=17612"},{"taxonomy":"product_brand","embeddable":true,"href":"https:\/\/tmp.compunegocios.com.pe\/index.php\/wp-json\/wp\/v2\/product_brand?post=17612"},{"taxonomy":"product_cat","embeddable":true,"href":"https:\/\/tmp.compunegocios.com.pe\/index.php\/wp-json\/wp\/v2\/product_cat?post=17612"},{"taxonomy":"product_tag","embeddable":true,"href":"https:\/\/tmp.compunegocios.com.pe\/index.php\/wp-json\/wp\/v2\/product_tag?post=17612"}],"curies":[{"name":"wp","href":"https:\/\/api.w.org\/{rel}","templated":true}]}}