{"id":17614,"date":"2024-09-17T17:09:34","date_gmt":"2024-09-17T17:09:34","guid":{"rendered":"http:\/\/compunegocios.com.pe\/index.php\/product\/mouse-genius-gaming-scorpion-m700-rgb-black-dpi-7200-usb-pn31040009400\/"},"modified":"2025-10-01T22:36:54","modified_gmt":"2025-10-01T22:36:54","slug":"mouse-genius-gaming-scorpion-m700-rgb-black-dpi-7200-usb-pn31040009400","status":"publish","type":"product","link":"https:\/\/tmp.compunegocios.com.pe\/index.php\/product\/mouse-genius-gaming-scorpion-m700-rgb-black-dpi-7200-usb-pn31040009400\/","title":{"rendered":"MOUSE GENIUS GAMING SCORPION M700 RGB BLACK DPI 7200 USB (PN:31040009400)"},"content":{"rendered":"<p>MOUSE GENIUS GAMING SCORPION M700 RGB BLACK DPI 7200 USB (PN:31040009400)<\/p>\n<p>Marca: GENIUS<br \/>\nModelo: GX SCORPION M700<br \/>\nNro parte: 31040009400<br \/>\nDetalles: Equipado con un sensor \u00f3ptico de 800 a 7200 ppp, configuraciones de ppp ajustables sin esfuerzo con un solo interruptor, que admite hasta 7000 cuadros por segundo (fps) y una aceleraci\u00f3n de 20 g. Adem\u00e1s, el mouse presenta un elegante efecto de luz ambiental RGB. Dise\u00f1ado para brindar comodidad y velocidad, el m700 cuenta con una estructura liviana para maniobras r\u00e1pidas.<br \/>\nMEMORIA Y BOTONES: El M700 incorpora 32K de memoria interna, lo que le permite personalizar las funciones de sus 6 botones mediante el controlador que le proporcionamos (asignar tareas como teclas de macro, teclas de acceso directo y perfiles, entre otras). Tambi\u00e9n puede definir resoluciones desde 200 DPI hasta 7200 DPI y todas las configuraciones pueden almacenarse en la memoria.<br \/>\nDISE\u00d1O: RGB simplificado y colorido. Mejora tu estilo con la luz de fondo que se activa con 7 deslumbrantes colores LED.<\/p>\n","protected":false},"excerpt":{"rendered":"<p>&#8211;<\/p>\n","protected":false},"featured_media":17721,"template":"","meta":[],"pwb-brand":[],"product_brand":[],"product_cat":[192],"product_tag":[],"class_list":{"0":"post-17614","1":"product","2":"type-product","3":"status-publish","4":"has-post-thumbnail","6":"product_cat-192","8":"first","9":"outofstock","10":"taxable","11":"shipping-taxable","12":"purchasable","13":"product-type-simple"},"brands":[],"_links":{"self":[{"href":"https:\/\/tmp.compunegocios.com.pe\/index.php\/wp-json\/wp\/v2\/product\/17614","targetHints":{"allow":["GET"]}}],"collection":[{"href":"https:\/\/tmp.compunegocios.com.pe\/index.php\/wp-json\/wp\/v2\/product"}],"about":[{"href":"https:\/\/tmp.compunegocios.com.pe\/index.php\/wp-json\/wp\/v2\/types\/product"}],"wp:featuredmedia":[{"embeddable":true,"href":"https:\/\/tmp.compunegocios.com.pe\/index.php\/wp-json\/wp\/v2\/media\/17721"}],"wp:attachment":[{"href":"https:\/\/tmp.compunegocios.com.pe\/index.php\/wp-json\/wp\/v2\/media?parent=17614"}],"wp:term":[{"taxonomy":"pwb-brand","embeddable":true,"href":"https:\/\/tmp.compunegocios.com.pe\/index.php\/wp-json\/wp\/v2\/pwb-brand?post=17614"},{"taxonomy":"product_brand","embeddable":true,"href":"https:\/\/tmp.compunegocios.com.pe\/index.php\/wp-json\/wp\/v2\/product_brand?post=17614"},{"taxonomy":"product_cat","embeddable":true,"href":"https:\/\/tmp.compunegocios.com.pe\/index.php\/wp-json\/wp\/v2\/product_cat?post=17614"},{"taxonomy":"product_tag","embeddable":true,"href":"https:\/\/tmp.compunegocios.com.pe\/index.php\/wp-json\/wp\/v2\/product_tag?post=17614"}],"curies":[{"name":"wp","href":"https:\/\/api.w.org\/{rel}","templated":true}]}}