{"id":17624,"date":"2024-09-17T18:19:35","date_gmt":"2024-09-17T18:19:35","guid":{"rendered":"http:\/\/compunegocios.com.pe\/index.php\/product\/monitor-viewsonic-27-led-va2735-h-ips-vga-hdmi\/"},"modified":"2025-08-19T16:24:25","modified_gmt":"2025-08-19T16:24:25","slug":"monitor-viewsonic-27-led-va2735-h-ips-vga-hdmi","status":"publish","type":"product","link":"https:\/\/tmp.compunegocios.com.pe\/index.php\/product\/monitor-viewsonic-27-led-va2735-h-ips-vga-hdmi\/","title":{"rendered":"MONITOR VIEWSONIC 27&#8243; LED VA2735-H IPS VGA HDMI"},"content":{"rendered":"<p>MONITOR VIEWSONIC 27&#8243; LED VA2735-H IPS VGA HDMI<\/p>\n<p>Tama\u00f1o de pantalla:\t27<br \/>\n\u00c1rea visible (pulg.):\t27<br \/>\nTipo de panel:\tIPS<br \/>\nResoluci\u00f3n de pantalla:\t1920 x 1080<br \/>\nResoluci\u00f3n de pantalla: \tFull HD (1920&#215;1080)<br \/>\nRelaci\u00f3n de contraste est\u00e1tico:\t1.000:1<br \/>\nRelaci\u00f3n de contraste din\u00e1mico:\t50.000.000:1<br \/>\nFuente de luz: \tLED<br \/>\nBrillo:\t250 cd\/m2<br \/>\nColores:\t16,7M<br \/>\nCompatibilidad con espacio de color:\t8 bits (6 bits + Hi-FRC)<br \/>\nRelaci\u00f3n de aspecto: \t16:09<br \/>\nTiempo de respuesta (GTG con OD):\t4 ms<br \/>\n\u00c1ngulos de visi\u00f3n: \t178\u00ba horizontal, 178\u00ba vertical<br \/>\nVida \u00fatil de la retroiluminaci\u00f3n (horas): \t30.000<br \/>\nSuperficie del panel: \ttipo antideslumbrante, revestimiento duro (3H), neblina 25%<br \/>\nResoluci\u00f3n de PC (m\u00e1xima): \t1920&#215;1080<br \/>\nResoluci\u00f3n Mac\u00ae (m\u00e1xima): \t1920&#215;1080<br \/>\nVGA: \t1<br \/>\nHDMI 1,4 entradas:\t1<br \/>\nModo Eco (Conservar): \t20<br \/>\nModo Eco (optimizado):\t25<br \/>\nConsumo (t\u00edpico):\t30<br \/>\nConsumo (m\u00e1x.): \t33<br \/>\nVoltaje:\tCA 100-240 V (universal), 50-60 Hz<br \/>\nEn espera: \t0,3<br \/>\nFuente de alimentaci\u00f3n: \tinterna<br \/>\nOrganizaci\u00f3n de cables:\tNo<br \/>\nRanura de bloqueo Kensington: \t1<br \/>\nControles f\u00edsicos: \tTecla 1 (favorito), Tecla 2, Tecla 3, Tecla 4, Tecla 5 (encendido)<br \/>\nVisualizaci\u00f3n en pantalla: \tSelecci\u00f3n de entrada, Modo de visualizaci\u00f3n, Ajuste de color, Ajuste de imagen manual, Men\u00fa de configuraci\u00f3n<br \/>\nTemperatura:\t32-104\u00ba F (0 &#8211; 40\u00ba C)<br \/>\nHumedad (sin condensaci\u00f3n):\t20-90%<br \/>\nCompatible con VESA: \t100 x 100 mm<br \/>\nFrecuencia horizontal:\tVGA: 24 ~ 86 KHz | HDMI 1.4: 24 ~ 86 KHz<br \/>\nFrecuencia Vertical:\tVGA: 48 ~ 75 Hz | HDMI 1.4: 48 ~ 75 Hz<br \/>\nInclinaci\u00f3n (Adelante\/Atr\u00e1s):\t5\u00ba \/ 20\u00ba<br \/>\nNeto (libras):\t9,9<br \/>\nNeto sin soporte (libras): \t8,8<br \/>\nBruto (libras):\t13,2<br \/>\nNeto (kg): \t4,5<br \/>\nRed sin soporte (kg): \t4<br \/>\nBruto (kg): \t6<br \/>\nEmbalaje (pulg.): \t27,4 pulgadas (ancho) x 18,1 pulgadas (alto) x 5,7 pulgadas (profundidad)<br \/>\nF\u00edsica (pulg.): \t24,2 pulgadas (ancho) x 18 pulgadas (alto) x 8,9 pulgadas (profundidad)<br \/>\nF\u00edsica sin soporte (pulg.): \t24,2 pulgadas (ancho) x 14,3 pulgadas (alto) x 1,8 pulgadas (profundidad)<br \/>\nEmbalaje (mm):\t695 mm (An) x 460 mm (Al) x 145 mm (Pr)<br \/>\nF\u00edsicas (mm):\t615 mm (ancho) x 458 mm (alto) x 225 mm (profundidad)<br \/>\nF\u00edsicas sin soporte (mm): \t615 mm (ancho) x 364 mm (alto) x 46 mm (profundidad)<br \/>\nRegulaciones: \tNOM, Energ\u00eda M\u00e9xico<br \/>\nContenido del paquete: \tPantalla LCD, Cable de alimentaci\u00f3n, Cable HDMI, Gu\u00eda de inicio r\u00e1pido<\/p>\n","protected":false},"excerpt":{"rendered":"<p>&#8211;<\/p>\n","protected":false},"featured_media":17744,"template":"","meta":[],"pwb-brand":[],"product_brand":[],"product_cat":[178],"product_tag":[],"class_list":{"0":"post-17624","1":"product","2":"type-product","3":"status-publish","4":"has-post-thumbnail","6":"product_cat-178","8":"first","9":"instock","10":"taxable","11":"shipping-taxable","12":"purchasable","13":"product-type-simple"},"brands":[],"_links":{"self":[{"href":"https:\/\/tmp.compunegocios.com.pe\/index.php\/wp-json\/wp\/v2\/product\/17624","targetHints":{"allow":["GET"]}}],"collection":[{"href":"https:\/\/tmp.compunegocios.com.pe\/index.php\/wp-json\/wp\/v2\/product"}],"about":[{"href":"https:\/\/tmp.compunegocios.com.pe\/index.php\/wp-json\/wp\/v2\/types\/product"}],"wp:featuredmedia":[{"embeddable":true,"href":"https:\/\/tmp.compunegocios.com.pe\/index.php\/wp-json\/wp\/v2\/media\/17744"}],"wp:attachment":[{"href":"https:\/\/tmp.compunegocios.com.pe\/index.php\/wp-json\/wp\/v2\/media?parent=17624"}],"wp:term":[{"taxonomy":"pwb-brand","embeddable":true,"href":"https:\/\/tmp.compunegocios.com.pe\/index.php\/wp-json\/wp\/v2\/pwb-brand?post=17624"},{"taxonomy":"product_brand","embeddable":true,"href":"https:\/\/tmp.compunegocios.com.pe\/index.php\/wp-json\/wp\/v2\/product_brand?post=17624"},{"taxonomy":"product_cat","embeddable":true,"href":"https:\/\/tmp.compunegocios.com.pe\/index.php\/wp-json\/wp\/v2\/product_cat?post=17624"},{"taxonomy":"product_tag","embeddable":true,"href":"https:\/\/tmp.compunegocios.com.pe\/index.php\/wp-json\/wp\/v2\/product_tag?post=17624"}],"curies":[{"name":"wp","href":"https:\/\/api.w.org\/{rel}","templated":true}]}}