{"id":17681,"date":"2024-09-20T15:50:21","date_gmt":"2024-09-20T15:50:21","guid":{"rendered":"http:\/\/compunegocios.com.pe\/index.php\/product\/parlante-micronics-zoom-2-azul\/"},"modified":"2025-08-19T16:24:27","modified_gmt":"2025-08-19T16:24:27","slug":"parlante-micronics-zoom-2-azul","status":"publish","type":"product","link":"https:\/\/tmp.compunegocios.com.pe\/index.php\/product\/parlante-micronics-zoom-2-azul\/","title":{"rendered":"PARLANTE MICRONICS S402B ZOOM 2 AZUL"},"content":{"rendered":"<p>PARLANTE MICRONICS S402B ZOOM 2 AZUL<\/p>\n<p>Sistema Power Sound Portable 2.0<br \/>\nParlantes: 2&#8243;.<br \/>\nAlimentaci\u00f3n de Energ\u00eda por Conexi\u00f3n USB.<br \/>\nControl de Volumen en L\u00ednea.<br \/>\nConector Jack 3.5 mm.<br \/>\nAcabado Brillante.<br \/>\nMaterial: ABS.<br \/>\nCompatible con: Computadoras, TV, DVD, Laptop y Otros Equipos de Audio.<\/p>\n","protected":false},"excerpt":{"rendered":"<p>&#8211;<\/p>\n","protected":false},"featured_media":17749,"template":"","meta":[],"pwb-brand":[],"product_brand":[],"product_cat":[159],"product_tag":[],"class_list":{"0":"post-17681","1":"product","2":"type-product","3":"status-publish","4":"has-post-thumbnail","6":"product_cat-159","8":"first","9":"instock","10":"taxable","11":"shipping-taxable","12":"purchasable","13":"product-type-simple"},"brands":[],"_links":{"self":[{"href":"https:\/\/tmp.compunegocios.com.pe\/index.php\/wp-json\/wp\/v2\/product\/17681","targetHints":{"allow":["GET"]}}],"collection":[{"href":"https:\/\/tmp.compunegocios.com.pe\/index.php\/wp-json\/wp\/v2\/product"}],"about":[{"href":"https:\/\/tmp.compunegocios.com.pe\/index.php\/wp-json\/wp\/v2\/types\/product"}],"wp:featuredmedia":[{"embeddable":true,"href":"https:\/\/tmp.compunegocios.com.pe\/index.php\/wp-json\/wp\/v2\/media\/17749"}],"wp:attachment":[{"href":"https:\/\/tmp.compunegocios.com.pe\/index.php\/wp-json\/wp\/v2\/media?parent=17681"}],"wp:term":[{"taxonomy":"pwb-brand","embeddable":true,"href":"https:\/\/tmp.compunegocios.com.pe\/index.php\/wp-json\/wp\/v2\/pwb-brand?post=17681"},{"taxonomy":"product_brand","embeddable":true,"href":"https:\/\/tmp.compunegocios.com.pe\/index.php\/wp-json\/wp\/v2\/product_brand?post=17681"},{"taxonomy":"product_cat","embeddable":true,"href":"https:\/\/tmp.compunegocios.com.pe\/index.php\/wp-json\/wp\/v2\/product_cat?post=17681"},{"taxonomy":"product_tag","embeddable":true,"href":"https:\/\/tmp.compunegocios.com.pe\/index.php\/wp-json\/wp\/v2\/product_tag?post=17681"}],"curies":[{"name":"wp","href":"https:\/\/api.w.org\/{rel}","templated":true}]}}