{"id":17685,"date":"2024-09-20T16:43:33","date_gmt":"2024-09-20T16:43:33","guid":{"rendered":"http:\/\/compunegocios.com.pe\/index.php\/product\/microfono-flexible-para-computadora-puerto-usb-m-309\/"},"modified":"2025-08-19T16:24:30","modified_gmt":"2025-08-19T16:24:30","slug":"microfono-flexible-para-computadora-puerto-usb-m-309","status":"publish","type":"product","link":"https:\/\/tmp.compunegocios.com.pe\/index.php\/product\/microfono-flexible-para-computadora-puerto-usb-m-309\/","title":{"rendered":"MICROFONO FLEXIBLE PARA COMPUTADORA PUERTO USB M-309"},"content":{"rendered":"<p>Micr\u00f3fono Flexible Usb M-309<\/p>\n<p>&#8211; Perfecto para trabajar desde casa.<br \/>\n&#8211; Ideal para reuniones en l\u00ednea, chat en l\u00ednea, juegos, grabaci\u00f3n de voz, etc.<br \/>\n&#8211; Base resistente, con almohadillas antideslizantes, puede colocarse de manera constante y estable sobre la mesa.<br \/>\n&#8211; Lo suficientemente flexible como para ser un micr\u00f3fono omnidireccional.<br \/>\n&#8211; Buena calidad de construcci\u00f3n, ligero y port\u00e1til.<br \/>\n&#8211; F\u00e1cil de usar, realmente plug and play.<\/p>\n","protected":false},"excerpt":{"rendered":"<p>&#8211;<\/p>\n","protected":false},"featured_media":17763,"template":"","meta":[],"pwb-brand":[],"product_brand":[],"product_cat":[158],"product_tag":[],"class_list":{"0":"post-17685","1":"product","2":"type-product","3":"status-publish","4":"has-post-thumbnail","6":"product_cat-158","8":"first","9":"outofstock","10":"taxable","11":"shipping-taxable","12":"purchasable","13":"product-type-simple"},"brands":[],"_links":{"self":[{"href":"https:\/\/tmp.compunegocios.com.pe\/index.php\/wp-json\/wp\/v2\/product\/17685","targetHints":{"allow":["GET"]}}],"collection":[{"href":"https:\/\/tmp.compunegocios.com.pe\/index.php\/wp-json\/wp\/v2\/product"}],"about":[{"href":"https:\/\/tmp.compunegocios.com.pe\/index.php\/wp-json\/wp\/v2\/types\/product"}],"wp:featuredmedia":[{"embeddable":true,"href":"https:\/\/tmp.compunegocios.com.pe\/index.php\/wp-json\/wp\/v2\/media\/17763"}],"wp:attachment":[{"href":"https:\/\/tmp.compunegocios.com.pe\/index.php\/wp-json\/wp\/v2\/media?parent=17685"}],"wp:term":[{"taxonomy":"pwb-brand","embeddable":true,"href":"https:\/\/tmp.compunegocios.com.pe\/index.php\/wp-json\/wp\/v2\/pwb-brand?post=17685"},{"taxonomy":"product_brand","embeddable":true,"href":"https:\/\/tmp.compunegocios.com.pe\/index.php\/wp-json\/wp\/v2\/product_brand?post=17685"},{"taxonomy":"product_cat","embeddable":true,"href":"https:\/\/tmp.compunegocios.com.pe\/index.php\/wp-json\/wp\/v2\/product_cat?post=17685"},{"taxonomy":"product_tag","embeddable":true,"href":"https:\/\/tmp.compunegocios.com.pe\/index.php\/wp-json\/wp\/v2\/product_tag?post=17685"}],"curies":[{"name":"wp","href":"https:\/\/api.w.org\/{rel}","templated":true}]}}